{"id":10060,"date":"2023-04-19T10:38:29","date_gmt":"2023-04-19T08:38:29","guid":{"rendered":"https:\/\/www.fundacionsancebrian.com\/portal\/?page_id=10060"},"modified":"2023-05-19T11:23:20","modified_gmt":"2023-05-19T09:23:20","slug":"la-politica-esta-en-el-aire","status":"publish","type":"page","link":"https:\/\/www.fundacionsancebrian.com\/portal\/la-politica-esta-en-el-aire\/","title":{"rendered":"La pol\u00edtica esta en el aire"},"content":{"rendered":"<div id=\"pl-10060\"  class=\"panel-layout\" ><div id=\"pg-10060-0\"  class=\"panel-grid panel-no-style\" ><div id=\"pgc-10060-0-0\"  class=\"panel-grid-cell\" ><div id=\"panel-10060-0-0-0\" class=\"so-panel widget widget_sow-editor panel-first-child panel-last-child\" data-index=\"0\" ><div\n\t\t\t\n\t\t\tclass=\"so-widget-sow-editor so-widget-sow-editor-base\"\n\t\t\t\n\t\t>\n<div class=\"siteorigin-widget-tinymce textwidget\">\n\t<h1><a href=\"https:\/\/www.fundacionsancebrian.com\/portal\/wp-content\/uploads\/2023\/04\/Banner-Politica--e1681895604582.png\"><img fetchpriority=\"high\" fetchpriority=\"high\" decoding=\"async\" class=\"aligncenter wp-image-10065 size-large\" src=\"https:\/\/www.fundacionsancebrian.com\/portal\/wp-content\/uploads\/2023\/04\/Banner-Politica--e1681895604582-1024x258.png\" alt=\"\" width=\"720\" height=\"181\" srcset=\"https:\/\/www.fundacionsancebrian.com\/portal\/wp-content\/uploads\/2023\/04\/Banner-Politica--e1681895604582-1024x258.png 1024w, https:\/\/www.fundacionsancebrian.com\/portal\/wp-content\/uploads\/2023\/04\/Banner-Politica--e1681895604582-300x75.png 300w, https:\/\/www.fundacionsancebrian.com\/portal\/wp-content\/uploads\/2023\/04\/Banner-Politica--e1681895604582-768x193.png 768w, https:\/\/www.fundacionsancebrian.com\/portal\/wp-content\/uploads\/2023\/04\/Banner-Politica--e1681895604582-600x151.png 600w, https:\/\/www.fundacionsancebrian.com\/portal\/wp-content\/uploads\/2023\/04\/Banner-Politica--e1681895604582.png 1061w\" sizes=\"(max-width: 720px) 100vw, 720px\" \/><\/a><\/h1>\n<hr \/>\n<p>La pol\u00edtica tiene que ser f\u00e1cil y sencilla para todas las personas.<\/p>\n<p>Bajo esta premisa el Grupo Fundaci\u00f3n San Cebri\u00e1n arranca ma\u00f1ana, jueves, 20 de abril, el ciclo de entrevistas radiof\u00f3nicas \u2018La pol\u00edtica est\u00e1 en el aire\u2019, cuyo objetivo es entrevistar a los 6 candidatos a la Alcald\u00eda de Palencia de los partidos mayoritarios de cara a las pr\u00f3ximas elecciones de mayo.<\/p>\n<p>Una de las emisoras inclusivas de la entidad, Emoci\u00f3nate Radio y sus 7 periodistas ser\u00e1n los encargados de realizar las entrevistas -en las que se lanzar\u00e1n las mismas preguntas a todos los candidatos-. \u201cQueremos conocer qu\u00e9 pueden hacer los pol\u00edticos por la ciudad y por nosotros de una forma cercana, por eso creemos que poner en marcha este ciclo har\u00e1 que conozcamos mejor lo que quieren hacer y que conozcan tambi\u00e9n nuestras necesidades y preocupaciones, porque las preguntas que les haremos las hemos elegido nosotros\u201d, apuntaron desde Emoci\u00f3nate Radio.<\/p>\n<p>Todas las entrevistas ser\u00e1n en directo y podr\u00e1n seguir de forma presencial, ya que los programas se realizar\u00e1n fuera de la sede de la entidad, en la Plaza Juan XXIII 5 Bajo y adem\u00e1s podr\u00e1n seguir online a trav\u00e9s del Canal de Youtube de la entidad.<\/p>\n<\/div>\n<\/div><\/div><\/div><\/div><div id=\"pg-10060-1\"  class=\"panel-grid panel-no-style\" ><div id=\"pgc-10060-1-0\"  class=\"panel-grid-cell panel-grid-cell-mobile-last\" ><div id=\"panel-10060-1-0-0\" class=\"so-panel widget widget_sow-editor panel-first-child panel-last-child\" data-index=\"1\" ><div\n\t\t\t\n\t\t\tclass=\"so-widget-sow-editor so-widget-sow-editor-base\"\n\t\t\t\n\t\t>\n<div class=\"siteorigin-widget-tinymce textwidget\">\n\t<h1>Programaci\u00f3n<\/h1>\n<hr \/>\n<p>El ciclo \u2018La pol\u00edtica est\u00e1 en el aire\u2019 consta de un total de 6 programas de radio:<\/p>\n<p>Jueves 20 de abril. A las 13 horas.<br \/>\n<strong><span style=\"color: #3366ff;\">PP<\/span> Alfonso Polanco<\/strong>.<\/p>\n<p>Jueves 27 de abril. A las 11 horas.<br \/>\n<strong><span style=\"color: #ff0000;\">PSOE<\/span> Miriam Andr\u00e9s<\/strong>.<\/p>\n<p>Jueves 4 de mayo. A las 11 horas.<br \/>\n<span style=\"color: #cc99ff;\"><strong>Vamos Palencia <\/strong><\/span><strong>Domiciano Curiel<\/strong>.<\/p>\n<p>Jueves, 11 de mayo. A las 11 horas.<br \/>\n<strong><span style=\"color: #ff9900;\">Ciudadanos<\/span> Mario Sim\u00f3n<\/strong>.<\/p>\n<p>Jueves, 18 mayo. A las 11 horas.<br \/>\n<span style=\"color: #99cc00;\"><strong>VOX Palencia <\/strong><\/span><strong>Sonia Lalanda<\/strong>.<\/p>\n<p>Jueves, 18 de mayo. A las 12,15 horas.<br \/>\n<span style=\"color: #993366;\"><strong>Izquierda Unida-Podemos <\/strong><\/span><strong>Rodrigo San Mart\u00edn<\/strong>.<\/p>\n<p>&nbsp;<\/p>\n<\/div>\n<\/div><\/div><\/div><div id=\"pgc-10060-1-1\"  class=\"panel-grid-cell panel-grid-cell-empty\" ><\/div><\/div><div id=\"pg-10060-2\"  class=\"panel-grid panel-no-style\" ><div id=\"pgc-10060-2-0\"  class=\"panel-grid-cell\" ><div id=\"panel-10060-2-0-0\" class=\"so-panel widget widget_sow-editor panel-first-child panel-last-child\" data-index=\"2\" ><div\n\t\t\t\n\t\t\tclass=\"so-widget-sow-editor so-widget-sow-editor-base\"\n\t\t\t\n\t\t>\n<div class=\"siteorigin-widget-tinymce textwidget\">\n\t<h1>Programas completos<\/h1>\n<hr \/>\n<div class=\"su-tabs su-tabs-style-default su-tabs-mobile-stack\" data-active=\"1\" data-scroll-offset=\"0\" data-anchor-in-url=\"no\"><div class=\"su-tabs-nav\"><span class=\"\" data-url=\"\" data-target=\"blank\" tabindex=\"0\" role=\"button\">Alfonso Polanco<\/span><span class=\"\" data-url=\"\" data-target=\"blank\" tabindex=\"0\" role=\"button\">Miriam Andr\u00e9s<\/span><span class=\"\" data-url=\"\" data-target=\"blank\" tabindex=\"0\" role=\"button\">Domiciano Curiel<\/span><span class=\"\" data-url=\"\" data-target=\"blank\" tabindex=\"0\" role=\"button\">Mario Sim\u00f3n<\/span><span class=\"\" data-url=\"\" data-target=\"blank\" tabindex=\"0\" role=\"button\">Sonia Lalanda<\/span><span class=\"\" data-url=\"\" data-target=\"blank\" tabindex=\"0\" role=\"button\">Rodrigo San Mart\u00edn<\/span><\/div><div class=\"su-tabs-panes\"><div class=\"su-tabs-pane su-u-clearfix su-u-trim\" data-title=\"Alfonso Polanco\"><div class=\"su-youtube su-u-responsive-media-yes\"><iframe width=\"600\" height=\"400\" src=\"https:\/\/www.youtube.com\/embed\/4Y3C2iESxZI?\" frameborder=\"0\" allowfullscreen allow=\"autoplay; encrypted-media; picture-in-picture\" title=\"\"><\/iframe><\/div><\/div>\n<div class=\"su-tabs-pane su-u-clearfix su-u-trim\" data-title=\"Miriam Andr\u00e9s\"><div class=\"su-youtube su-u-responsive-media-yes\"><iframe width=\"600\" height=\"400\" src=\"https:\/\/www.youtube.com\/embed\/uCXt0wMEb4I?\" frameborder=\"0\" allowfullscreen allow=\"autoplay; encrypted-media; picture-in-picture\" title=\"\"><\/iframe><\/div><\/div>\n<div class=\"su-tabs-pane su-u-clearfix su-u-trim\" data-title=\"Domiciano Curiel\"><div class=\"su-youtube su-u-responsive-media-yes\"><iframe width=\"600\" height=\"400\" src=\"https:\/\/www.youtube.com\/embed\/z73m7N2zeTU?\" frameborder=\"0\" allowfullscreen allow=\"autoplay; encrypted-media; picture-in-picture\" title=\"\"><\/iframe><\/div><\/div>\n<div class=\"su-tabs-pane su-u-clearfix su-u-trim\" data-title=\"Mario Sim\u00f3n\"><div class=\"su-youtube su-u-responsive-media-yes\"><iframe width=\"600\" height=\"400\" src=\"https:\/\/www.youtube.com\/embed\/-CC7FFloyjY?\" frameborder=\"0\" allowfullscreen allow=\"autoplay; encrypted-media; picture-in-picture\" title=\"\"><\/iframe><\/div><\/div>\n<div class=\"su-tabs-pane su-u-clearfix su-u-trim\" data-title=\"Sonia Lalanda\"><div class=\"su-youtube su-u-responsive-media-yes\"><iframe width=\"600\" height=\"400\" src=\"https:\/\/www.youtube.com\/embed\/1j1VICoVcAE?\" frameborder=\"0\" allowfullscreen allow=\"autoplay; encrypted-media; picture-in-picture\" title=\"\"><\/iframe><\/div><\/div>\n<div class=\"su-tabs-pane su-u-clearfix su-u-trim\" data-title=\"Rodrigo San Mart\u00edn\"><div class=\"su-youtube su-u-responsive-media-yes\"><iframe width=\"600\" height=\"400\" src=\"https:\/\/www.youtube.com\/embed\/dEZjb1tZSrM?\" frameborder=\"0\" allowfullscreen allow=\"autoplay; encrypted-media; picture-in-picture\" title=\"\"><\/iframe><\/div><\/div><\/div><\/div>\n<\/div>\n<\/div><\/div><\/div><\/div><\/div>","protected":false},"excerpt":{"rendered":"<p>La pol\u00edtica tiene que ser f\u00e1cil y sencilla para todas las personas. Bajo esta premisa el Grupo Fundaci\u00f3n San Cebri\u00e1n arranca ma\u00f1ana, jueves, 20 de abril, el ciclo de entrevistas radiof\u00f3nicas \u2018La pol\u00edtica est\u00e1 en el aire\u2019, cuyo objetivo es entrevistar a los 6 candidatos a la Alcald\u00eda de Palencia de los partidos mayoritarios de [&hellip;]<\/p>\n","protected":false},"author":2,"featured_media":0,"parent":0,"menu_order":0,"comment_status":"closed","ping_status":"closed","template":"","meta":{"_seopress_robots_primary_cat":"","_seopress_titles_title":"","_seopress_titles_desc":"","_seopress_robots_index":"","_eb_attr":"","footnotes":""},"categories":[],"tags":[],"class_list":["post-10060","page","type-page","status-publish","hentry","post"],"_links":{"self":[{"href":"https:\/\/www.fundacionsancebrian.com\/portal\/wp-json\/wp\/v2\/pages\/10060","targetHints":{"allow":["GET"]}}],"collection":[{"href":"https:\/\/www.fundacionsancebrian.com\/portal\/wp-json\/wp\/v2\/pages"}],"about":[{"href":"https:\/\/www.fundacionsancebrian.com\/portal\/wp-json\/wp\/v2\/types\/page"}],"author":[{"embeddable":true,"href":"https:\/\/www.fundacionsancebrian.com\/portal\/wp-json\/wp\/v2\/users\/2"}],"replies":[{"embeddable":true,"href":"https:\/\/www.fundacionsancebrian.com\/portal\/wp-json\/wp\/v2\/comments?post=10060"}],"version-history":[{"count":25,"href":"https:\/\/www.fundacionsancebrian.com\/portal\/wp-json\/wp\/v2\/pages\/10060\/revisions"}],"predecessor-version":[{"id":10372,"href":"https:\/\/www.fundacionsancebrian.com\/portal\/wp-json\/wp\/v2\/pages\/10060\/revisions\/10372"}],"wp:attachment":[{"href":"https:\/\/www.fundacionsancebrian.com\/portal\/wp-json\/wp\/v2\/media?parent=10060"}],"wp:term":[{"taxonomy":"category","embeddable":true,"href":"https:\/\/www.fundacionsancebrian.com\/portal\/wp-json\/wp\/v2\/categories?post=10060"},{"taxonomy":"post_tag","embeddable":true,"href":"https:\/\/www.fundacionsancebrian.com\/portal\/wp-json\/wp\/v2\/tags?post=10060"}],"curies":[{"name":"wp","href":"https:\/\/api.w.org\/{rel}","templated":true}]}}