{"id":10850,"date":"2023-07-13T16:38:17","date_gmt":"2023-07-13T14:38:17","guid":{"rendered":"https:\/\/www.fundacionsancebrian.com\/portal\/?page_id=10850"},"modified":"2025-12-04T11:28:00","modified_gmt":"2025-12-04T10:28:00","slug":"portada","status":"publish","type":"page","link":"https:\/\/www.fundacionsancebrian.com\/portal\/portada\/","title":{"rendered":"Portada"},"content":{"rendered":"<div id=\"pl-13952\"  class=\"panel-layout\" ><div id=\"pg-13952-0\"  class=\"panel-grid panel-no-style\" ><div id=\"pgc-13952-0-0\"  class=\"panel-grid-cell\" ><div id=\"panel-13952-0-0-0\" class=\"so-panel widget widget_sow-image panel-first-child\" data-index=\"0\" ><div class=\"panel-widget-style panel-widget-style-for-13952-0-0-0\" ><div\n\t\t\t\n\t\t\tclass=\"so-widget-sow-image so-widget-sow-image-default-4e6925654b7a-13952\"\n\t\t\t\n\t\t>\n<div class=\"sow-image-container\">\n\t\t<img \n\tsrc=\"https:\/\/www.fundacionsancebrian.com\/portal\/wp-content\/uploads\/2024\/05\/Lecturafacil1.png\" width=\"250\" height=\"50\" sizes=\"(max-width: 250px) 100vw, 250px\" alt=\"\" \t\tclass=\"so-widget-image\"\/>\n\t<\/div>\n\n<\/div><\/div><\/div><div id=\"panel-13952-0-0-1\" class=\"so-panel widget widget_sow-editor panel-last-child\" data-index=\"1\" ><div class=\"panel-widget-style panel-widget-style-for-13952-0-0-1\" ><div\n\t\t\t\n\t\t\tclass=\"so-widget-sow-editor so-widget-sow-editor-base\"\n\t\t\t\n\t\t>\n<div class=\"siteorigin-widget-tinymce textwidget\">\n\t<div style=\"font-size: 18px; line-height: 1.8em; font-family: Arial;\">\n<p><strong>M\u00e1s de 800 personas participaron en la Marcha Inclusiva.<\/strong><\/p>\n<p>La marcha empez\u00f3 en Fuentes de Valdepero.<br \/>\nY termin\u00f3 en Palencia, en el Centro de Vida Independiente<br \/>\nporque este centro cumple 10 a\u00f1os.<br \/>\nEste centro tiene diferentes servicios<br \/>\nque ayudan a las personas a vivir de forma independiente.<\/p>\n<p>Este a\u00f1o hubo 7 padrinos especiales.<br \/>\nTodos son vecinos de los barrios Ave Mar\u00eda y del Cristo.<br \/>\nEstos barrios est\u00e1n cerca del Centro de Vida Independiente.<br \/>\nLos padrinos fueron:<\/p>\n<ul>\n<li>Andr\u00e9s P\u00e9rez, un ni\u00f1o que recibe fisioterapia en el centro.<\/li>\n<li>Anastasio Gonz\u00e1lez, el p\u00e1rroco de las iglesias de los barrios.<\/li>\n<li>Miguel \u00c1ngel Lacarra, vecino que usa el servicio de fisioterapia.<\/li>\n<li>Gloria Garc\u00eda, due\u00f1a de una tienda del barrio, ahora jubilada.<\/li>\n<li>Celia D\u00edaz, vecina que usa el servicio de fisioterapia.<\/li>\n<li>Carolina Triana, vecina que va al centro de d\u00eda.<\/li>\n<li>Un representante del bar 979.<\/li>\n<\/ul>\n<p>Eva del R\u00edo, gerente del Grupo Fundaci\u00f3n San Cebri\u00e1n<br \/>\ndio las gracias a todos los participantes.<br \/>\nY tambi\u00e9n dijo que el trabajo del centro tiene sentido gracias a la comunidad.<\/p>\n<p>Cuando los participantes llegaron a Palencia hubo un concierto.<br \/>\ndel grupo musical Winters.<br \/>\nDespu\u00e9s hubo comida para todos los participantes.<br \/>\nLa comida la prepar\u00f3 el cocinero Roberto Espeso<br \/>\ncon ayuda de personas con discapacidad<br \/>\nque se han formado en para trabajar en cocina.<br \/>\nAl final hubo un sorteo con m\u00e1s de 80 regalos<br \/>\nque dieron m\u00e1s de 50 colaboradores de la Fundaci\u00f3n.<\/p>\n<\/div>\n<\/div>\n<\/div><\/div><\/div><\/div><div id=\"pgc-13952-0-1\"  class=\"panel-grid-cell\" ><div id=\"panel-13952-0-1-0\" class=\"so-panel widget widget_sow-image panel-first-child\" data-index=\"2\" ><div class=\"panel-widget-style panel-widget-style-for-13952-0-1-0\" ><div\n\t\t\t\n\t\t\tclass=\"so-widget-sow-image so-widget-sow-image-default-4e6925654b7a-13952\"\n\t\t\t\n\t\t>\n<div class=\"sow-image-container\">\n\t\t<img \n\tsrc=\"https:\/\/www.fundacionsancebrian.com\/portal\/wp-content\/uploads\/2024\/10\/Glosario.png\" width=\"250\" height=\"50\" sizes=\"(max-width: 250px) 100vw, 250px\" title=\"#bf360c\" alt=\"\" \t\tclass=\"so-widget-image\"\/>\n\t<\/div>\n\n<\/div><\/div><\/div><div id=\"panel-13952-0-1-1\" class=\"so-panel widget widget_sow-editor panel-last-child\" data-index=\"3\" ><div class=\"panel-widget-style panel-widget-style-for-13952-0-1-1\" ><div\n\t\t\t\n\t\t\tclass=\"so-widget-sow-editor so-widget-sow-editor-base\"\n\t\t\t\n\t\t>\n<div class=\"siteorigin-widget-tinymce textwidget\">\n\t<audio class=\"wp-audio-shortcode\" id=\"audio-13952-1\" preload=\"none\" style=\"width: 100%;\" controls=\"controls\"><source type=\"audio\/mpeg\" src=\"https:\/\/www.fundacionsancebrian.com\/portal\/wp-content\/uploads\/2025\/09\/Palencia_en_Pie__800_Personas_y_Diez_Anos_de_Inclusion_Celebran.mp3?_=1\" \/><a href=\"https:\/\/www.fundacionsancebrian.com\/portal\/wp-content\/uploads\/2025\/09\/Palencia_en_Pie__800_Personas_y_Diez_Anos_de_Inclusion_Celebran.mp3\">https:\/\/www.fundacionsancebrian.com\/portal\/wp-content\/uploads\/2025\/09\/Palencia_en_Pie__800_Personas_y_Diez_Anos_de_Inclusion_Celebran.mp3<\/a><\/audio>\n<\/div>\n<\/div><\/div><\/div><\/div><\/div><div id=\"pg-13952-1\"  class=\"panel-grid panel-no-style\" ><div id=\"pgc-13952-1-0\"  class=\"panel-grid-cell\" ><div id=\"panel-13952-1-0-0\" class=\"so-panel widget widget_sow-editor panel-first-child panel-last-child\" data-index=\"4\" ><div\n\t\t\t\n\t\t\tclass=\"so-widget-sow-editor so-widget-sow-editor-base\"\n\t\t\t\n\t\t><h3 class=\"widget-title\">Los 10 a\u00f1os del Centro de Vida Independiente ha sido la tem\u00e1tica de la Marcha de este a\u00f1o. <\/h3>\n<div class=\"siteorigin-widget-tinymce textwidget\">\n\t<div class=\"x_elementToProof\" data-olk-copy-source=\"MessageBody\">El Grupo Fundaci\u00f3n San Cebri\u00e1n ha congregado a m\u00e1s de 800 personas en su tradicional Marcha Inclusiva, que este a\u00f1o, coincidiendo con el d\u00e9cimo aniversario de la apertura del Centro de Vida Independiente Fidel Ramos, ha finalizado precisamente en los entornos del Centro, ubicado en el Paseo del Otero de Palencia.<\/div>\n<div class=\"x_elementToProof\"><\/div>\n<div class=\"x_elementToProof\">La Marcha arranc\u00f3 en torno a las 11 horas de Fuentes de Valdepero con la presencia de distintas autoridades y junto a los padrinos de la marcha, los 7 padrinos, todos ellos vecinos de los Barrios del Ave Mar\u00eda y del Cristo como homenaje y reconocimiento a la comunidad que acoge precisamente al Centro de Vida Independiente. Entre los padrinos, un ni\u00f1o, Andr\u00e9s P\u00e9rez , usuario del servicio de fisioterapia del Centro, cuya madre quiso \"<i>agradecer la oportunidad de hacerle padrino de la Marcha a su hijo y darnos la oportunidad de dar a conocer a los que nos rodea el caso de Andr\u00e9s, una enfermedad ultrarara\" para que se siga investigando, apunt\u00f3 su madre. <\/i><\/div>\n<div class=\"x_elementToProof\"><i>\u00a0<\/i><\/div>\n<div class=\"x_elementToProof\"><i><a href=\"https:\/\/www.fundacionsancebrian.com\/portal\/wp-content\/uploads\/2025\/09\/20250927_103644-scaled.jpg\"><img fetchpriority=\"high\" fetchpriority=\"high\" decoding=\"async\" class=\"size-large wp-image-13955 alignright\" src=\"https:\/\/www.fundacionsancebrian.com\/portal\/wp-content\/uploads\/2025\/09\/20250927_103644-1024x473.jpg\" alt=\"\" width=\"720\" height=\"333\" srcset=\"https:\/\/www.fundacionsancebrian.com\/portal\/wp-content\/uploads\/2025\/09\/20250927_103644-1024x473.jpg 1024w, https:\/\/www.fundacionsancebrian.com\/portal\/wp-content\/uploads\/2025\/09\/20250927_103644-300x139.jpg 300w, https:\/\/www.fundacionsancebrian.com\/portal\/wp-content\/uploads\/2025\/09\/20250927_103644-768x355.jpg 768w, https:\/\/www.fundacionsancebrian.com\/portal\/wp-content\/uploads\/2025\/09\/20250927_103644-1536x710.jpg 1536w, https:\/\/www.fundacionsancebrian.com\/portal\/wp-content\/uploads\/2025\/09\/20250927_103644-2048x946.jpg 2048w\" sizes=\"(max-width: 720px) 100vw, 720px\" \/><\/a>El resto de padrinos de este a\u00f1o han sido Anastasio Gonz\u00e1lez, p\u00e1rroco de las dos iglesias de los dos barrios; Miguel \u00c1ngel Lacarra, vecino del barrio y usuario del servicio de Fisioterapia del centro; Gloria Garc\u00eda, ya jubilada y propietaria de una tienda del barrio; Celia D\u00edaz, vecina tambi\u00e9n del barrio y usuaria del servicio de fisio;\u00a0 Carolina Triana,\u00a0 vecina del barrio y usuaria del centro de d\u00eda; y un representante de los bares de la zona, concretamente del bar 979<\/i><\/div>\n<div class=\"x_elementToProof\"><i>\u00a0<\/i><\/div>\n<div class=\"x_elementToProof\">La gerente de la entidad, Eva del R\u00edo destac\u00f3 durante el inicio que \"<i>es un gusto ver, este a\u00f1o, la Plaza de Fuentes llena de tantas personas, a las que sin duda quiero dar las gracias por venir, por estar y por caminar con cada uno de nosotros, porque sin la comunidad, sin las personas, sin la gente el trabajo diario no tendr\u00eda sentido\".<\/i><\/div>\n<div class=\"x_elementToProof\"><\/div>\n<div class=\"x_elementToProof\">A la llegada de los primeros andarines, dio comienzo el concierto del grupo musical <em>Winters<\/em>, antes del reparto de comida - realizada un a\u00f1o m\u00e1s por el cocinero Roberto Espeso-acompa\u00f1ado por personas con discapacidad formados en cocina.<\/div>\n<div class=\"x_elementToProof\"><\/div>\n<div class=\"x_elementToProof\">Tras la comida, se celebr\u00f3 el tradicional sorteo con m\u00e1s de 80 regalos, gracias a los m\u00e1s de 50 colaboradores y proveedores que siempre conf\u00edan en la entidad.<\/div>\n<div><\/div>\n<div>\n\n\t\t<style type=\"text\/css\">\n\t\t\t#gallery-1 {\n\t\t\t\tmargin: auto;\n\t\t\t}\n\t\t\t#gallery-1 .gallery-item {\n\t\t\t\tfloat: left;\n\t\t\t\tmargin-top: 10px;\n\t\t\t\ttext-align: center;\n\t\t\t\twidth: 33%;\n\t\t\t}\n\t\t\t#gallery-1 img {\n\t\t\t\tborder: 2px solid #cfcfcf;\n\t\t\t}\n\t\t\t#gallery-1 .gallery-caption {\n\t\t\t\tmargin-left: 0;\n\t\t\t}\n\t\t\t\/* see gallery_shortcode() in wp-includes\/media.php *\/\n\t\t<\/style>\n\t\t<div id='gallery-1' class='gallery galleryid-13952 gallery-columns-3 gallery-size-thumbnail'><dl class='gallery-item'>\n\t\t\t<dt class='gallery-icon landscape'>\n\t\t\t\t<a href='https:\/\/www.fundacionsancebrian.com\/portal\/mas-de-800-personas-participan-en-la-xvi-marcha-inclusiva-una-comunidad-de-10-que-ha-recorrido-12-km-entre-fuentes-de-valdepero-y-palencia\/20250927_130603\/#main'><img loading=\"lazy\" decoding=\"async\" width=\"150\" height=\"150\" src=\"https:\/\/www.fundacionsancebrian.com\/portal\/wp-content\/uploads\/2025\/09\/20250927_130603-150x150.jpg\" class=\"attachment-thumbnail size-thumbnail\" alt=\"\" aria-describedby=\"gallery-1-13960\" srcset=\"https:\/\/www.fundacionsancebrian.com\/portal\/wp-content\/uploads\/2025\/09\/20250927_130603-150x150.jpg 150w, https:\/\/www.fundacionsancebrian.com\/portal\/wp-content\/uploads\/2025\/09\/20250927_130603-375x375.jpg 375w\" sizes=\"(max-width: 150px) 100vw, 150px\" \/><\/a>\n\t\t\t<\/dt>\n\t\t\t\t<dd class='wp-caption-text gallery-caption' id='gallery-1-13960'>\n\t\t\t\tMarcha Inclusiva\n\t\t\t\t<\/dd><\/dl><dl class='gallery-item'>\n\t\t\t<dt class='gallery-icon portrait'>\n\t\t\t\t<a href='https:\/\/www.fundacionsancebrian.com\/portal\/mas-de-800-personas-participan-en-la-xvi-marcha-inclusiva-una-comunidad-de-10-que-ha-recorrido-12-km-entre-fuentes-de-valdepero-y-palencia\/20250927_123608\/#main'><img loading=\"lazy\" decoding=\"async\" width=\"150\" height=\"150\" src=\"https:\/\/www.fundacionsancebrian.com\/portal\/wp-content\/uploads\/2025\/09\/20250927_123608-150x150.jpg\" class=\"attachment-thumbnail size-thumbnail\" alt=\"\" aria-describedby=\"gallery-1-13959\" srcset=\"https:\/\/www.fundacionsancebrian.com\/portal\/wp-content\/uploads\/2025\/09\/20250927_123608-150x150.jpg 150w, https:\/\/www.fundacionsancebrian.com\/portal\/wp-content\/uploads\/2025\/09\/20250927_123608-375x375.jpg 375w\" sizes=\"(max-width: 150px) 100vw, 150px\" \/><\/a>\n\t\t\t<\/dt>\n\t\t\t\t<dd class='wp-caption-text gallery-caption' id='gallery-1-13959'>\n\t\t\t\tMarcha Inclusiva\n\t\t\t\t<\/dd><\/dl><dl class='gallery-item'>\n\t\t\t<dt class='gallery-icon portrait'>\n\t\t\t\t<a href='https:\/\/www.fundacionsancebrian.com\/portal\/mas-de-800-personas-participan-en-la-xvi-marcha-inclusiva-una-comunidad-de-10-que-ha-recorrido-12-km-entre-fuentes-de-valdepero-y-palencia\/20250927_114013\/#main'><img loading=\"lazy\" decoding=\"async\" width=\"150\" height=\"150\" src=\"https:\/\/www.fundacionsancebrian.com\/portal\/wp-content\/uploads\/2025\/09\/20250927_114013-150x150.jpg\" class=\"attachment-thumbnail size-thumbnail\" alt=\"\" aria-describedby=\"gallery-1-13958\" srcset=\"https:\/\/www.fundacionsancebrian.com\/portal\/wp-content\/uploads\/2025\/09\/20250927_114013-150x150.jpg 150w, https:\/\/www.fundacionsancebrian.com\/portal\/wp-content\/uploads\/2025\/09\/20250927_114013-375x375.jpg 375w\" sizes=\"(max-width: 150px) 100vw, 150px\" \/><\/a>\n\t\t\t<\/dt>\n\t\t\t\t<dd class='wp-caption-text gallery-caption' id='gallery-1-13958'>\n\t\t\t\tMarcha Inclusiva\n\t\t\t\t<\/dd><\/dl><br style=\"clear: both\" \/><dl class='gallery-item'>\n\t\t\t<dt class='gallery-icon portrait'>\n\t\t\t\t<a href='https:\/\/www.fundacionsancebrian.com\/portal\/mas-de-800-personas-participan-en-la-xvi-marcha-inclusiva-una-comunidad-de-10-que-ha-recorrido-12-km-entre-fuentes-de-valdepero-y-palencia\/20250927_110219\/#main'><img loading=\"lazy\" decoding=\"async\" width=\"150\" height=\"150\" src=\"https:\/\/www.fundacionsancebrian.com\/portal\/wp-content\/uploads\/2025\/09\/20250927_110219-150x150.jpg\" class=\"attachment-thumbnail size-thumbnail\" alt=\"\" aria-describedby=\"gallery-1-13957\" srcset=\"https:\/\/www.fundacionsancebrian.com\/portal\/wp-content\/uploads\/2025\/09\/20250927_110219-150x150.jpg 150w, https:\/\/www.fundacionsancebrian.com\/portal\/wp-content\/uploads\/2025\/09\/20250927_110219-375x375.jpg 375w\" sizes=\"(max-width: 150px) 100vw, 150px\" \/><\/a>\n\t\t\t<\/dt>\n\t\t\t\t<dd class='wp-caption-text gallery-caption' id='gallery-1-13957'>\n\t\t\t\tMarcha Inclusiva\n\t\t\t\t<\/dd><\/dl><dl class='gallery-item'>\n\t\t\t<dt class='gallery-icon portrait'>\n\t\t\t\t<a href='https:\/\/www.fundacionsancebrian.com\/portal\/mas-de-800-personas-participan-en-la-xvi-marcha-inclusiva-una-comunidad-de-10-que-ha-recorrido-12-km-entre-fuentes-de-valdepero-y-palencia\/20250927_104459\/#main'><img loading=\"lazy\" decoding=\"async\" width=\"150\" height=\"150\" src=\"https:\/\/www.fundacionsancebrian.com\/portal\/wp-content\/uploads\/2025\/09\/20250927_104459-150x150.jpg\" class=\"attachment-thumbnail size-thumbnail\" alt=\"\" aria-describedby=\"gallery-1-13956\" srcset=\"https:\/\/www.fundacionsancebrian.com\/portal\/wp-content\/uploads\/2025\/09\/20250927_104459-150x150.jpg 150w, https:\/\/www.fundacionsancebrian.com\/portal\/wp-content\/uploads\/2025\/09\/20250927_104459-375x375.jpg 375w\" sizes=\"(max-width: 150px) 100vw, 150px\" \/><\/a>\n\t\t\t<\/dt>\n\t\t\t\t<dd class='wp-caption-text gallery-caption' id='gallery-1-13956'>\n\t\t\t\tMarcha Inclusiva\n\t\t\t\t<\/dd><\/dl><dl class='gallery-item'>\n\t\t\t<dt class='gallery-icon landscape'>\n\t\t\t\t<a href='https:\/\/www.fundacionsancebrian.com\/portal\/mas-de-800-personas-participan-en-la-xvi-marcha-inclusiva-una-comunidad-de-10-que-ha-recorrido-12-km-entre-fuentes-de-valdepero-y-palencia\/20250927_103644\/#main'><img loading=\"lazy\" decoding=\"async\" width=\"150\" height=\"150\" src=\"https:\/\/www.fundacionsancebrian.com\/portal\/wp-content\/uploads\/2025\/09\/20250927_103644-150x150.jpg\" class=\"attachment-thumbnail size-thumbnail\" alt=\"\" aria-describedby=\"gallery-1-13955\" srcset=\"https:\/\/www.fundacionsancebrian.com\/portal\/wp-content\/uploads\/2025\/09\/20250927_103644-150x150.jpg 150w, https:\/\/www.fundacionsancebrian.com\/portal\/wp-content\/uploads\/2025\/09\/20250927_103644-375x375.jpg 375w\" sizes=\"(max-width: 150px) 100vw, 150px\" \/><\/a>\n\t\t\t<\/dt>\n\t\t\t\t<dd class='wp-caption-text gallery-caption' id='gallery-1-13955'>\n\t\t\t\tMarcha Inclusiva\n\t\t\t\t<\/dd><\/dl><br style=\"clear: both\" \/>\n\t\t<\/div>\n\n<\/div>\n<\/div>\n<\/div><\/div><\/div><\/div><\/div>","protected":false},"excerpt":{"rendered":"<p>M\u00e1s de 800 personas participaron en la Marcha Inclusiva. La marcha empez\u00f3 en Fuentes de Valdepero. Y termin\u00f3 en Palencia, en el Centro de Vida&#8230;<\/p>\n","protected":false},"author":2,"featured_media":0,"parent":0,"menu_order":0,"comment_status":"closed","ping_status":"closed","template":"","meta":{"_seopress_robots_primary_cat":"","_seopress_titles_title":"","_seopress_titles_desc":"","_seopress_robots_index":"","_eb_attr":"","footnotes":""},"categories":[],"tags":[],"class_list":["post-10850","page","type-page","status-publish","hentry","post","post-with-thumbnail","post-with-thumbnail-icon"],"_links":{"self":[{"href":"https:\/\/www.fundacionsancebrian.com\/portal\/wp-json\/wp\/v2\/pages\/10850","targetHints":{"allow":["GET"]}}],"collection":[{"href":"https:\/\/www.fundacionsancebrian.com\/portal\/wp-json\/wp\/v2\/pages"}],"about":[{"href":"https:\/\/www.fundacionsancebrian.com\/portal\/wp-json\/wp\/v2\/types\/page"}],"author":[{"embeddable":true,"href":"https:\/\/www.fundacionsancebrian.com\/portal\/wp-json\/wp\/v2\/users\/2"}],"replies":[{"embeddable":true,"href":"https:\/\/www.fundacionsancebrian.com\/portal\/wp-json\/wp\/v2\/comments?post=10850"}],"version-history":[{"count":305,"href":"https:\/\/www.fundacionsancebrian.com\/portal\/wp-json\/wp\/v2\/pages\/10850\/revisions"}],"predecessor-version":[{"id":14060,"href":"https:\/\/www.fundacionsancebrian.com\/portal\/wp-json\/wp\/v2\/pages\/10850\/revisions\/14060"}],"wp:attachment":[{"href":"https:\/\/www.fundacionsancebrian.com\/portal\/wp-json\/wp\/v2\/media?parent=10850"}],"wp:term":[{"taxonomy":"category","embeddable":true,"href":"https:\/\/www.fundacionsancebrian.com\/portal\/wp-json\/wp\/v2\/categories?post=10850"},{"taxonomy":"post_tag","embeddable":true,"href":"https:\/\/www.fundacionsancebrian.com\/portal\/wp-json\/wp\/v2\/tags?post=10850"}],"curies":[{"name":"wp","href":"https:\/\/api.w.org\/{rel}","templated":true}]}}