{"id":11534,"date":"2023-10-27T15:09:44","date_gmt":"2023-10-27T13:09:44","guid":{"rendered":"https:\/\/www.fundacionsancebrian.com\/portal\/?page_id=11534"},"modified":"2024-10-24T12:46:38","modified_gmt":"2024-10-24T10:46:38","slug":"a-gusto-en-casa","status":"publish","type":"page","link":"https:\/\/www.fundacionsancebrian.com\/portal\/a-gusto-en-casa\/","title":{"rendered":"A gusto en casa"},"content":{"rendered":"<div id=\"pl-11534\"  class=\"panel-layout\" ><div id=\"pg-11534-0\"  class=\"panel-grid panel-no-style\" ><div id=\"pgc-11534-0-0\"  class=\"panel-grid-cell\" ><div id=\"panel-11534-0-0-0\" class=\"so-panel widget widget_sow-headline panel-first-child panel-last-child\" data-index=\"0\" ><div class=\"panel-widget-style panel-widget-style-for-11534-0-0-0\" ><div\n\t\t\t\n\t\t\tclass=\"so-widget-sow-headline so-widget-sow-headline-default-66d47ab18d45-11534 so-widget-fittext-wrapper\"\n\t\t\t data-fit-text-compressor=\"0.85\"\n\t\t><div class=\"sow-headline-container \">\n\t\t\t\t\t\t\t<h1 class=\"sow-headline\">\n\t\t\t\t\t\tProyecto A gusto en  <span style=\"color: #FBC02D\"><b>CASA<\/b><\/span>\t\t\t\t\t\t<\/h1>\n\t\t\t\t\t\t\t\t\t\t\t<div class=\"decoration\">\n\t\t\t\t\t\t<div class=\"decoration-inside\"><\/div>\n\t\t\t\t\t<\/div>\n\t\t\t\t\t\t\t\t\t\t\t<p class=\"sow-sub-headline\">\n\t\t\t\t\t\tUna nueva forma de atender a las personas para que puedan permanecer en su propio domicilio.\t\t\t\t\t\t<\/p>\n\t\t\t\t\t\t<\/div>\n<\/div><\/div><\/div><\/div><\/div><div id=\"pg-11534-1\"  class=\"panel-grid panel-no-style\" ><div id=\"pgc-11534-1-0\"  class=\"panel-grid-cell\" ><div id=\"panel-11534-1-0-0\" class=\"so-panel widget widget_sow-editor panel-first-child panel-last-child\" data-index=\"1\" ><div\n\t\t\t\n\t\t\tclass=\"so-widget-sow-editor so-widget-sow-editor-base\"\n\t\t\t\n\t\t>\n<div class=\"siteorigin-widget-tinymce textwidget\">\n\t<h1><strong>\u00bfQu\u00e9 es A gusto en casa?<\/strong><\/h1>\n<hr \/>\n<p>A Gusto en Casa es un proyecto de la Junta de Castilla y Le\u00f3n, del que nuestra entidad es la entidad proveedora de servicios a las personas. A gusto en casa es una nueva forma de atender a las personas para que puedan permanecer en su propio domicilio, si as\u00ed lo desean, con los apoyos que necesiten para la realizaci\u00f3n de sus actividades cotidianas, cuidado de la salud, participaci\u00f3n en la comunidad y, en general, todas aquellas actividades significativas que den sentido a su vida.<\/p>\n<p>&nbsp;<\/p>\n<p>Este proyecto, de la Junta de Castilla y Le\u00f3n,\u00a0 ofrece a la persona el apoyo de un profesional para:<\/p>\n<ul>\n<li>Decidir c\u00f3mo quiere que sea su vida cotidiana.<\/li>\n<li>Planificar los apoyos sociales y sanitarios y las actividades necesarias para poder vivir seg\u00fan sus deseos y preferencias.<\/li>\n<\/ul>\n<p>&nbsp;<\/p>\n<p><em>A Gusto en Casa<\/em>\u00a0pone a disposici\u00f3n de la persona, los siguientes servicios:<\/p>\n<ul>\n<li>Un profesional, coordinador de caso, vinculado al CEAS, que ser\u00e1 el responsable de garantizar que los cuidados y apoyos sean adecuados y satisfactorios para la persona.<\/li>\n<li>Un profesional, gestor de caso, que ayuda a la persona a dise\u00f1ar su proyecto de vida, definir los apoyos que precisa y garantizar que \u00e9stos est\u00e9n disponibles y se ofrezcan respetando sus deseos.<\/li>\n<li>Servicio de asistencia personal, para la realizaci\u00f3n de las actividades cotidianas, tanto en el hogar como en la comunidad.<\/li>\n<li>Asistencia sanitaria a domicilio, programada y de urgencia, desde el sistema de salud p\u00fablica.<\/li>\n<li>Si es necesario, adaptaci\u00f3n del hogar y ayudas t\u00e9cnicas para favorecer la seguridad, la accesibilidad y la movilidad.<\/li>\n<li>Teleasistencia b\u00e1sica y avanzada.<\/li>\n<li>Programa de apoyo a los cuidadores no profesionales.<\/li>\n<li>Actividades en la comunidad.<\/li>\n<\/ul>\n<p>&nbsp;<\/p>\n<p>Los apoyos se financian entre la administraci\u00f3n y la persona beneficiaria del programa. La cuant\u00eda a aportar por la persona depende de su valoraci\u00f3n de dependencia, de la intensidad del servicio y de sus recursos econ\u00f3micos. Ninguna persona abandonar\u00e1 el programa por falta de recursos econ\u00f3micos.<\/p>\n<p>&nbsp;<\/p>\n<h1><strong>\u00bfA quien va destinado A gusto en casa?<\/strong><\/h1>\n<hr \/>\n<ul>\n<li>A las personas con dependencia, discapacidad o enfermedad cr\u00f3nica.<\/li>\n<li>A las familias y cuidadores de las personas que participen en el proyecto.<\/li>\n<li>A toda la comunidad, para construir territorios inclusivos y con capacidad de ofrecer oportunidades de participaci\u00f3n en actividades que den sentido a la vida de sus ciudadanos.<\/li>\n<\/ul>\n<\/div>\n<\/div><\/div><\/div><\/div><div id=\"pg-11534-2\"  class=\"panel-grid panel-no-style\" ><div id=\"pgc-11534-2-0\"  class=\"panel-grid-cell\" ><div id=\"panel-11534-2-0-0\" class=\"so-panel widget widget_sow-editor panel-first-child\" data-index=\"2\" ><div\n\t\t\t\n\t\t\tclass=\"so-widget-sow-editor so-widget-sow-editor-base\"\n\t\t\t\n\t\t>\n<div class=\"siteorigin-widget-tinymce textwidget\">\n\t<div class=\"su-service\"><div class=\"su-service-title\" style=\"padding-left:62px;min-height:48px;line-height:48px\"><i class=\"sui sui-reply\" style=\"font-size:48px;color:#fbc02d\"><\/i> Volver a servicios de apoyo<\/div><div class=\"su-service-content su-u-clearfix su-u-trim\" style=\"padding-left:62px\"><\/div><\/div>\n<\/div>\n<\/div><\/div><div id=\"panel-11534-2-0-1\" class=\"so-panel widget widget_sow-editor panel-last-child\" data-index=\"3\" ><div class=\"so-rounded panel-widget-style panel-widget-style-for-11534-2-0-1\" ><div\n\t\t\t\n\t\t\tclass=\"so-widget-sow-editor so-widget-sow-editor-base\"\n\t\t\t\n\t\t>\n<div class=\"siteorigin-widget-tinymce textwidget\">\n\t<a href=\"#\" class=\"su-button su-button-style-flat\" style=\"color:#000000;background-color:#ffffff;border-color:#cccccc;border-radius:10px\" target=\"_self\"><span style=\"color:#000000;padding:10px 34px;font-size:25px;line-height:38px;border-color:#ffffff;border-radius:10px;text-shadow:none\"><img decoding=\"async\" src=\"http:\/\/www.fundacionsancebrian.com\/portal\/wp-content\/uploads\/2018\/05\/info.png\" alt=\"\u00bfC\u00f3mo me informo?\" style=\"width:38px;height:38px\" \/> \u00bfC\u00f3mo me informo?<\/span><\/a>\n<hr \/>\n<p>Plaza Juan XXIII 5, bajo<br \/>\n34005 Palencia<br \/>\n979 70 69 54 \/ 979 70 72 48<br \/>\nfscpalencia@fundacionsancebrian.com<\/p>\n<\/div>\n<\/div><\/div><\/div><\/div><\/div><\/div>","protected":false},"excerpt":{"rendered":"<p>\u00bfQu\u00e9 es A gusto en casa? A Gusto en Casa es un proyecto de la Junta de Castilla y Le\u00f3n, del que nuestra entidad es la entidad proveedora de servicios a las personas. A gusto en casa es una nueva forma de atender a las personas para que puedan permanecer en su propio domicilio, si [&hellip;]<\/p>\n","protected":false},"author":2,"featured_media":0,"parent":0,"menu_order":0,"comment_status":"closed","ping_status":"closed","template":"","meta":{"_seopress_robots_primary_cat":"","_seopress_titles_title":"","_seopress_titles_desc":"","_seopress_robots_index":"","_eb_attr":"","footnotes":""},"categories":[],"tags":[],"class_list":["post-11534","page","type-page","status-publish","hentry","post"],"_links":{"self":[{"href":"https:\/\/www.fundacionsancebrian.com\/portal\/wp-json\/wp\/v2\/pages\/11534","targetHints":{"allow":["GET"]}}],"collection":[{"href":"https:\/\/www.fundacionsancebrian.com\/portal\/wp-json\/wp\/v2\/pages"}],"about":[{"href":"https:\/\/www.fundacionsancebrian.com\/portal\/wp-json\/wp\/v2\/types\/page"}],"author":[{"embeddable":true,"href":"https:\/\/www.fundacionsancebrian.com\/portal\/wp-json\/wp\/v2\/users\/2"}],"replies":[{"embeddable":true,"href":"https:\/\/www.fundacionsancebrian.com\/portal\/wp-json\/wp\/v2\/comments?post=11534"}],"version-history":[{"count":10,"href":"https:\/\/www.fundacionsancebrian.com\/portal\/wp-json\/wp\/v2\/pages\/11534\/revisions"}],"predecessor-version":[{"id":13042,"href":"https:\/\/www.fundacionsancebrian.com\/portal\/wp-json\/wp\/v2\/pages\/11534\/revisions\/13042"}],"wp:attachment":[{"href":"https:\/\/www.fundacionsancebrian.com\/portal\/wp-json\/wp\/v2\/media?parent=11534"}],"wp:term":[{"taxonomy":"category","embeddable":true,"href":"https:\/\/www.fundacionsancebrian.com\/portal\/wp-json\/wp\/v2\/categories?post=11534"},{"taxonomy":"post_tag","embeddable":true,"href":"https:\/\/www.fundacionsancebrian.com\/portal\/wp-json\/wp\/v2\/tags?post=11534"}],"curies":[{"name":"wp","href":"https:\/\/api.w.org\/{rel}","templated":true}]}}