{"id":11613,"date":"2023-11-13T13:41:55","date_gmt":"2023-11-13T12:41:55","guid":{"rendered":"https:\/\/www.fundacionsancebrian.com\/portal\/?page_id=11613"},"modified":"2025-07-07T11:27:16","modified_gmt":"2025-07-07T09:27:16","slug":"comunidad","status":"publish","type":"page","link":"https:\/\/www.fundacionsancebrian.com\/portal\/comunidad\/","title":{"rendered":"Comunidad"},"content":{"rendered":"<div id=\"pl-11613\"  class=\"panel-layout\" ><div id=\"pg-11613-0\"  class=\"panel-grid panel-has-style\" ><div class=\"so-rounded panel-row-style panel-row-style-for-11613-0\" ><div id=\"pgc-11613-0-0\"  class=\"panel-grid-cell\" ><div id=\"panel-11613-0-0-0\" class=\"so-panel widget widget_sow-headline panel-first-child panel-last-child\" data-index=\"0\" ><div class=\"panel-widget-style panel-widget-style-for-11613-0-0-0\" ><div\n\t\t\t\n\t\t\tclass=\"so-widget-sow-headline so-widget-sow-headline-default-07a84240aa9d-11613 so-widget-fittext-wrapper\"\n\t\t\t data-fit-text-compressor=\"0.85\"\n\t\t><div class=\"sow-headline-container \">\n\t\t\t\t\t\t\t<h1 class=\"sow-headline\">\n\t\t\t\t\t\tPara la <span style=\"color: #4DD0E1\"><b>COMUNIDAD<\/b><\/span>\t\t\t\t\t\t<\/h1>\n\t\t\t\t\t\t\t\t\t\t\t<div class=\"decoration\">\n\t\t\t\t\t\t<div class=\"decoration-inside\"><\/div>\n\t\t\t\t\t<\/div>\n\t\t\t\t\t\t\t\t\t\t\t<p class=\"sow-sub-headline\">\n\t\t\t\t\t\tLa Fundaci\u00f3n San Cebri\u00e1n est\u00e1 comprometida con el desarrollo de la comunidad. Estos servicios esta abiertos a <b>todas las personas<\/b> de nuestra sociedad.\t\t\t\t\t\t<\/p>\n\t\t\t\t\t\t<\/div>\n<\/div><\/div><\/div><\/div><div id=\"pgc-11613-0-1\"  class=\"panel-grid-cell\" ><div id=\"panel-11613-0-1-0\" class=\"so-panel widget widget_sow-editor panel-first-child panel-last-child\" data-index=\"1\" ><div\n\t\t\t\n\t\t\tclass=\"so-widget-sow-editor so-widget-sow-editor-base\"\n\t\t\t\n\t\t>\n<div class=\"siteorigin-widget-tinymce textwidget\">\n\t<p><a href=\"https:\/\/www.fundacionsancebrian.com\/portal\/wp-content\/uploads\/2023\/11\/undraw_Positive_attitude_re_wu7d.png\"><img fetchpriority=\"high\" fetchpriority=\"high\" decoding=\"async\" class=\"aligncenter wp-image-11720\" src=\"https:\/\/www.fundacionsancebrian.com\/portal\/wp-content\/uploads\/2023\/11\/undraw_Positive_attitude_re_wu7d.png\" alt=\"\" width=\"444\" height=\"350\" srcset=\"https:\/\/www.fundacionsancebrian.com\/portal\/wp-content\/uploads\/2023\/11\/undraw_Positive_attitude_re_wu7d.png 930w, https:\/\/www.fundacionsancebrian.com\/portal\/wp-content\/uploads\/2023\/11\/undraw_Positive_attitude_re_wu7d-300x236.png 300w, https:\/\/www.fundacionsancebrian.com\/portal\/wp-content\/uploads\/2023\/11\/undraw_Positive_attitude_re_wu7d-768x605.png 768w, https:\/\/www.fundacionsancebrian.com\/portal\/wp-content\/uploads\/2023\/11\/undraw_Positive_attitude_re_wu7d-600x473.png 600w\" sizes=\"(max-width: 444px) 100vw, 444px\" \/><\/a><\/p>\n<\/div>\n<\/div><\/div><\/div><\/div><\/div><div id=\"pg-11613-1\"  class=\"panel-grid panel-no-style\" ><div id=\"pgc-11613-1-0\"  class=\"panel-grid-cell\" ><div id=\"panel-11613-1-0-0\" class=\"so-panel widget widget_sow-editor panel-first-child panel-last-child\" data-index=\"2\" ><div class=\"so-rounded panel-widget-style panel-widget-style-for-11613-1-0-0\" ><div\n\t\t\t\n\t\t\tclass=\"so-widget-sow-editor so-widget-sow-editor-base\"\n\t\t\t\n\t\t>\n<div class=\"siteorigin-widget-tinymce textwidget\">\n\t<p style=\"text-align: center;\"><a href=\"https:\/\/www.fundacionsancebrian.com\/portal\/escuela-de-animacion-puntos-suspensivos\/\"><b>Escuela de animaci\u00f3n<br \/>\nPuntos Suspensivos<\/b><\/a><\/p>\n<\/div>\n<\/div><\/div><\/div><\/div><div id=\"pgc-11613-1-1\"  class=\"panel-grid-cell\" ><div id=\"panel-11613-1-1-0\" class=\"so-panel widget widget_sow-editor panel-first-child panel-last-child\" data-index=\"3\" ><div class=\"so-rounded panel-widget-style panel-widget-style-for-11613-1-1-0\" ><div\n\t\t\t\n\t\t\tclass=\"so-widget-sow-editor so-widget-sow-editor-base\"\n\t\t\t\n\t\t>\n<div class=\"siteorigin-widget-tinymce textwidget\">\n\t<p style=\"text-align: center;\"><a href=\"https:\/\/www.fundacionsancebrian.com\/portal\/includanza\/\"><b>Includanza<\/b><\/a><\/p>\n<\/div>\n<\/div><\/div><\/div><\/div><div id=\"pgc-11613-1-2\"  class=\"panel-grid-cell\" ><div id=\"panel-11613-1-2-0\" class=\"so-panel widget widget_sow-editor panel-first-child panel-last-child\" data-index=\"4\" ><div class=\"so-rounded panel-widget-style panel-widget-style-for-11613-1-2-0\" ><div\n\t\t\t\n\t\t\tclass=\"so-widget-sow-editor so-widget-sow-editor-base\"\n\t\t\t\n\t\t>\n<div class=\"siteorigin-widget-tinymce textwidget\">\n\t<p style=\"text-align: center;\"><a href=\"https:\/\/www.fundacionsancebrian.com\/portal\/espacio-abierto-angel-aguado\/\"><b>Espacio Abierto<br \/>\n\u00c1ngel Aguado<\/b><\/a><\/p>\n<\/div>\n<\/div><\/div><\/div><\/div><\/div><div id=\"pg-11613-2\"  class=\"panel-grid panel-no-style\" ><div id=\"pgc-11613-2-0\"  class=\"panel-grid-cell\" ><div id=\"panel-11613-2-0-0\" class=\"so-panel widget widget_sow-editor panel-first-child panel-last-child\" data-index=\"5\" ><div class=\"so-rounded panel-widget-style panel-widget-style-for-11613-2-0-0\" ><div\n\t\t\t\n\t\t\tclass=\"so-widget-sow-editor so-widget-sow-editor-base\"\n\t\t\t\n\t\t>\n<div class=\"siteorigin-widget-tinymce textwidget\">\n\t<p style=\"text-align: center;\"><strong><a href=\"https:\/\/www.fundacionsancebrian.com\/portal\/ocio-y-deporte\/\">Club Deportivo San Cebri\u00e1n<\/a><\/strong><br \/>\n<strong><a href=\"https:\/\/www.fundacionsancebrian.com\/portal\/ocio-y-deporte\/\">Ocio y deporte<\/a><\/strong><\/p>\n<\/div>\n<\/div><\/div><\/div><\/div><div id=\"pgc-11613-2-1\"  class=\"panel-grid-cell\" ><div id=\"panel-11613-2-1-0\" class=\"so-panel widget widget_sow-editor panel-first-child panel-last-child\" data-index=\"6\" ><div class=\"so-rounded panel-widget-style panel-widget-style-for-11613-2-1-0\" ><div\n\t\t\t\n\t\t\tclass=\"so-widget-sow-editor so-widget-sow-editor-base\"\n\t\t\t\n\t\t>\n<div class=\"siteorigin-widget-tinymce textwidget\">\n\t<p style=\"text-align: center;\"><a href=\"https:\/\/www.fundacionsancebrian.com\/portal\/apoyo-escolar\/\"><b>Apoyo escolar<\/b><\/a><\/p>\n<\/div>\n<\/div><\/div><\/div><\/div><div id=\"pgc-11613-2-2\"  class=\"panel-grid-cell\" ><div id=\"panel-11613-2-2-0\" class=\"so-panel widget widget_sow-editor panel-first-child panel-last-child\" data-index=\"7\" ><div class=\"so-rounded panel-widget-style panel-widget-style-for-11613-2-2-0\" ><div\n\t\t\t\n\t\t\tclass=\"so-widget-sow-editor so-widget-sow-editor-base\"\n\t\t\t\n\t\t>\n<div class=\"siteorigin-widget-tinymce textwidget\">\n\t<p style=\"text-align: center;\"><a href=\"https:\/\/www.fundacionsancebrian.com\/portal\/logopedia\/\"><b>Logopedia<\/b><\/a><\/p>\n<\/div>\n<\/div><\/div><\/div><\/div><\/div><div id=\"pg-11613-3\"  class=\"panel-grid panel-no-style\" ><div id=\"pgc-11613-3-0\"  class=\"panel-grid-cell\" ><div id=\"panel-11613-3-0-0\" class=\"so-panel widget widget_sow-editor panel-first-child panel-last-child\" data-index=\"8\" ><div class=\"so-rounded panel-widget-style panel-widget-style-for-11613-3-0-0\" ><div\n\t\t\t\n\t\t\tclass=\"so-widget-sow-editor so-widget-sow-editor-base\"\n\t\t\t\n\t\t>\n<div class=\"siteorigin-widget-tinymce textwidget\">\n\t<p style=\"text-align: center;\"><a href=\"https:\/\/www.fundacionsancebrian.com\/portal\/facilparati\/\"><b>Oficina de accesibilidad<\/b><\/a><br \/>\n<a href=\"https:\/\/www.fundacionsancebrian.com\/portal\/facilparati\/\"><b>F\u00e1cil para ti<\/b><\/a><\/p>\n<\/div>\n<\/div><\/div><\/div><\/div><div id=\"pgc-11613-3-1\"  class=\"panel-grid-cell\" ><div id=\"panel-11613-3-1-0\" class=\"so-panel widget widget_sow-editor panel-first-child panel-last-child\" data-index=\"9\" ><div class=\"so-rounded panel-widget-style panel-widget-style-for-11613-3-1-0\" ><div\n\t\t\t\n\t\t\tclass=\"so-widget-sow-editor so-widget-sow-editor-base\"\n\t\t\t\n\t\t>\n<div class=\"siteorigin-widget-tinymce textwidget\">\n\t<p style=\"text-align: center;\"><a href=\"http:\/\/www.fundacionsancebrian.com\/portal\/centro-fidel-ramos\/\"><b>Promoci\u00f3n de la\u00a0autonom\u00eda<\/b><\/a><\/p>\n<\/div>\n<\/div><\/div><\/div><\/div><div id=\"pgc-11613-3-2\"  class=\"panel-grid-cell\" ><div id=\"panel-11613-3-2-0\" class=\"so-panel widget widget_sow-editor panel-first-child panel-last-child\" data-index=\"10\" ><div class=\"so-rounded panel-widget-style panel-widget-style-for-11613-3-2-0\" ><div\n\t\t\t\n\t\t\tclass=\"so-widget-sow-editor so-widget-sow-editor-base\"\n\t\t\t\n\t\t>\n<div class=\"siteorigin-widget-tinymce textwidget\">\n\t<p style=\"text-align: center;\"><a href=\"https:\/\/www.fundacionsancebrian.com\/portal\/fisioterapia-y-actividades-fisicas\/\"><b>Fisioterapia<br \/>\ny actividades\u00a0f\u00edsicas<\/b><\/a><\/p>\n<\/div>\n<\/div><\/div><\/div><\/div><\/div><div id=\"pg-11613-4\"  class=\"panel-grid panel-no-style\" ><div id=\"pgc-11613-4-0\"  class=\"panel-grid-cell\" ><div id=\"panel-11613-4-0-0\" class=\"so-panel widget widget_sow-editor panel-first-child panel-last-child\" data-index=\"11\" ><div class=\"so-rounded panel-widget-style panel-widget-style-for-11613-4-0-0\" ><div\n\t\t\t\n\t\t\tclass=\"so-widget-sow-editor so-widget-sow-editor-base\"\n\t\t\t\n\t\t>\n<div class=\"siteorigin-widget-tinymce textwidget\">\n\t<p style=\"text-align: center;\"><a href=\"https:\/\/www.castillayleonjoven.com\/noticias-destacadas\/itemlist\/category\/217-actividades?start=0\"><b>Punto de informaci\u00f3n juvenil<\/b><\/a><\/p>\n<\/div>\n<\/div><\/div><\/div><\/div><div id=\"pgc-11613-4-1\"  class=\"panel-grid-cell panel-grid-cell-empty panel-grid-cell-mobile-last\" ><\/div><div id=\"pgc-11613-4-2\"  class=\"panel-grid-cell panel-grid-cell-empty\" ><\/div><\/div><div id=\"pg-11613-5\"  class=\"panel-grid panel-no-style\" ><div id=\"pgc-11613-5-0\"  class=\"panel-grid-cell\" ><div id=\"panel-11613-5-0-0\" class=\"so-panel widget widget_sow-editor panel-first-child panel-last-child\" data-index=\"12\" ><div class=\"so-rounded panel-widget-style panel-widget-style-for-11613-5-0-0\" ><div\n\t\t\t\n\t\t\tclass=\"so-widget-sow-editor so-widget-sow-editor-base\"\n\t\t\t\n\t\t>\n<div class=\"siteorigin-widget-tinymce textwidget\">\n\t<a href=\"#\" class=\"su-button su-button-style-flat\" style=\"color:#000000;background-color:#ffffff;border-color:#cccccc;border-radius:10px\" target=\"_self\"><span style=\"color:#000000;padding:10px 34px;font-size:25px;line-height:38px;border-color:#ffffff;border-radius:10px;text-shadow:none\"><img decoding=\"async\" src=\"http:\/\/www.fundacionsancebrian.com\/portal\/wp-content\/uploads\/2018\/05\/info.png\" alt=\"\u00bfC\u00f3mo me informo?\" style=\"width:38px;height:38px\" \/> \u00bfC\u00f3mo me informo?<\/span><\/a>\n<hr \/>\n<p>Plaza Juan XXIII 5, bajo<br \/>\n34005 Palencia<br \/>\n979 70 69 54 \/ 979 70 72 48<br \/>\nfscpalencia@fundacionsancebrian.com<\/p>\n<\/div>\n<\/div><\/div><\/div><\/div><\/div><\/div>","protected":false},"excerpt":{"rendered":"<p>Escuela de animaci\u00f3n Puntos Suspensivos Includanza Espacio Abierto \u00c1ngel Aguado<\/p>\n","protected":false},"author":2,"featured_media":0,"parent":0,"menu_order":0,"comment_status":"closed","ping_status":"closed","template":"","meta":{"_seopress_robots_primary_cat":"","_seopress_titles_title":"","_seopress_titles_desc":"","_seopress_robots_index":"","_eb_attr":"","footnotes":""},"categories":[],"tags":[],"class_list":["post-11613","page","type-page","status-publish","hentry","post"],"_links":{"self":[{"href":"https:\/\/www.fundacionsancebrian.com\/portal\/wp-json\/wp\/v2\/pages\/11613","targetHints":{"allow":["GET"]}}],"collection":[{"href":"https:\/\/www.fundacionsancebrian.com\/portal\/wp-json\/wp\/v2\/pages"}],"about":[{"href":"https:\/\/www.fundacionsancebrian.com\/portal\/wp-json\/wp\/v2\/types\/page"}],"author":[{"embeddable":true,"href":"https:\/\/www.fundacionsancebrian.com\/portal\/wp-json\/wp\/v2\/users\/2"}],"replies":[{"embeddable":true,"href":"https:\/\/www.fundacionsancebrian.com\/portal\/wp-json\/wp\/v2\/comments?post=11613"}],"version-history":[{"count":30,"href":"https:\/\/www.fundacionsancebrian.com\/portal\/wp-json\/wp\/v2\/pages\/11613\/revisions"}],"predecessor-version":[{"id":11624,"href":"https:\/\/www.fundacionsancebrian.com\/portal\/wp-json\/wp\/v2\/pages\/11613\/revisions\/11624"}],"wp:attachment":[{"href":"https:\/\/www.fundacionsancebrian.com\/portal\/wp-json\/wp\/v2\/media?parent=11613"}],"wp:term":[{"taxonomy":"category","embeddable":true,"href":"https:\/\/www.fundacionsancebrian.com\/portal\/wp-json\/wp\/v2\/categories?post=11613"},{"taxonomy":"post_tag","embeddable":true,"href":"https:\/\/www.fundacionsancebrian.com\/portal\/wp-json\/wp\/v2\/tags?post=11613"}],"curies":[{"name":"wp","href":"https:\/\/api.w.org\/{rel}","templated":true}]}}