{"id":11756,"date":"2023-11-28T12:46:35","date_gmt":"2023-11-28T11:46:35","guid":{"rendered":"https:\/\/www.fundacionsancebrian.com\/portal\/?page_id=11756"},"modified":"2024-05-23T11:54:09","modified_gmt":"2024-05-23T09:54:09","slug":"comunicacion","status":"publish","type":"page","link":"https:\/\/www.fundacionsancebrian.com\/portal\/comunicacion\/","title":{"rendered":"Comunicaci\u00f3n"},"content":{"rendered":"<div id=\"pl-11756\"  class=\"panel-layout\" ><div id=\"pg-11756-0\"  class=\"panel-grid panel-has-style\" ><div class=\"so-rounded panel-row-style panel-row-style-for-11756-0\" ><div id=\"pgc-11756-0-0\"  class=\"panel-grid-cell\" ><div id=\"panel-11756-0-0-0\" class=\"so-panel widget widget_sow-headline panel-first-child panel-last-child\" data-index=\"0\" ><div class=\"panel-widget-style panel-widget-style-for-11756-0-0-0\" ><div\n\t\t\t\n\t\t\tclass=\"so-widget-sow-headline so-widget-sow-headline-default-9cf57dc4ac3e-11756 so-widget-fittext-wrapper\"\n\t\t\t data-fit-text-compressor=\"0.85\"\n\t\t><div class=\"sow-headline-container \">\n\t\t\t\t\t\t\t<h1 class=\"sow-headline\">\n\t\t\t\t\t\tRedes y <span style=\"color: #289b38\"><b>COMUNICACI\u00d3N<\/b><\/span>\t\t\t\t\t\t<\/h1>\n\t\t\t\t\t\t\t\t\t\t\t<div class=\"decoration\">\n\t\t\t\t\t\t<div class=\"decoration-inside\"><\/div>\n\t\t\t\t\t<\/div>\n\t\t\t\t\t\t\t\t\t\t\t<p class=\"sow-sub-headline\">\n\t\t\t\t\t\tEstamos comprometidos con la transparencia en nuestro funcionamiento y gesti\u00f3n. Esta transparencia contribuye a garantizar que la cumplimos los objetivos y que nuestro trabajo es eficaz y eficiente.\t\t\t\t\t\t<\/p>\n\t\t\t\t\t\t<\/div>\n<\/div><\/div><\/div><\/div><div id=\"pgc-11756-0-1\"  class=\"panel-grid-cell\" ><div id=\"panel-11756-0-1-0\" class=\"so-panel widget widget_sow-editor panel-first-child panel-last-child\" data-index=\"1\" ><div\n\t\t\t\n\t\t\tclass=\"so-widget-sow-editor so-widget-sow-editor-base\"\n\t\t\t\n\t\t>\n<div class=\"siteorigin-widget-tinymce textwidget\">\n\t<p><a href=\"https:\/\/www.fundacionsancebrian.com\/portal\/wp-content\/uploads\/2023\/11\/undraw_Group_chat_re_frmo.png\"><img fetchpriority=\"high\" fetchpriority=\"high\" decoding=\"async\" class=\"aligncenter wp-image-11763\" src=\"https:\/\/www.fundacionsancebrian.com\/portal\/wp-content\/uploads\/2023\/11\/undraw_Group_chat_re_frmo.png\" alt=\"\" width=\"492\" height=\"350\" srcset=\"https:\/\/www.fundacionsancebrian.com\/portal\/wp-content\/uploads\/2023\/11\/undraw_Group_chat_re_frmo.png 1228w, https:\/\/www.fundacionsancebrian.com\/portal\/wp-content\/uploads\/2023\/11\/undraw_Group_chat_re_frmo-300x214.png 300w, https:\/\/www.fundacionsancebrian.com\/portal\/wp-content\/uploads\/2023\/11\/undraw_Group_chat_re_frmo-1024x729.png 1024w, https:\/\/www.fundacionsancebrian.com\/portal\/wp-content\/uploads\/2023\/11\/undraw_Group_chat_re_frmo-768x547.png 768w, https:\/\/www.fundacionsancebrian.com\/portal\/wp-content\/uploads\/2023\/11\/undraw_Group_chat_re_frmo-600x427.png 600w\" sizes=\"(max-width: 492px) 100vw, 492px\" \/><\/a><\/p>\n<\/div>\n<\/div><\/div><\/div><\/div><\/div><div id=\"pg-11756-1\"  class=\"panel-grid panel-has-style\" ><div class=\"so-rounded panel-row-style panel-row-style-for-11756-1\" ><div id=\"pgc-11756-1-0\"  class=\"panel-grid-cell\" ><div id=\"panel-11756-1-0-0\" class=\"so-panel widget widget_sow-editor panel-first-child panel-last-child\" data-index=\"2\" ><div\n\t\t\t\n\t\t\tclass=\"so-widget-sow-editor so-widget-sow-editor-base\"\n\t\t\t\n\t\t>\n<div class=\"siteorigin-widget-tinymce textwidget\">\n\t<p data-sourcepos=\"16:1-16:96\">El compromiso de transparencia de la Fundaci\u00f3n San Cebri\u00e1n se basa en los siguientes principios:<\/p>\n<ul data-sourcepos=\"18:1-21:0\">\n<li data-sourcepos=\"18:1-18:155\"><strong>La responsabilidad:<\/strong> Somos responsables ante nuestros grupos de inter\u00e9s de informar sobre nuestra actividad y situaci\u00f3n econ\u00f3mica.<\/li>\n<li data-sourcepos=\"19:1-19:116\"><strong>La confianza: L<\/strong>a transparencia genera confianza entre sus grupos de inter\u00e9s.<\/li>\n<li data-sourcepos=\"20:1-21:0\"><strong>La participaci\u00f3n:<\/strong> Creemos que la transparencia facilita la participaci\u00f3n de sus grupos de inter\u00e9s en su trabajo.<\/li>\n<\/ul>\n<\/div>\n<\/div><\/div><\/div><\/div><\/div><div id=\"pg-11756-2\"  class=\"panel-grid panel-no-style\" ><div id=\"pgc-11756-2-0\"  class=\"panel-grid-cell\" ><div id=\"panel-11756-2-0-0\" class=\"so-panel widget widget_sow-editor panel-first-child panel-last-child\" data-index=\"3\" ><div class=\"so-rounded panel-widget-style panel-widget-style-for-11756-2-0-0\" ><div\n\t\t\t\n\t\t\tclass=\"so-widget-sow-editor so-widget-sow-editor-base\"\n\t\t\t\n\t\t>\n<div class=\"siteorigin-widget-tinymce textwidget\">\n\t<p style=\"text-align: center;\"><a href=\"https:\/\/www.fundacionsancebrian.com\/portal\/noticias\/\"><b>Noticias<\/b><\/a><\/p>\n<\/div>\n<\/div><\/div><\/div><\/div><div id=\"pgc-11756-2-1\"  class=\"panel-grid-cell\" ><div id=\"panel-11756-2-1-0\" class=\"so-panel widget widget_sow-editor panel-first-child panel-last-child\" data-index=\"4\" ><div class=\"so-rounded panel-widget-style panel-widget-style-for-11756-2-1-0\" ><div\n\t\t\t\n\t\t\tclass=\"so-widget-sow-editor so-widget-sow-editor-base\"\n\t\t\t\n\t\t>\n<div class=\"siteorigin-widget-tinymce textwidget\">\n\t<p style=\"text-align: center;\"><a href=\"https:\/\/www.flickr.com\/photos\/136135221@N07\/albums\"><b>Galer\u00eda de im\u00e1genes<\/b><\/a><\/p>\n<\/div>\n<\/div><\/div><\/div><\/div><div id=\"pgc-11756-2-2\"  class=\"panel-grid-cell\" ><div id=\"panel-11756-2-2-0\" class=\"so-panel widget widget_sow-editor panel-first-child panel-last-child\" data-index=\"5\" ><div class=\"so-rounded panel-widget-style panel-widget-style-for-11756-2-2-0\" ><div\n\t\t\t\n\t\t\tclass=\"so-widget-sow-editor so-widget-sow-editor-base\"\n\t\t\t\n\t\t>\n<div class=\"siteorigin-widget-tinymce textwidget\">\n\t<p style=\"text-align: center;\"><a href=\"https:\/\/www.fundacionsancebrian.com\/portal\/dossier-prensa\/\"><b>Sala de prensa<\/b><\/a><\/p>\n<\/div>\n<\/div><\/div><\/div><\/div><\/div><div id=\"pg-11756-3\"  class=\"panel-grid panel-no-style\" ><div id=\"pgc-11756-3-0\"  class=\"panel-grid-cell\" ><div id=\"panel-11756-3-0-0\" class=\"so-panel widget widget_sow-editor panel-first-child panel-last-child\" data-index=\"6\" ><div class=\"so-rounded panel-widget-style panel-widget-style-for-11756-3-0-0\" ><div\n\t\t\t\n\t\t\tclass=\"so-widget-sow-editor so-widget-sow-editor-base\"\n\t\t\t\n\t\t>\n<div class=\"siteorigin-widget-tinymce textwidget\">\n\t<p style=\"text-align: center;\"><a href=\"https:\/\/www.fundacionsancebrian.com\/portal\/emocionate-radio\/\"><b>Emoci\u00f3nate\u00a0Radio<\/b><\/a><\/p>\n<\/div>\n<\/div><\/div><\/div><\/div><div id=\"pgc-11756-3-1\"  class=\"panel-grid-cell panel-grid-cell-mobile-last\" ><div id=\"panel-11756-3-1-0\" class=\"so-panel widget widget_sow-editor panel-first-child panel-last-child\" data-index=\"7\" ><div class=\"so-rounded panel-widget-style panel-widget-style-for-11756-3-1-0\" ><div\n\t\t\t\n\t\t\tclass=\"so-widget-sow-editor so-widget-sow-editor-base\"\n\t\t\t\n\t\t>\n<div class=\"siteorigin-widget-tinymce textwidget\">\n\t<p style=\"text-align: center;\"><a href=\"https:\/\/www.fundacionsancebrian.com\/portal\/radio-el-zimbalillo\/\"><b>Radio El Zimbalillo<\/b><\/a><\/p>\n<\/div>\n<\/div><\/div><\/div><\/div><div id=\"pgc-11756-3-2\"  class=\"panel-grid-cell panel-grid-cell-empty\" ><\/div><\/div><div id=\"pg-11756-4\"  class=\"panel-grid panel-no-style\" ><div id=\"pgc-11756-4-0\"  class=\"panel-grid-cell\" ><div id=\"panel-11756-4-0-0\" class=\"so-panel widget widget_sow-editor panel-first-child panel-last-child\" data-index=\"8\" ><div class=\"so-rounded panel-widget-style panel-widget-style-for-11756-4-0-0\" ><div\n\t\t\t\n\t\t\tclass=\"so-widget-sow-editor so-widget-sow-editor-base\"\n\t\t\t\n\t\t>\n<div class=\"siteorigin-widget-tinymce textwidget\">\n\t<a href=\"#\" class=\"su-button su-button-style-flat\" style=\"color:#000000;background-color:#ffffff;border-color:#cccccc;border-radius:10px\" target=\"_self\"><span style=\"color:#000000;padding:10px 34px;font-size:25px;line-height:38px;border-color:#ffffff;border-radius:10px;text-shadow:none\"><img decoding=\"async\" src=\"http:\/\/www.fundacionsancebrian.com\/portal\/wp-content\/uploads\/2018\/05\/info.png\" alt=\"\u00bfC\u00f3mo me informo?\" style=\"width:38px;height:38px\" \/> \u00bfC\u00f3mo me informo?<\/span><\/a>\n<hr \/>\n<p>Plaza Juan XXIII 5, bajo<br \/>\n34005 Palencia<br \/>\n979 70 69 54 \/ 979 70 72 48<br \/>\nl.ramos@fundacionsancebrian.com<\/p>\n<\/div>\n<\/div><\/div><\/div><\/div><\/div><\/div>","protected":false},"excerpt":{"rendered":"<p>El compromiso de transparencia de la Fundaci\u00f3n San Cebri\u00e1n se basa en los siguientes principios: La responsabilidad: Somos responsables ante nuestros grupos de inter\u00e9s de informar sobre nuestra actividad y situaci\u00f3n econ\u00f3mica. La confianza: La transparencia genera confianza entre sus grupos de inter\u00e9s. La participaci\u00f3n: Creemos que la transparencia facilita la participaci\u00f3n de sus grupos [&hellip;]<\/p>\n","protected":false},"author":2,"featured_media":0,"parent":0,"menu_order":0,"comment_status":"closed","ping_status":"closed","template":"","meta":{"_seopress_robots_primary_cat":"","_seopress_titles_title":"","_seopress_titles_desc":"","_seopress_robots_index":"","_eb_attr":"","footnotes":""},"categories":[],"tags":[],"class_list":["post-11756","page","type-page","status-publish","hentry","post"],"_links":{"self":[{"href":"https:\/\/www.fundacionsancebrian.com\/portal\/wp-json\/wp\/v2\/pages\/11756","targetHints":{"allow":["GET"]}}],"collection":[{"href":"https:\/\/www.fundacionsancebrian.com\/portal\/wp-json\/wp\/v2\/pages"}],"about":[{"href":"https:\/\/www.fundacionsancebrian.com\/portal\/wp-json\/wp\/v2\/types\/page"}],"author":[{"embeddable":true,"href":"https:\/\/www.fundacionsancebrian.com\/portal\/wp-json\/wp\/v2\/users\/2"}],"replies":[{"embeddable":true,"href":"https:\/\/www.fundacionsancebrian.com\/portal\/wp-json\/wp\/v2\/comments?post=11756"}],"version-history":[{"count":8,"href":"https:\/\/www.fundacionsancebrian.com\/portal\/wp-json\/wp\/v2\/pages\/11756\/revisions"}],"predecessor-version":[{"id":11764,"href":"https:\/\/www.fundacionsancebrian.com\/portal\/wp-json\/wp\/v2\/pages\/11756\/revisions\/11764"}],"wp:attachment":[{"href":"https:\/\/www.fundacionsancebrian.com\/portal\/wp-json\/wp\/v2\/media?parent=11756"}],"wp:term":[{"taxonomy":"category","embeddable":true,"href":"https:\/\/www.fundacionsancebrian.com\/portal\/wp-json\/wp\/v2\/categories?post=11756"},{"taxonomy":"post_tag","embeddable":true,"href":"https:\/\/www.fundacionsancebrian.com\/portal\/wp-json\/wp\/v2\/tags?post=11756"}],"curies":[{"name":"wp","href":"https:\/\/api.w.org\/{rel}","templated":true}]}}