{"id":12392,"date":"2024-04-19T10:18:02","date_gmt":"2024-04-19T08:18:02","guid":{"rendered":"https:\/\/www.fundacionsancebrian.com\/portal\/?page_id=12392"},"modified":"2024-05-23T11:04:54","modified_gmt":"2024-05-23T09:04:54","slug":"formacion-intranet","status":"publish","type":"page","link":"https:\/\/www.fundacionsancebrian.com\/portal\/formacion-intranet\/","title":{"rendered":"Formaci\u00f3n Intranet"},"content":{"rendered":"<div id=\"pl-12392\"  class=\"panel-layout\" ><div id=\"pg-12392-0\"  class=\"panel-grid panel-has-style\" ><div class=\"so-rounded panel-row-style panel-row-style-for-12392-0\" ><div id=\"pgc-12392-0-0\"  class=\"panel-grid-cell\" ><div id=\"panel-12392-0-0-0\" class=\"so-panel widget widget_sow-headline panel-first-child panel-last-child\" data-index=\"0\" ><div class=\"panel-widget-style panel-widget-style-for-12392-0-0-0\" ><div\n\t\t\t\n\t\t\tclass=\"so-widget-sow-headline so-widget-sow-headline-default-9cf57dc4ac3e-12392 so-widget-fittext-wrapper\"\n\t\t\t data-fit-text-compressor=\"0.85\"\n\t\t><div class=\"sow-headline-container \">\n\t\t\t\t\t\t\t<h1 class=\"sow-headline\">\n\t\t\t\t\t\tFormaci\u00f3n <span style=\"color: #289b38\"><b>INTRANET<\/b><\/span> \t\t\t\t\t\t<\/h1>\n\t\t\t\t\t\t\t\t\t\t\t<div class=\"decoration\">\n\t\t\t\t\t\t<div class=\"decoration-inside\"><\/div>\n\t\t\t\t\t<\/div>\n\t\t\t\t\t\t\t\t\t\t\t<p class=\"sow-sub-headline\">\n\t\t\t\t\t\tRecursos de inter\u00e9s para trabajadores.\t\t\t\t\t\t<\/p>\n\t\t\t\t\t\t<\/div>\n<\/div><\/div><\/div><\/div><div id=\"pgc-12392-0-1\"  class=\"panel-grid-cell\" ><div id=\"panel-12392-0-1-0\" class=\"so-panel widget widget_sow-editor panel-first-child panel-last-child\" data-index=\"1\" ><div\n\t\t\t\n\t\t\tclass=\"so-widget-sow-editor so-widget-sow-editor-base\"\n\t\t\t\n\t\t>\n<div class=\"siteorigin-widget-tinymce textwidget\">\n\t<p><a href=\"https:\/\/www.fundacionsancebrian.com\/portal\/wp-content\/uploads\/2023\/11\/undraw_Responsive_re_e1nn.png\"><img fetchpriority=\"high\" fetchpriority=\"high\" decoding=\"async\" class=\"aligncenter wp-image-11775\" src=\"https:\/\/www.fundacionsancebrian.com\/portal\/wp-content\/uploads\/2023\/11\/undraw_Responsive_re_e1nn.png\" alt=\"\" width=\"571\" height=\"350\" srcset=\"https:\/\/www.fundacionsancebrian.com\/portal\/wp-content\/uploads\/2023\/11\/undraw_Responsive_re_e1nn.png 972w, https:\/\/www.fundacionsancebrian.com\/portal\/wp-content\/uploads\/2023\/11\/undraw_Responsive_re_e1nn-300x184.png 300w, https:\/\/www.fundacionsancebrian.com\/portal\/wp-content\/uploads\/2023\/11\/undraw_Responsive_re_e1nn-768x471.png 768w, https:\/\/www.fundacionsancebrian.com\/portal\/wp-content\/uploads\/2023\/11\/undraw_Responsive_re_e1nn-600x368.png 600w\" sizes=\"(max-width: 571px) 100vw, 571px\" \/><\/a><\/p>\n<\/div>\n<\/div><\/div><\/div><\/div><\/div><div id=\"pg-12392-1\"  class=\"panel-grid panel-no-style\" ><div id=\"pgc-12392-1-0\"  class=\"panel-grid-cell\" ><div id=\"panel-12392-1-0-0\" class=\"so-panel widget widget_sow-editor panel-first-child panel-last-child\" data-index=\"2\" ><div\n\t\t\t\n\t\t\tclass=\"so-widget-sow-editor so-widget-sow-editor-base\"\n\t\t\t\n\t\t>\n<div class=\"siteorigin-widget-tinymce textwidget\">\n\t<h1>Formaci\u00f3n<\/h1>\n<div class=\"su-divider su-divider-style-default\" style=\"margin:0px 0;border-width:1px;border-color:#999999\"><\/div>\n<\/div>\n<\/div><\/div><\/div><\/div><div id=\"pg-12392-2\"  class=\"panel-grid panel-no-style\" ><div id=\"pgc-12392-2-0\"  class=\"panel-grid-cell\" ><div id=\"panel-12392-2-0-0\" class=\"so-panel widget widget_sow-editor panel-first-child panel-last-child\" data-index=\"3\" ><div\n\t\t\t\n\t\t\tclass=\"so-widget-sow-editor so-widget-sow-editor-base\"\n\t\t\t\n\t\t>\n<div class=\"siteorigin-widget-tinymce textwidget\">\n\t<p style=\"text-align: center;\"><img decoding=\"async\" class=\"aligncenter wp-image-7225\" src=\"http:\/\/www.fundacionsancebrian.com\/portal\/wp-content\/uploads\/2020\/11\/undraw_healthy_options_sdo3.png\" alt=\"\" width=\"248\" height=\"200\" srcset=\"https:\/\/www.fundacionsancebrian.com\/portal\/wp-content\/uploads\/2020\/11\/undraw_healthy_options_sdo3.png 1270w, https:\/\/www.fundacionsancebrian.com\/portal\/wp-content\/uploads\/2020\/11\/undraw_healthy_options_sdo3-300x242.png 300w, https:\/\/www.fundacionsancebrian.com\/portal\/wp-content\/uploads\/2020\/11\/undraw_healthy_options_sdo3-1024x826.png 1024w, https:\/\/www.fundacionsancebrian.com\/portal\/wp-content\/uploads\/2020\/11\/undraw_healthy_options_sdo3-768x620.png 768w, https:\/\/www.fundacionsancebrian.com\/portal\/wp-content\/uploads\/2020\/11\/undraw_healthy_options_sdo3-600x484.png 600w\" sizes=\"(max-width: 248px) 100vw, 248px\" \/><\/p>\n<p style=\"text-align: center;\"><strong>Formaci\u00f3n interna de manipulador de alimentos y gesti\u00f3n de al\u00e9rgenos<\/strong><\/p>\n<p style=\"text-align: center;\"><a href=\"http:\/\/www.fundacionsancebrian.com\/portal\/manipulacion-de-alimentos-y-gestion-de-alergenos\/\">Haz clic para acceder<\/a><\/p>\n<\/div>\n<\/div><\/div><\/div><div id=\"pgc-12392-2-1\"  class=\"panel-grid-cell\" ><div id=\"panel-12392-2-1-0\" class=\"so-panel widget widget_sow-editor panel-first-child panel-last-child\" data-index=\"4\" ><div\n\t\t\t\n\t\t\tclass=\"so-widget-sow-editor so-widget-sow-editor-base\"\n\t\t\t\n\t\t>\n<div class=\"siteorigin-widget-tinymce textwidget\">\n\t<p><img decoding=\"async\" class=\"aligncenter wp-image-6860\" src=\"http:\/\/www.fundacionsancebrian.com\/portal\/wp-content\/uploads\/2020\/07\/undraw_gdpr_3xfb.png\" alt=\"\" width=\"238\" height=\"200\" srcset=\"https:\/\/www.fundacionsancebrian.com\/portal\/wp-content\/uploads\/2020\/07\/undraw_gdpr_3xfb.png 1247w, https:\/\/www.fundacionsancebrian.com\/portal\/wp-content\/uploads\/2020\/07\/undraw_gdpr_3xfb-300x252.png 300w, https:\/\/www.fundacionsancebrian.com\/portal\/wp-content\/uploads\/2020\/07\/undraw_gdpr_3xfb-1024x861.png 1024w, https:\/\/www.fundacionsancebrian.com\/portal\/wp-content\/uploads\/2020\/07\/undraw_gdpr_3xfb-768x646.png 768w, https:\/\/www.fundacionsancebrian.com\/portal\/wp-content\/uploads\/2020\/07\/undraw_gdpr_3xfb-600x505.png 600w\" sizes=\"(max-width: 238px) 100vw, 238px\" \/><\/p>\n<p style=\"text-align: center;\"><strong><a href=\"http:\/\/www.fundacionsancebrian.com\/portal\/jornada-sobre-reglamento-general-de-proteccion-de-datos\/\">Jornada sobre Reglamento General de Protecci\u00f3n de Datos<\/a>\u00a0<\/strong><\/p>\n<p style=\"text-align: center;\"><a href=\"http:\/\/www.fundacionsancebrian.com\/portal\/jornada-sobre-reglamento-general-de-proteccion-de-datos\/\">Haz clic para acceder<\/a><\/p>\n<p>&nbsp;<\/p>\n<\/div>\n<\/div><\/div><\/div><div id=\"pgc-12392-2-2\"  class=\"panel-grid-cell\" ><div id=\"panel-12392-2-2-0\" class=\"so-panel widget widget_sow-editor panel-first-child panel-last-child\" data-index=\"5\" ><div\n\t\t\t\n\t\t\tclass=\"so-widget-sow-editor so-widget-sow-editor-base\"\n\t\t\t\n\t\t>\n<div class=\"siteorigin-widget-tinymce textwidget\">\n\t<p><img loading=\"lazy\" loading=\"lazy\" decoding=\"async\" class=\"aligncenter wp-image-12188\" src=\"https:\/\/www.fundacionsancebrian.com\/portal\/wp-content\/uploads\/2024\/02\/undraw_Group_chat_re_frmo.png\" alt=\"\" width=\"281\" height=\"200\" srcset=\"https:\/\/www.fundacionsancebrian.com\/portal\/wp-content\/uploads\/2024\/02\/undraw_Group_chat_re_frmo.png 1228w, https:\/\/www.fundacionsancebrian.com\/portal\/wp-content\/uploads\/2024\/02\/undraw_Group_chat_re_frmo-300x214.png 300w, https:\/\/www.fundacionsancebrian.com\/portal\/wp-content\/uploads\/2024\/02\/undraw_Group_chat_re_frmo-1024x729.png 1024w, https:\/\/www.fundacionsancebrian.com\/portal\/wp-content\/uploads\/2024\/02\/undraw_Group_chat_re_frmo-768x547.png 768w\" sizes=\"auto, (max-width: 281px) 100vw, 281px\" \/><\/p>\n<p style=\"text-align: center;\"><a href=\"https:\/\/www.fundacionsancebrian.com\/portal\/canal-de-informacion\/\"><strong>Canal de informaci\u00f3n <\/strong><\/a><\/p>\n<p style=\"text-align: center;\"><a href=\"https:\/\/www.fundacionsancebrian.com\/portal\/canal-de-informacion\/\">Haz clic para acceder<\/a><\/p>\n<\/div>\n<\/div><\/div><\/div><\/div><\/div>","protected":false},"excerpt":{"rendered":"<p>Formaci\u00f3n<\/p>\n","protected":false},"author":2,"featured_media":0,"parent":0,"menu_order":0,"comment_status":"closed","ping_status":"closed","template":"","meta":{"_seopress_robots_primary_cat":"","_seopress_titles_title":"","_seopress_titles_desc":"","_seopress_robots_index":"","_eb_attr":"","footnotes":""},"categories":[],"tags":[],"class_list":["post-12392","page","type-page","status-publish","hentry","post"],"_links":{"self":[{"href":"https:\/\/www.fundacionsancebrian.com\/portal\/wp-json\/wp\/v2\/pages\/12392","targetHints":{"allow":["GET"]}}],"collection":[{"href":"https:\/\/www.fundacionsancebrian.com\/portal\/wp-json\/wp\/v2\/pages"}],"about":[{"href":"https:\/\/www.fundacionsancebrian.com\/portal\/wp-json\/wp\/v2\/types\/page"}],"author":[{"embeddable":true,"href":"https:\/\/www.fundacionsancebrian.com\/portal\/wp-json\/wp\/v2\/users\/2"}],"replies":[{"embeddable":true,"href":"https:\/\/www.fundacionsancebrian.com\/portal\/wp-json\/wp\/v2\/comments?post=12392"}],"version-history":[{"count":5,"href":"https:\/\/www.fundacionsancebrian.com\/portal\/wp-json\/wp\/v2\/pages\/12392\/revisions"}],"predecessor-version":[{"id":12538,"href":"https:\/\/www.fundacionsancebrian.com\/portal\/wp-json\/wp\/v2\/pages\/12392\/revisions\/12538"}],"wp:attachment":[{"href":"https:\/\/www.fundacionsancebrian.com\/portal\/wp-json\/wp\/v2\/media?parent=12392"}],"wp:term":[{"taxonomy":"category","embeddable":true,"href":"https:\/\/www.fundacionsancebrian.com\/portal\/wp-json\/wp\/v2\/categories?post=12392"},{"taxonomy":"post_tag","embeddable":true,"href":"https:\/\/www.fundacionsancebrian.com\/portal\/wp-json\/wp\/v2\/tags?post=12392"}],"curies":[{"name":"wp","href":"https:\/\/api.w.org\/{rel}","templated":true}]}}