{"id":141,"date":"2018-01-17T09:54:10","date_gmt":"2018-01-17T09:54:10","guid":{"rendered":"http:\/\/www.fundacionsancebrian.com\/portal\/?page_id=141"},"modified":"2024-05-22T16:02:48","modified_gmt":"2024-05-22T14:02:48","slug":"historia","status":"publish","type":"page","link":"https:\/\/www.fundacionsancebrian.com\/portal\/historia\/","title":{"rendered":"Historia"},"content":{"rendered":"<div id=\"pl-141\"  class=\"panel-layout\" ><div id=\"pg-141-0\"  class=\"panel-grid panel-no-style\" ><div id=\"pgc-141-0-0\"  class=\"panel-grid-cell\" ><div id=\"panel-141-0-0-0\" class=\"so-panel widget widget_sow-headline panel-first-child panel-last-child\" data-index=\"0\" ><div class=\"panel-widget-style panel-widget-style-for-141-0-0-0\" ><div\n\t\t\t\n\t\t\tclass=\"so-widget-sow-headline so-widget-sow-headline-default-9cf57dc4ac3e-141 so-widget-fittext-wrapper\"\n\t\t\t data-fit-text-compressor=\"0.85\"\n\t\t><div class=\"sow-headline-container \">\n\t\t\t\t\t\t\t<h1 class=\"sow-headline\">\n\t\t\t\t\t\tNuestra <span style=\"color: #289b38\"><b>HISTORIA<\/b><\/span>\t\t\t\t\t\t<\/h1>\n\t\t\t\t\t\t\t\t\t\t\t<div class=\"decoration\">\n\t\t\t\t\t\t<div class=\"decoration-inside\"><\/div>\n\t\t\t\t\t<\/div>\n\t\t\t\t\t\t\t\t\t\t\t<p class=\"sow-sub-headline\">\n\t\t\t\t\t\tAcompa\u00f1amos y prestamos apoyos a personas y a sus familias durante toda su vida y en todos los \u00e1mbitos.\t\t\t\t\t\t<\/p>\n\t\t\t\t\t\t<\/div>\n<\/div><\/div><\/div><\/div><\/div><div id=\"pg-141-1\"  class=\"panel-grid panel-no-style\" ><div id=\"pgc-141-1-0\"  class=\"panel-grid-cell\" ><div id=\"panel-141-1-0-0\" class=\"so-panel widget widget_sow-editor panel-first-child panel-last-child\" data-index=\"1\" ><div\n\t\t\t\n\t\t\tclass=\"so-widget-sow-editor so-widget-sow-editor-base\"\n\t\t\t\n\t\t>\n<div class=\"siteorigin-widget-tinymce textwidget\">\n\t<p>Esta historia se remonta a finales de los a\u00f1os 70, principios de los a\u00f1os 80; como respuesta a una demanda, como respuesta a una pregunta que se hicieron un grupo de familias de la regi\u00f3n, que ten\u00edan un hijo con discapacidad intelectual, \u00bfcu\u00e1ndo yo no est\u00e9, que ser\u00e1 de mi hijo? \u00bfQui\u00e9n va a cuidar de \u00e9l?<\/p>\n<p>En 1977, estas familias \u2013quienes optaron por aunar fuerzas a trav\u00e9s de asociaciones y federaciones \u2013 construyeron los cimientos del proyecto que dar\u00eda respuesta a ese interrogante, el Centro San Cebri\u00e1n (el nombre con el que naci\u00f3, por ubicarse en la localidad palentina de San Cebri\u00e1n de Campos). En 1980 abri\u00f3 sus puertas y se inici\u00f3 entonces un camino desconocido para todos pero a su vez, m\u00e1gico, ilusionante y motivador, porque trabajar con y para las personas es el leit motiv de esta entidad sin \u00e1nimo de lucro, que se ha ido adaptando a las nuevas necesidades de las personas y amold\u00e1ndose al entorno social.<\/p>\n<blockquote>\n<h2 style=\"text-align: center;\">Ellos dise\u00f1an su vida, nosotros les damos el molde.<\/h2>\n<\/blockquote>\n<p style=\"text-align: center;\"><div class=\"su-custom-gallery su-custom-gallery-align-left su-custom-gallery-title-never su-lightbox-gallery\"><div class=\"su-custom-gallery-slide\" style=\"width:200px;height:133px\"><a href=\"https:\/\/www.fundacionsancebrian.com\/portal\/wp-content\/uploads\/2018\/03\/Scan-140904-0001-Medium.jpg\" title=\"Foto antigua\"><img decoding=\"async\" src=\"https:\/\/www.fundacionsancebrian.com\/portal\/wp-content\/uploads\/2018\/03\/Scan-140904-0001-Medium-200x133.jpg\" alt=\"Foto antigua\" width=\"200\" height=\"133\" \/><span class=\"su-custom-gallery-title\">Foto antigua<\/span><\/a><\/div><div class=\"su-custom-gallery-slide\" style=\"width:200px;height:133px\"><a href=\"https:\/\/www.fundacionsancebrian.com\/portal\/wp-content\/uploads\/2018\/03\/Scan-150605-0008-Medium.jpg\" title=\"Foto antigua\"><img decoding=\"async\" src=\"https:\/\/www.fundacionsancebrian.com\/portal\/wp-content\/uploads\/2018\/03\/Scan-150605-0008-Medium-200x133.jpg\" alt=\"Foto antigua\" width=\"200\" height=\"133\" \/><span class=\"su-custom-gallery-title\">Foto antigua<\/span><\/a><\/div><div class=\"su-custom-gallery-slide\" style=\"width:200px;height:133px\"><a href=\"https:\/\/www.fundacionsancebrian.com\/portal\/wp-content\/uploads\/2018\/03\/Scan-140902-0004-Medium.jpg\" title=\"Foto antigua\"><img decoding=\"async\" src=\"https:\/\/www.fundacionsancebrian.com\/portal\/wp-content\/uploads\/2018\/03\/Scan-140902-0004-Medium-200x133.jpg\" alt=\"Foto antigua\" width=\"200\" height=\"133\" \/><span class=\"su-custom-gallery-title\">Foto antigua<\/span><\/a><\/div><div class=\"su-custom-gallery-slide\" style=\"width:200px;height:133px\"><a href=\"https:\/\/www.fundacionsancebrian.com\/portal\/wp-content\/uploads\/2018\/03\/Scan-140902-0012-Medium.jpg\" title=\"Foto antigua\"><img loading=\"lazy\" decoding=\"async\" src=\"https:\/\/www.fundacionsancebrian.com\/portal\/wp-content\/uploads\/2018\/03\/Scan-140902-0012-Medium-200x133.jpg\" alt=\"Foto antigua\" width=\"200\" height=\"133\" \/><span class=\"su-custom-gallery-title\">Foto antigua<\/span><\/a><\/div><div class=\"su-custom-gallery-slide\" style=\"width:200px;height:133px\"><a href=\"https:\/\/www.fundacionsancebrian.com\/portal\/wp-content\/uploads\/2018\/03\/Scan-140902-0001-Medium.jpg\" title=\"Foto antigua\"><img loading=\"lazy\" decoding=\"async\" src=\"https:\/\/www.fundacionsancebrian.com\/portal\/wp-content\/uploads\/2018\/03\/Scan-140902-0001-Medium-200x133.jpg\" alt=\"Foto antigua\" width=\"200\" height=\"133\" \/><span class=\"su-custom-gallery-title\">Foto antigua<\/span><\/a><\/div><div class=\"su-clear\"><\/div><\/div><\/p>\n<p>Dar respuesta a estas familias y por ende, cuidar a esas personas con discapacidad intelectual de una edad ya avanzada que estaban acostumbradas a convivir con sus padres, han sido los cimientos de una entidad, que se ha ido amoldando a las personas en todos los \u00e1mbitos y esferas de su vida: a su empleo, a sus familias, a su entorno m\u00e1s cercano; a su calidad de vida, a sus sue\u00f1os\u2026<\/p>\n<p>San Cebri\u00e1n de Campos, una peque\u00f1a localidad de Tierra de Campos, fue cuna del nacimiento del Grupo Fundaci\u00f3n San Cebri\u00e1n, ubic\u00e1ndose sus primeras instalaciones en un antiguo colegio \u2013 la actual Residencia-. Alrededor de \u00e9ste fueron surgiendo m\u00e1s, talleres, invernaderos, gimnasios, jard\u00edn\u2026todo para hacer de estos espacios: su hogar, su vida.<\/p>\n<h1 style=\"text-align: left;\">Los hitos m\u00e1s destacados<\/h1>\n<div class=\"su-divider su-divider-style-default\" style=\"margin:0px 0;border-width:1px;border-color:#999999\"><\/div>\n<p><iframe src=\"\/\/cdn.knightlab.com\/libs\/timeline3\/latest\/embed\/index.html?source=1J8xh9q87jOH7NN7pbBRF2kYr42_hBCclGBIUcOkwrqk&amp;font=Default&amp;lang=es&amp;start_at_end=true&amp;initial_zoom=2&amp;height=450\" width=\"100%\" height=\"650\" frameborder=\"0\"><\/iframe><\/p>\n<\/div>\n<\/div><\/div><\/div><\/div><\/div>","protected":false},"excerpt":{"rendered":"<p>Esta historia se remonta a finales de los a\u00f1os 70, principios de los a\u00f1os 80; como respuesta a una demanda, como respuesta a una pregunta que se hicieron un grupo de familias de la regi\u00f3n, que ten\u00edan un hijo con discapacidad intelectual, \u00bfcu\u00e1ndo yo no est\u00e9, que ser\u00e1 de mi hijo? \u00bfQui\u00e9n va a cuidar [&hellip;]<\/p>\n","protected":false},"author":1,"featured_media":0,"parent":0,"menu_order":0,"comment_status":"closed","ping_status":"closed","template":"","meta":{"_seopress_robots_primary_cat":"","_seopress_titles_title":"","_seopress_titles_desc":"","_seopress_robots_index":"","_eb_attr":"","footnotes":""},"categories":[],"tags":[],"class_list":["post-141","page","type-page","status-publish","hentry","post"],"_links":{"self":[{"href":"https:\/\/www.fundacionsancebrian.com\/portal\/wp-json\/wp\/v2\/pages\/141","targetHints":{"allow":["GET"]}}],"collection":[{"href":"https:\/\/www.fundacionsancebrian.com\/portal\/wp-json\/wp\/v2\/pages"}],"about":[{"href":"https:\/\/www.fundacionsancebrian.com\/portal\/wp-json\/wp\/v2\/types\/page"}],"author":[{"embeddable":true,"href":"https:\/\/www.fundacionsancebrian.com\/portal\/wp-json\/wp\/v2\/users\/1"}],"replies":[{"embeddable":true,"href":"https:\/\/www.fundacionsancebrian.com\/portal\/wp-json\/wp\/v2\/comments?post=141"}],"version-history":[{"count":51,"href":"https:\/\/www.fundacionsancebrian.com\/portal\/wp-json\/wp\/v2\/pages\/141\/revisions"}],"predecessor-version":[{"id":12531,"href":"https:\/\/www.fundacionsancebrian.com\/portal\/wp-json\/wp\/v2\/pages\/141\/revisions\/12531"}],"wp:attachment":[{"href":"https:\/\/www.fundacionsancebrian.com\/portal\/wp-json\/wp\/v2\/media?parent=141"}],"wp:term":[{"taxonomy":"category","embeddable":true,"href":"https:\/\/www.fundacionsancebrian.com\/portal\/wp-json\/wp\/v2\/categories?post=141"},{"taxonomy":"post_tag","embeddable":true,"href":"https:\/\/www.fundacionsancebrian.com\/portal\/wp-json\/wp\/v2\/tags?post=141"}],"curies":[{"name":"wp","href":"https:\/\/api.w.org\/{rel}","templated":true}]}}