{"id":152,"date":"2018-01-17T10:35:21","date_gmt":"2018-01-17T10:35:21","guid":{"rendered":"http:\/\/www.fundacionsancebrian.com\/portal\/?page_id=152"},"modified":"2024-06-17T15:13:19","modified_gmt":"2024-06-17T13:13:19","slug":"reconocimientos-y-premios","status":"publish","type":"page","link":"https:\/\/www.fundacionsancebrian.com\/portal\/reconocimientos-y-premios\/","title":{"rendered":"Reconocimientos y premios"},"content":{"rendered":"<div id=\"pl-152\"  class=\"panel-layout\" ><div id=\"pg-152-0\"  class=\"panel-grid panel-no-style\" ><div id=\"pgc-152-0-0\"  class=\"panel-grid-cell\" ><div id=\"panel-152-0-0-0\" class=\"so-panel widget widget_sow-headline panel-first-child panel-last-child\" data-index=\"0\" ><div class=\"panel-widget-style panel-widget-style-for-152-0-0-0\" ><div\n\t\t\t\n\t\t\tclass=\"so-widget-sow-headline so-widget-sow-headline-default-c47f84ec2e15-152 so-widget-fittext-wrapper\"\n\t\t\t data-fit-text-compressor=\"0.85\"\n\t\t><div class=\"sow-headline-container \">\n\t\t\t\t\t\t\t<h1 class=\"sow-headline\">\n\t\t\t\t\t\t<span style=\"color: #289b38\"><b>RECONOCIMIENTOS<\/b><\/span> y <span style=\"color: #289b38\"><b>PREMIOS<\/b><\/span>\t\t\t\t\t\t<\/h1>\n\t\t\t\t\t\t\t\t\t\t\t<div class=\"decoration\">\n\t\t\t\t\t\t<div class=\"decoration-inside\"><\/div>\n\t\t\t\t\t<\/div>\n\t\t\t\t\t<\/div>\n<\/div><\/div><\/div><\/div><\/div><div id=\"pg-152-1\"  class=\"panel-grid panel-no-style\" ><div id=\"pgc-152-1-0\"  class=\"panel-grid-cell\" ><div id=\"panel-152-1-0-0\" class=\"so-panel widget widget_sow-editor panel-first-child panel-last-child\" data-index=\"1\" ><div\n\t\t\t\n\t\t\tclass=\"so-widget-sow-editor so-widget-sow-editor-base\"\n\t\t\t\n\t\t>\n<div class=\"siteorigin-widget-tinymce textwidget\">\n\t<h1 style=\"text-align: center;\">2022<\/h1>\n<ul>\n<li>Premio SER Palentino a las radios inclusivas.<\/li>\n<\/ul>\n<\/div>\n<\/div><\/div><\/div><div id=\"pgc-152-1-1\"  class=\"panel-grid-cell\" ><div id=\"panel-152-1-1-0\" class=\"so-panel widget widget_sow-editor panel-first-child panel-last-child\" data-index=\"2\" ><div\n\t\t\t\n\t\t\tclass=\"so-widget-sow-editor so-widget-sow-editor-base\"\n\t\t\t\n\t\t>\n<div class=\"siteorigin-widget-tinymce textwidget\">\n\t<h1 style=\"text-align: center;\">2021<\/h1>\n<ul>\n<li>Premio social ACUP Radio<\/li>\n<li>Reconocimiento Ayuntamiento de Palencia COVID-19 (Cribado)<\/li>\n<li>Registro certificado Huella Carbono. Fundaci\u00f3n San Cebri\u00e1n<\/li>\n<li>Revalidaci\u00f3n Sello Calidad EFQM 400+<\/li>\n<\/ul>\n<\/div>\n<\/div><\/div><\/div><div id=\"pgc-152-1-2\"  class=\"panel-grid-cell\" ><div id=\"panel-152-1-2-0\" class=\"so-panel widget widget_sow-editor panel-first-child panel-last-child\" data-index=\"3\" ><div\n\t\t\t\n\t\t\tclass=\"so-widget-sow-editor so-widget-sow-editor-base\"\n\t\t\t\n\t\t>\n<div class=\"siteorigin-widget-tinymce textwidget\">\n\t<h1 style=\"text-align: center;\">2019<\/h1>\n<ul>\n<li>Premio Territorios Solidarios BBVA<\/li>\n<li>Medallas. Juegos Mundiales Abu Dhabi<\/li>\n<\/ul>\n<\/div>\n<\/div><\/div><\/div><\/div><div id=\"pg-152-2\"  class=\"panel-grid panel-has-style\" ><div class=\"panel-row-style panel-row-style-for-152-2\" ><div id=\"pgc-152-2-0\"  class=\"panel-grid-cell\" ><div id=\"panel-152-2-0-0\" class=\"so-panel widget widget_sow-editor panel-first-child panel-last-child\" data-index=\"4\" ><div\n\t\t\t\n\t\t\tclass=\"so-widget-sow-editor so-widget-sow-editor-base\"\n\t\t\t\n\t\t>\n<div class=\"siteorigin-widget-tinymce textwidget\">\n\t<h1 style=\"text-align: center;\">2018<\/h1>\n<ul>\n<li>Menci\u00f3n \u2018Proyecto Solidario\u2019 a Escuela Infantil Infanta Sof\u00eda en los III Premios Escuela Infantil<\/li>\n<li>III Premio 'Desaf\u00edo Universidad Empresa' junto a Universidad Cat\u00f3lica de \u00c1vila<\/li>\n<li>Obtenci\u00f3n sello de calidad EFQM +400<\/li>\n<\/ul>\n<\/div>\n<\/div><\/div><\/div><div id=\"pgc-152-2-1\"  class=\"panel-grid-cell\" ><div id=\"panel-152-2-1-0\" class=\"so-panel widget widget_sow-editor panel-first-child panel-last-child\" data-index=\"5\" ><div\n\t\t\t\n\t\t\tclass=\"so-widget-sow-editor so-widget-sow-editor-base\"\n\t\t\t\n\t\t>\n<div class=\"siteorigin-widget-tinymce textwidget\">\n\t<h1 style=\"text-align: center;\">2016<\/h1>\n<ul>\n<li>Primer Premio ALARES por las medidas de conciliaci\u00f3n profesional<\/li>\n<li>Menci\u00f3n Especial Premios Fundaci\u00f3n AtreSmedia \u201cGrandes profes\u201d<\/li>\n<li>Premio Fundaci\u00f3n Smart Forest a la trayectoria<\/li>\n<li>Segundo Premio Concurso de Belenes. Diputaci\u00f3n de Palencia<\/li>\n<\/ul>\n<\/div>\n<\/div><\/div><\/div><div id=\"pgc-152-2-2\"  class=\"panel-grid-cell\" ><div id=\"panel-152-2-2-0\" class=\"so-panel widget widget_sow-editor panel-first-child panel-last-child\" data-index=\"6\" ><div\n\t\t\t\n\t\t\tclass=\"so-widget-sow-editor so-widget-sow-editor-base\"\n\t\t\t\n\t\t>\n<div class=\"siteorigin-widget-tinymce textwidget\">\n\t<h1 style=\"text-align: center;\">2015<\/h1>\n<ul>\n<li>Mejor Club Deportivo de la Provincia al C. D. San Cebri\u00e1n<\/li>\n<\/ul>\n<\/div>\n<\/div><\/div><\/div><\/div><\/div><div id=\"pg-152-3\"  class=\"panel-grid panel-no-style\" ><div id=\"pgc-152-3-0\"  class=\"panel-grid-cell\" ><div id=\"panel-152-3-0-0\" class=\"so-panel widget widget_sow-editor panel-first-child panel-last-child\" data-index=\"7\" ><div\n\t\t\t\n\t\t\tclass=\"so-widget-sow-editor so-widget-sow-editor-base\"\n\t\t\t\n\t\t>\n<div class=\"siteorigin-widget-tinymce textwidget\">\n\t<h1 style=\"text-align: center;\">2014<\/h1>\n<ul>\n<li>Premio al Deporte al Club Deportivo San Cebri\u00e1n. Ayuntamiento Venta de Ba\u00f1os<\/li>\n<li>ECOS\/ATACES: Premio al desarrollo del cooperativismo y econom\u00eda social<\/li>\n<li>Premio Impulso Banco Popular<\/li>\n<li>Primer premio belenes entidades<\/li>\n<\/ul>\n<\/div>\n<\/div><\/div><\/div><div id=\"pgc-152-3-1\"  class=\"panel-grid-cell\" ><div id=\"panel-152-3-1-0\" class=\"so-panel widget widget_sow-editor panel-first-child panel-last-child\" data-index=\"8\" ><div\n\t\t\t\n\t\t\tclass=\"so-widget-sow-editor so-widget-sow-editor-base\"\n\t\t\t\n\t\t>\n<div class=\"siteorigin-widget-tinymce textwidget\">\n\t<h1 style=\"text-align: center;\">2013<\/h1>\n<ul>\n<li>Premio INTEGRA BBVA : Proyecto INCOREM<\/li>\n<li>Segundo premio carnavales 2.013 Ciudad de Palencia<\/li>\n<li>Premio al mejor deportista con discapacidad<\/li>\n<\/ul>\n<\/div>\n<\/div><\/div><\/div><div id=\"pgc-152-3-2\"  class=\"panel-grid-cell\" ><div id=\"panel-152-3-2-0\" class=\"so-panel widget widget_sow-editor panel-first-child panel-last-child\" data-index=\"9\" ><div\n\t\t\t\n\t\t\tclass=\"so-widget-sow-editor so-widget-sow-editor-base\"\n\t\t\t\n\t\t>\n<div class=\"siteorigin-widget-tinymce textwidget\">\n\t<h1 style=\"text-align: center;\">2012<\/h1>\n<ul>\n<li>Premio Empodera 2.012 al proyecto \u201cVoces que cuentan\u201d de taller de radio.<\/li>\n<li>Premio FESCO2. Medioambiente y energ\u00edas renovables<\/li>\n<\/ul>\n<\/div>\n<\/div><\/div><\/div><\/div><div id=\"pg-152-4\"  class=\"panel-grid panel-has-style\" ><div class=\"panel-row-style panel-row-style-for-152-4\" ><div id=\"pgc-152-4-0\"  class=\"panel-grid-cell\" ><div id=\"panel-152-4-0-0\" class=\"so-panel widget widget_sow-editor panel-first-child panel-last-child\" data-index=\"10\" ><div\n\t\t\t\n\t\t\tclass=\"so-widget-sow-editor so-widget-sow-editor-base\"\n\t\t\t\n\t\t>\n<div class=\"siteorigin-widget-tinymce textwidget\">\n\t<h1 style=\"text-align: center;\">2011<\/h1>\n<ul>\n<li>Premio Integra BBVA. Recogida de Aceite Usado<\/li>\n<\/ul>\n<\/div>\n<\/div><\/div><\/div><div id=\"pgc-152-4-1\"  class=\"panel-grid-cell\" ><div id=\"panel-152-4-1-0\" class=\"so-panel widget widget_sow-editor panel-first-child panel-last-child\" data-index=\"11\" ><div\n\t\t\t\n\t\t\tclass=\"so-widget-sow-editor so-widget-sow-editor-base\"\n\t\t\t\n\t\t>\n<div class=\"siteorigin-widget-tinymce textwidget\">\n\t<h1 style=\"text-align: center;\">2010<\/h1>\n<ul>\n<li>Certificado Sello Excelencia EFQM<\/li>\n<li>Premio Empresa Innovadora ATACES. Dip. Provincial<\/li>\n<li>Premio narraciones ASPRODES - Salamanca<\/li>\n<\/ul>\n<\/div>\n<\/div><\/div><\/div><div id=\"pgc-152-4-2\"  class=\"panel-grid-cell\" ><div id=\"panel-152-4-2-0\" class=\"so-panel widget widget_sow-editor panel-first-child panel-last-child\" data-index=\"12\" ><div\n\t\t\t\n\t\t\tclass=\"so-widget-sow-editor so-widget-sow-editor-base\"\n\t\t\t\n\t\t>\n<div class=\"siteorigin-widget-tinymce textwidget\">\n\t<h1 style=\"text-align: center;\">2009<\/h1>\n<ul>\n<li>Premio Empresa \u00d3ptima CyL<\/li>\n<li>Mujer en la empresa. Premio CyL<\/li>\n<\/ul>\n<\/div>\n<\/div><\/div><\/div><\/div><\/div><div id=\"pg-152-5\"  class=\"panel-grid panel-no-style\" ><div id=\"pgc-152-5-0\"  class=\"panel-grid-cell\" ><div id=\"panel-152-5-0-0\" class=\"so-panel widget widget_sow-editor panel-first-child panel-last-child\" data-index=\"13\" ><div\n\t\t\t\n\t\t\tclass=\"so-widget-sow-editor so-widget-sow-editor-base\"\n\t\t\t\n\t\t>\n<div class=\"siteorigin-widget-tinymce textwidget\">\n\t<h1 style=\"text-align: center;\">2008<\/h1>\n<ul>\n<li>Calle dedicada. San Cebri\u00e1n de Campos<\/li>\n<li>Concurso Provincial de Belenes. 1er Premio<\/li>\n<\/ul>\n<\/div>\n<\/div><\/div><\/div><div id=\"pgc-152-5-1\"  class=\"panel-grid-cell\" ><div id=\"panel-152-5-1-0\" class=\"so-panel widget widget_sow-editor panel-first-child panel-last-child\" data-index=\"14\" ><div\n\t\t\t\n\t\t\tclass=\"so-widget-sow-editor so-widget-sow-editor-base\"\n\t\t\t\n\t\t>\n<div class=\"siteorigin-widget-tinymce textwidget\">\n\t<h1 style=\"text-align: center;\">2006<\/h1>\n<ul>\n<li>Premio Retablillo. Diario Palentino<\/li>\n<li>Premio Obra Social Caja Espa\u00f1a<\/li>\n<\/ul>\n<\/div>\n<\/div><\/div><\/div><div id=\"pgc-152-5-2\"  class=\"panel-grid-cell\" ><div id=\"panel-152-5-2-0\" class=\"so-panel widget widget_sow-editor panel-first-child panel-last-child\" data-index=\"15\" ><div\n\t\t\t\n\t\t\tclass=\"so-widget-sow-editor so-widget-sow-editor-base\"\n\t\t\t\n\t\t>\n<div class=\"siteorigin-widget-tinymce textwidget\">\n\t<h1 style=\"text-align: center;\">2005<\/h1>\n<ul>\n<li>Premio SERVIR. Club Rotarios<\/li>\n<li>Monumento Solidaridad. San Cebri\u00e1n de Campos<\/li>\n<\/ul>\n<\/div>\n<\/div><\/div><\/div><\/div><div id=\"pg-152-6\"  class=\"panel-grid panel-has-style\" ><div class=\"panel-row-style panel-row-style-for-152-6\" ><div id=\"pgc-152-6-0\"  class=\"panel-grid-cell\" ><div id=\"panel-152-6-0-0\" class=\"so-panel widget widget_sow-editor panel-first-child panel-last-child\" data-index=\"16\" ><div\n\t\t\t\n\t\t\tclass=\"so-widget-sow-editor so-widget-sow-editor-base\"\n\t\t\t\n\t\t>\n<div class=\"siteorigin-widget-tinymce textwidget\">\n\t<h1 style=\"text-align: center;\">2004<\/h1>\n<ul>\n<li>Premio Relevancia empresarial. C\u00e1mara de Comercio<\/li>\n<\/ul>\n<\/div>\n<\/div><\/div><\/div><div id=\"pgc-152-6-1\"  class=\"panel-grid-cell\" ><div id=\"panel-152-6-1-0\" class=\"so-panel widget widget_sow-editor panel-first-child panel-last-child\" data-index=\"17\" ><div\n\t\t\t\n\t\t\tclass=\"so-widget-sow-editor so-widget-sow-editor-base\"\n\t\t\t\n\t\t>\n<div class=\"siteorigin-widget-tinymce textwidget\">\n\t<h1 style=\"text-align: center;\">2000<\/h1>\n<ul>\n<li>\u00a0Premios IMSERSO (2000)<\/li>\n<\/ul>\n<\/div>\n<\/div><\/div><\/div><div id=\"pgc-152-6-2\"  class=\"panel-grid-cell\" ><div id=\"panel-152-6-2-0\" class=\"so-panel widget widget_sow-editor panel-first-child panel-last-child\" data-index=\"18\" ><div\n\t\t\t\n\t\t\tclass=\"so-widget-sow-editor so-widget-sow-editor-base\"\n\t\t\t\n\t\t>\n<div class=\"siteorigin-widget-tinymce textwidget\">\n\t<h1 style=\"text-align: center;\">1991<\/h1>\n<ul>\n<li>Premio HELIOS Uni\u00f3n Europea<\/li>\n<\/ul>\n<\/div>\n<\/div><\/div><\/div><\/div><\/div><div id=\"pg-152-7\"  class=\"panel-grid panel-no-style\" ><div id=\"pgc-152-7-0\"  class=\"panel-grid-cell\" ><div id=\"panel-152-7-0-0\" class=\"so-panel widget widget_sow-editor panel-first-child panel-last-child\" data-index=\"19\" ><div class=\"so-rounded panel-widget-style panel-widget-style-for-152-7-0-0\" ><div\n\t\t\t\n\t\t\tclass=\"so-widget-sow-editor so-widget-sow-editor-base\"\n\t\t\t\n\t\t>\n<div class=\"siteorigin-widget-tinymce textwidget\">\n\t<a href=\"#\" class=\"su-button su-button-style-flat\" style=\"color:#000000;background-color:#ffffff;border-color:#cccccc;border-radius:10px\" target=\"_self\"><span style=\"color:#000000;padding:10px 34px;font-size:25px;line-height:38px;border-color:#ffffff;border-radius:10px;text-shadow:none\"><img decoding=\"async\" src=\"http:\/\/www.fundacionsancebrian.com\/portal\/wp-content\/uploads\/2018\/05\/info.png\" alt=\"\u00bfC\u00f3mo me informo?\" style=\"width:38px;height:38px\" \/> \u00bfC\u00f3mo me informo?<\/span><\/a>\n<hr \/>\n<p>Plaza Juan XXIII 5, bajo<br \/>\n34005 Palencia<br \/>\n979 70 69 54 \/ 979 70 72 48<br \/>\nfscpalencia@fundacionsancebrian.com<\/p>\n<\/div>\n<\/div><\/div><\/div><\/div><\/div><\/div>","protected":false},"excerpt":{"rendered":"<p>2022 Premio SER Palentino a las radios inclusivas. 2021 Premio social ACUP Radio Reconocimiento Ayuntamiento de Palencia COVID-19 (Cribado) Registro certificado Huella Carbono. Fundaci\u00f3n San Cebri\u00e1n Revalidaci\u00f3n Sello Calidad EFQM 400+ 2019 Premio Territorios Solidarios BBVA Medallas. Juegos Mundiales Abu Dhabi<\/p>\n","protected":false},"author":2,"featured_media":0,"parent":0,"menu_order":0,"comment_status":"closed","ping_status":"closed","template":"","meta":{"_seopress_robots_primary_cat":"","_seopress_titles_title":"","_seopress_titles_desc":"","_seopress_robots_index":"","_eb_attr":"","footnotes":""},"categories":[],"tags":[],"class_list":["post-152","page","type-page","status-publish","hentry","post"],"_links":{"self":[{"href":"https:\/\/www.fundacionsancebrian.com\/portal\/wp-json\/wp\/v2\/pages\/152","targetHints":{"allow":["GET"]}}],"collection":[{"href":"https:\/\/www.fundacionsancebrian.com\/portal\/wp-json\/wp\/v2\/pages"}],"about":[{"href":"https:\/\/www.fundacionsancebrian.com\/portal\/wp-json\/wp\/v2\/types\/page"}],"author":[{"embeddable":true,"href":"https:\/\/www.fundacionsancebrian.com\/portal\/wp-json\/wp\/v2\/users\/2"}],"replies":[{"embeddable":true,"href":"https:\/\/www.fundacionsancebrian.com\/portal\/wp-json\/wp\/v2\/comments?post=152"}],"version-history":[{"count":49,"href":"https:\/\/www.fundacionsancebrian.com\/portal\/wp-json\/wp\/v2\/pages\/152\/revisions"}],"predecessor-version":[{"id":12710,"href":"https:\/\/www.fundacionsancebrian.com\/portal\/wp-json\/wp\/v2\/pages\/152\/revisions\/12710"}],"wp:attachment":[{"href":"https:\/\/www.fundacionsancebrian.com\/portal\/wp-json\/wp\/v2\/media?parent=152"}],"wp:term":[{"taxonomy":"category","embeddable":true,"href":"https:\/\/www.fundacionsancebrian.com\/portal\/wp-json\/wp\/v2\/categories?post=152"},{"taxonomy":"post_tag","embeddable":true,"href":"https:\/\/www.fundacionsancebrian.com\/portal\/wp-json\/wp\/v2\/tags?post=152"}],"curies":[{"name":"wp","href":"https:\/\/api.w.org\/{rel}","templated":true}]}}