{"id":223,"date":"2018-01-18T12:14:35","date_gmt":"2018-01-18T12:14:35","guid":{"rendered":"http:\/\/www.fundacionsancebrian.com\/portal\/?page_id=223"},"modified":"2024-10-17T09:24:21","modified_gmt":"2024-10-17T07:24:21","slug":"noticias","status":"publish","type":"page","link":"https:\/\/www.fundacionsancebrian.com\/portal\/noticias\/","title":{"rendered":"Noticias"},"content":{"rendered":"<div id=\"pl-223\"  class=\"panel-layout\" ><div id=\"pg-223-0\"  class=\"panel-grid panel-no-style\" ><div id=\"pgc-223-0-0\"  class=\"panel-grid-cell\" ><div id=\"panel-223-0-0-0\" class=\"so-panel widget widget_sow-headline panel-first-child panel-last-child\" data-index=\"0\" ><div class=\"panel-widget-style panel-widget-style-for-223-0-0-0\" ><div\n\t\t\t\n\t\t\tclass=\"so-widget-sow-headline so-widget-sow-headline-default-c47f84ec2e15-223 so-widget-fittext-wrapper\"\n\t\t\t data-fit-text-compressor=\"0.85\"\n\t\t><div class=\"sow-headline-container \">\n\t\t\t\t\t\t\t<h1 class=\"sow-headline\">\n\t\t\t\t\t\tArchivo de <span style=\"color: #289b38\"><b>NOTICIAS<\/b><\/span>\t\t\t\t\t\t<\/h1>\n\t\t\t\t\t\t\t\t\t\t\t<div class=\"decoration\">\n\t\t\t\t\t\t<div class=\"decoration-inside\"><\/div>\n\t\t\t\t\t<\/div>\n\t\t\t\t\t<\/div>\n<\/div><\/div><\/div><\/div><\/div><div id=\"pg-223-1\"  class=\"panel-grid panel-no-style\" ><div id=\"pgc-223-1-0\"  class=\"panel-grid-cell\" ><div id=\"panel-223-1-0-0\" class=\"so-panel widget widget_sow-editor panel-first-child panel-last-child\" data-index=\"1\" ><div\n\t\t\t\n\t\t\tclass=\"so-widget-sow-editor so-widget-sow-editor-base\"\n\t\t\t\n\t\t>\n<div class=\"siteorigin-widget-tinymce textwidget\">\n\t<div class=\"pt-cv-wrapper\">\n<div class=\"pt-cv-view pt-cv-grid pt-cv-colsys\" id=\"pt-cv-view-0bd8c9at3s\">\n<div data-id=\"pt-cv-page-1\" class=\"pt-cv-page\" data-cvc=\"3\">\n<div class=\"col-md-4 col-sm-12 col-xs-12 pt-cv-content-item pt-cv-1-col\" >\n<div class='pt-cv-ifield'><a href=\"https:\/\/www.fundacionsancebrian.com\/portal\/once-impulsa-la-mejora-de-la-seguridad-en-la-residencia-de-san-cebrian-de-campos-con-nuevas-ayudas-tecnicas\/\" class=\"_self pt-cv-href-thumbnail pt-cv-thumb-default\" target=\"_self\" ><\/a><\/p>\n<h6 class=\"pt-cv-title\"><a href=\"https:\/\/www.fundacionsancebrian.com\/portal\/once-impulsa-la-mejora-de-la-seguridad-en-la-residencia-de-san-cebrian-de-campos-con-nuevas-ayudas-tecnicas\/\" class=\"_self\" target=\"_self\" >ONCE impulsa la mejora de la seguridad en la residencia de San Cebri\u00e1n de Campos con nuevas ayudas t\u00e9cnicas<\/a><\/h6>\n<div class=\"pt-cv-content\">\n<div class=\"pt-cv-rmwrap\"><a href=\"https:\/\/www.fundacionsancebrian.com\/portal\/once-impulsa-la-mejora-de-la-seguridad-en-la-residencia-de-san-cebrian-de-campos-con-nuevas-ayudas-tecnicas\/\" class=\"_self pt-cv-readmore btn btn-success\" target=\"_self\">Leer noticia completa<\/a><\/div>\n<\/div>\n<div class=\"pt-cv-meta-fields\"><span class=\"entry-date\"> <time datetime=\"2025-12-10T10:50:38+01:00\">10 diciembre, 2025<\/time><\/span><span> \/ <\/span><span class=\"terms\"> <a href='https:\/\/www.fundacionsancebrian.com\/portal\/category\/noticias\/' title='Noticias' class='pt-cv-tax-noticias'>Noticias<\/a><\/span><\/div>\n<\/div>\n<\/div>\n<div class=\"col-md-4 col-sm-12 col-xs-12 pt-cv-content-item pt-cv-1-col\" >\n<div class='pt-cv-ifield'><a href=\"https:\/\/www.fundacionsancebrian.com\/portal\/el-centro-de-vida-independiente-del-grupo-fundacion-san-cebrian-se-convierte-en-espacio-expositivo-abierto-a-la-comunidad-artistica\/\" class=\"_self pt-cv-href-thumbnail pt-cv-thumb-default\" target=\"_self\" ><img fetchpriority=\"high\" decoding=\"async\" width=\"436\" height=\"272\" src=\"https:\/\/www.fundacionsancebrian.com\/portal\/wp-content\/uploads\/2025\/10\/Inauguracion-Exposicion-1-1-436x272.jpg\" class=\"pt-cv-thumbnail\" alt=\"\" \/><\/a><\/p>\n<h6 class=\"pt-cv-title\"><a href=\"https:\/\/www.fundacionsancebrian.com\/portal\/el-centro-de-vida-independiente-del-grupo-fundacion-san-cebrian-se-convierte-en-espacio-expositivo-abierto-a-la-comunidad-artistica\/\" class=\"_self\" target=\"_self\" >El Centro de Vida Independiente del Grupo Fundaci\u00f3n San Cebri\u00e1n se convierte en espacio expositivo abierto a la comunidad art\u00edstica<\/a><\/h6>\n<div class=\"pt-cv-content\">\n<div class=\"pt-cv-rmwrap\"><a href=\"https:\/\/www.fundacionsancebrian.com\/portal\/el-centro-de-vida-independiente-del-grupo-fundacion-san-cebrian-se-convierte-en-espacio-expositivo-abierto-a-la-comunidad-artistica\/\" class=\"_self pt-cv-readmore btn btn-success\" target=\"_self\">Leer noticia completa<\/a><\/div>\n<\/div>\n<div class=\"pt-cv-meta-fields\"><span class=\"entry-date\"> <time datetime=\"2025-10-15T13:22:55+02:00\">15 octubre, 2025<\/time><\/span><span> \/ <\/span><span class=\"terms\"> <a href='https:\/\/www.fundacionsancebrian.com\/portal\/category\/noticias\/' title='Noticias' class='pt-cv-tax-noticias'>Noticias<\/a><\/span><\/div>\n<\/div>\n<\/div>\n<div class=\"col-md-4 col-sm-12 col-xs-12 pt-cv-content-item pt-cv-1-col\" >\n<div class='pt-cv-ifield'><a href=\"https:\/\/www.fundacionsancebrian.com\/portal\/mas-de-800-personas-participan-en-la-xvi-marcha-inclusiva-una-comunidad-de-10-que-ha-recorrido-12-km-entre-fuentes-de-valdepero-y-palencia\/\" class=\"_self pt-cv-href-thumbnail pt-cv-thumb-default\" target=\"_self\" ><img decoding=\"async\" width=\"436\" height=\"272\" src=\"https:\/\/www.fundacionsancebrian.com\/portal\/wp-content\/uploads\/2025\/09\/20250927_114013-436x272.jpg\" class=\"pt-cv-thumbnail\" alt=\"\" \/><\/a><\/p>\n<h6 class=\"pt-cv-title\"><a href=\"https:\/\/www.fundacionsancebrian.com\/portal\/mas-de-800-personas-participan-en-la-xvi-marcha-inclusiva-una-comunidad-de-10-que-ha-recorrido-12-km-entre-fuentes-de-valdepero-y-palencia\/\" class=\"_self\" target=\"_self\" >M\u00e1s de 800 personas participan en la XVI Marcha Inclusiva &#8216;Una comunidad de 10&#8217; que ha recorrido 12 km entre Fuentes de Valdepero y Palencia<\/a><\/h6>\n<div class=\"pt-cv-content\">\n<div class=\"pt-cv-rmwrap\"><a href=\"https:\/\/www.fundacionsancebrian.com\/portal\/mas-de-800-personas-participan-en-la-xvi-marcha-inclusiva-una-comunidad-de-10-que-ha-recorrido-12-km-entre-fuentes-de-valdepero-y-palencia\/\" class=\"_self pt-cv-readmore btn btn-success\" target=\"_self\">Leer noticia completa<\/a><\/div>\n<\/div>\n<div class=\"pt-cv-meta-fields\"><span class=\"entry-date\"> <time datetime=\"2025-09-29T11:22:09+02:00\">29 septiembre, 2025<\/time><\/span><span> \/ <\/span><span class=\"terms\"> <a href='https:\/\/www.fundacionsancebrian.com\/portal\/category\/noticias\/' title='Noticias' class='pt-cv-tax-noticias'>Noticias<\/a><\/span><\/div>\n<\/div>\n<\/div>\n<div class=\"col-md-4 col-sm-12 col-xs-12 pt-cv-content-item pt-cv-1-col\" >\n<div class='pt-cv-ifield'><a href=\"https:\/\/www.fundacionsancebrian.com\/portal\/la-xvi-edicion-de-la-marcha-inclusiva-del-grupo-fundacion-san-cebrian-tendra-lugar-el-sabado-27-de-septiembre-entre-fuentes-de-valdepero-y-palencia\/\" class=\"_self pt-cv-href-thumbnail pt-cv-thumb-default\" target=\"_self\" ><img decoding=\"async\" width=\"436\" height=\"272\" src=\"https:\/\/www.fundacionsancebrian.com\/portal\/wp-content\/uploads\/2025\/09\/Foto-familia-Marcha-436x272.jpg\" class=\"pt-cv-thumbnail\" alt=\"\" \/><\/a><\/p>\n<h6 class=\"pt-cv-title\"><a href=\"https:\/\/www.fundacionsancebrian.com\/portal\/la-xvi-edicion-de-la-marcha-inclusiva-del-grupo-fundacion-san-cebrian-tendra-lugar-el-sabado-27-de-septiembre-entre-fuentes-de-valdepero-y-palencia\/\" class=\"_self\" target=\"_self\" >La XVI edici\u00f3n de la Marcha Inclusiva del Grupo Fundaci\u00f3n San Cebri\u00e1n tendr\u00e1 lugar el s\u00e1bado 27 de septiembre entre Fuentes de Valdepero y Palencia<\/a><\/h6>\n<div class=\"pt-cv-content\">\n<div class=\"pt-cv-rmwrap\"><a href=\"https:\/\/www.fundacionsancebrian.com\/portal\/la-xvi-edicion-de-la-marcha-inclusiva-del-grupo-fundacion-san-cebrian-tendra-lugar-el-sabado-27-de-septiembre-entre-fuentes-de-valdepero-y-palencia\/\" class=\"_self pt-cv-readmore btn btn-success\" target=\"_self\">Leer noticia completa<\/a><\/div>\n<\/div>\n<div class=\"pt-cv-meta-fields\"><span class=\"entry-date\"> <time datetime=\"2025-09-15T14:36:44+02:00\">15 septiembre, 2025<\/time><\/span><span> \/ <\/span><span class=\"terms\"> <a href='https:\/\/www.fundacionsancebrian.com\/portal\/category\/noticias\/' title='Noticias' class='pt-cv-tax-noticias'>Noticias<\/a><\/span><\/div>\n<\/div>\n<\/div>\n<div class=\"col-md-4 col-sm-12 col-xs-12 pt-cv-content-item pt-cv-1-col\" >\n<div class='pt-cv-ifield'><a href=\"https:\/\/www.fundacionsancebrian.com\/portal\/el-plan-estrategico-2025-2027-en-lectura-facil\/\" class=\"_self pt-cv-href-thumbnail pt-cv-thumb-default\" target=\"_self\" ><img loading=\"lazy\" decoding=\"async\" width=\"436\" height=\"272\" src=\"https:\/\/www.fundacionsancebrian.com\/portal\/wp-content\/uploads\/2025\/07\/1-436x272.png\" class=\"pt-cv-thumbnail\" alt=\"\" \/><\/a><\/p>\n<h6 class=\"pt-cv-title\"><a href=\"https:\/\/www.fundacionsancebrian.com\/portal\/el-plan-estrategico-2025-2027-en-lectura-facil\/\" class=\"_self\" target=\"_self\" >El Plan Estrat\u00e9gico 2025-2027 en lectura f\u00e1cil<\/a><\/h6>\n<div class=\"pt-cv-content\">\n<div class=\"pt-cv-rmwrap\"><a href=\"https:\/\/www.fundacionsancebrian.com\/portal\/el-plan-estrategico-2025-2027-en-lectura-facil\/\" class=\"_self pt-cv-readmore btn btn-success\" target=\"_self\">Leer noticia completa<\/a><\/div>\n<\/div>\n<div class=\"pt-cv-meta-fields\"><span class=\"entry-date\"> <time datetime=\"2025-07-29T16:15:43+02:00\">29 julio, 2025<\/time><\/span><span> \/ <\/span><span class=\"terms\"> <a href='https:\/\/www.fundacionsancebrian.com\/portal\/category\/noticias\/' title='Noticias' class='pt-cv-tax-noticias'>Noticias<\/a><\/span><\/div>\n<\/div>\n<\/div>\n<div class=\"col-md-4 col-sm-12 col-xs-12 pt-cv-content-item pt-cv-1-col\" >\n<div class='pt-cv-ifield'><a href=\"https:\/\/www.fundacionsancebrian.com\/portal\/el-grupo-fundacion-san-cebrian-apoyo-a-1-820-personas-en-2024\/\" class=\"_self pt-cv-href-thumbnail pt-cv-thumb-default\" target=\"_self\" ><img loading=\"lazy\" decoding=\"async\" width=\"436\" height=\"272\" src=\"https:\/\/www.fundacionsancebrian.com\/portal\/wp-content\/uploads\/2025\/07\/hoja-01-1-436x272.jpg\" class=\"pt-cv-thumbnail\" alt=\"\" \/><\/a><\/p>\n<h6 class=\"pt-cv-title\"><a href=\"https:\/\/www.fundacionsancebrian.com\/portal\/el-grupo-fundacion-san-cebrian-apoyo-a-1-820-personas-en-2024\/\" class=\"_self\" target=\"_self\" >El Grupo Fundaci\u00f3n San Cebri\u00e1n apoy\u00f3 a 1.820 personas en 2024<\/a><\/h6>\n<div class=\"pt-cv-content\">\n<div class=\"pt-cv-rmwrap\"><a href=\"https:\/\/www.fundacionsancebrian.com\/portal\/el-grupo-fundacion-san-cebrian-apoyo-a-1-820-personas-en-2024\/\" class=\"_self pt-cv-readmore btn btn-success\" target=\"_self\">Leer noticia completa<\/a><\/div>\n<\/div>\n<div class=\"pt-cv-meta-fields\"><span class=\"entry-date\"> <time datetime=\"2025-07-01T09:42:30+02:00\">1 julio, 2025<\/time><\/span><span> \/ <\/span><span class=\"terms\"> <a href='https:\/\/www.fundacionsancebrian.com\/portal\/category\/noticias\/' title='Noticias' class='pt-cv-tax-noticias'>Noticias<\/a><\/span><\/div>\n<\/div>\n<\/div>\n<div class=\"col-md-4 col-sm-12 col-xs-12 pt-cv-content-item pt-cv-1-col\" >\n<div class='pt-cv-ifield'><a href=\"https:\/\/www.fundacionsancebrian.com\/portal\/exito-rotundo-del-festival-de-la-participacion-en-el-teatro-ortega-un-encuentro-que-celebra-la-diversidad-la-comunidad-y-el-arte\/\" class=\"_self pt-cv-href-thumbnail pt-cv-thumb-default\" target=\"_self\" ><img loading=\"lazy\" decoding=\"async\" width=\"436\" height=\"272\" src=\"https:\/\/www.fundacionsancebrian.com\/portal\/wp-content\/uploads\/2025\/06\/5942957341831972200-436x272.jpg\" class=\"pt-cv-thumbnail\" alt=\"\" \/><\/a><\/p>\n<h6 class=\"pt-cv-title\"><a href=\"https:\/\/www.fundacionsancebrian.com\/portal\/exito-rotundo-del-festival-de-la-participacion-en-el-teatro-ortega-un-encuentro-que-celebra-la-diversidad-la-comunidad-y-el-arte\/\" class=\"_self\" target=\"_self\" >\u00c9xito rotundo del Festival de la Participaci\u00f3n en el Teatro Ortega: un encuentro que celebra la diversidad, la comunidad y el arte<\/a><\/h6>\n<div class=\"pt-cv-content\">\n<div class=\"pt-cv-rmwrap\"><a href=\"https:\/\/www.fundacionsancebrian.com\/portal\/exito-rotundo-del-festival-de-la-participacion-en-el-teatro-ortega-un-encuentro-que-celebra-la-diversidad-la-comunidad-y-el-arte\/\" class=\"_self pt-cv-readmore btn btn-success\" target=\"_self\">Leer noticia completa<\/a><\/div>\n<\/div>\n<div class=\"pt-cv-meta-fields\"><span class=\"entry-date\"> <time datetime=\"2025-06-16T11:02:45+02:00\">16 junio, 2025<\/time><\/span><span> \/ <\/span><span class=\"terms\"> <a href='https:\/\/www.fundacionsancebrian.com\/portal\/category\/noticias\/' title='Noticias' class='pt-cv-tax-noticias'>Noticias<\/a><\/span><\/div>\n<\/div>\n<\/div>\n<div class=\"col-md-4 col-sm-12 col-xs-12 pt-cv-content-item pt-cv-1-col\" >\n<div class='pt-cv-ifield'><a href=\"https:\/\/www.fundacionsancebrian.com\/portal\/revital-se-impulsa-en-el-eps-garazi-cooperacion-y-nuevas-metas-en-el-corazon-de-los-pirineos\/\" class=\"_self pt-cv-href-thumbnail pt-cv-thumb-default\" target=\"_self\" ><img loading=\"lazy\" decoding=\"async\" width=\"436\" height=\"272\" src=\"https:\/\/www.fundacionsancebrian.com\/portal\/wp-content\/uploads\/2025\/06\/thumbnail_eps-garazi-436x272.jpg\" class=\"pt-cv-thumbnail\" alt=\"\" \/><\/a><\/p>\n<h6 class=\"pt-cv-title\"><a href=\"https:\/\/www.fundacionsancebrian.com\/portal\/revital-se-impulsa-en-el-eps-garazi-cooperacion-y-nuevas-metas-en-el-corazon-de-los-pirineos\/\" class=\"_self\" target=\"_self\" >REVITAL se impulsa en el EPS Garazi: cooperaci\u00f3n y nuevas metas en el coraz\u00f3n de los Pirineos<\/a><\/h6>\n<div class=\"pt-cv-content\">\n<div class=\"pt-cv-rmwrap\"><a href=\"https:\/\/www.fundacionsancebrian.com\/portal\/revital-se-impulsa-en-el-eps-garazi-cooperacion-y-nuevas-metas-en-el-corazon-de-los-pirineos\/\" class=\"_self pt-cv-readmore btn btn-success\" target=\"_self\">Leer noticia completa<\/a><\/div>\n<\/div>\n<div class=\"pt-cv-meta-fields\"><span class=\"entry-date\"> <time datetime=\"2025-06-03T16:42:41+02:00\">3 junio, 2025<\/time><\/span><span> \/ <\/span><span class=\"terms\"> <a href='https:\/\/www.fundacionsancebrian.com\/portal\/category\/noticias\/' title='Noticias' class='pt-cv-tax-noticias'>Noticias<\/a><\/span><\/div>\n<\/div>\n<\/div>\n<div class=\"col-md-4 col-sm-12 col-xs-12 pt-cv-content-item pt-cv-1-col\" >\n<div class='pt-cv-ifield'><a href=\"https:\/\/www.fundacionsancebrian.com\/portal\/el-grupo-fundacion-san-cebrian-celebra-el-sabado-14-de-junio-su-xi-festival-de-la-participacion-en-el-teatro-ortega-con-teatro-de-improvisacion-musica-baile-y-magia\/\" class=\"_self pt-cv-href-thumbnail pt-cv-thumb-default\" target=\"_self\" ><img loading=\"lazy\" decoding=\"async\" width=\"436\" height=\"272\" src=\"https:\/\/www.fundacionsancebrian.com\/portal\/wp-content\/uploads\/2025\/06\/CARTEL-FESTIVAL-2025-1-scaled-e1748953527944-436x272.jpg\" class=\"pt-cv-thumbnail\" alt=\"\" \/><\/a><\/p>\n<h6 class=\"pt-cv-title\"><a href=\"https:\/\/www.fundacionsancebrian.com\/portal\/el-grupo-fundacion-san-cebrian-celebra-el-sabado-14-de-junio-su-xi-festival-de-la-participacion-en-el-teatro-ortega-con-teatro-de-improvisacion-musica-baile-y-magia\/\" class=\"_self\" target=\"_self\" >El Grupo Fundaci\u00f3n San Cebri\u00e1n celebra el s\u00e1bado, 14 de junio su XI Festival de la Participaci\u00f3n en el Teatro Ortega con teatro de improvisaci\u00f3n, m\u00fasica, baile y magia<\/a><\/h6>\n<div class=\"pt-cv-content\">\n<div class=\"pt-cv-rmwrap\"><a href=\"https:\/\/www.fundacionsancebrian.com\/portal\/el-grupo-fundacion-san-cebrian-celebra-el-sabado-14-de-junio-su-xi-festival-de-la-participacion-en-el-teatro-ortega-con-teatro-de-improvisacion-musica-baile-y-magia\/\" class=\"_self pt-cv-readmore btn btn-success\" target=\"_self\">Leer noticia completa<\/a><\/div>\n<\/div>\n<div class=\"pt-cv-meta-fields\"><span class=\"entry-date\"> <time datetime=\"2025-06-03T14:25:51+02:00\">3 junio, 2025<\/time><\/span><span> \/ <\/span><span class=\"terms\"> <a href='https:\/\/www.fundacionsancebrian.com\/portal\/category\/noticias\/' title='Noticias' class='pt-cv-tax-noticias'>Noticias<\/a><\/span><\/div>\n<\/div>\n<\/div>\n<\/div>\n<\/div>\n<div class=\" pt-cv-pagination-wrapper\">\n<ul class=\"pt-cv-pagination pt-cv-ajax pagination\" data-totalpages=\"33\" data-currentpage=\"1\" data-sid=\"0bd8c9at3s\" data-unid=\"\" data-isblock=\"\" data-postid=\"\">\n<li class=\"active\"><a href=\"#\">1<\/a><\/li>\n<li ><a class=\"\" href=\"https:\/\/www.fundacionsancebrian.com\/portal\/wp-json\/wp\/v2\/pages\/223\/?_page=2\">2<\/a><\/li>\n<li ><a class=\"\" href=\"https:\/\/www.fundacionsancebrian.com\/portal\/wp-json\/wp\/v2\/pages\/223\/?_page=3\">3<\/a><\/li>\n<li ><a href=\"#\">&hellip;<\/a><\/li>\n<li ><a class=\"\" href=\"https:\/\/www.fundacionsancebrian.com\/portal\/wp-json\/wp\/v2\/pages\/223\/?_page=33\">33<\/a><\/li>\n<li ><a class=\" \" href=\"https:\/\/www.fundacionsancebrian.com\/portal\/wp-json\/wp\/v2\/pages\/223\/?_page=2\">&rsaquo;<\/a><\/li>\n<\/ul>\n<p><img loading=\"lazy\" decoding=\"async\" width=\"15\" height=\"15\" class=\"pt-cv-spinner\" alt=\"Cargando...\" src=\"data:image\/gif;base64,R0lGODlhDwAPALMPAMrKygwMDJOTkz09PZWVla+vr3p6euTk5M7OzuXl5TMzMwAAAJmZmWZmZszMzP\/\/\/yH\/C05FVFNDQVBFMi4wAwEAAAAh+QQFCgAPACwAAAAADwAPAAAEQvDJaZaZOIcV8iQK8VRX4iTYoAwZ4iCYoAjZ4RxejhVNoT+mRGP4cyF4Pp0N98sBGIBMEMOotl6YZ3S61Bmbkm4mAgAh+QQFCgAPACwAAAAADQANAAAENPDJSRSZeA418itN8QiK8BiLITVsFiyBBIoYqnoewAD4xPw9iY4XLGYSjkQR4UAUD45DLwIAIfkEBQoADwAsAAAAAA8ACQAABC\/wyVlamTi3nSdgwFNdhEJgTJoNyoB9ISYoQmdjiZPcj7EYCAeCF1gEDo4Dz2eIAAAh+QQFCgAPACwCAAAADQANAAAEM\/DJBxiYeLKdX3IJZT1FU0iIg2RNKx3OkZVnZ98ToRD4MyiDnkAh6BkNC0MvsAj0kMpHBAAh+QQFCgAPACwGAAAACQAPAAAEMDC59KpFDll73HkAA2wVY5KgiK5b0RRoI6MuzG6EQqCDMlSGheEhUAgqgUUAFRySIgAh+QQFCgAPACwCAAIADQANAAAEM\/DJKZNLND\/kkKaHc3xk+QAMYDKsiaqmZCxGVjSFFCxB1vwy2oOgIDxuucxAMTAJFAJNBAAh+QQFCgAPACwAAAYADwAJAAAEMNAs86q1yaWwwv2Ig0jUZx3OYa4XoRAfwADXoAwfo1+CIjyFRuEho60aSNYlOPxEAAAh+QQFCgAPACwAAAIADQANAAAENPA9s4y8+IUVcqaWJ4qEQozSoAzoIyhCK2NFU2SJk0hNnyEOhKR2AzAAj4Pj4GE4W0bkJQIAOw==\" \/><\/p>\n<div class=\"clear pt-cv-clear-pagination\"><\/div>\n<\/div>\n<\/div>\n<\/div>\n<\/div><\/div><\/div><\/div><div id=\"pg-223-2\"  class=\"panel-grid panel-no-style\" ><div id=\"pgc-223-2-0\"  class=\"panel-grid-cell\" ><div id=\"panel-223-2-0-0\" class=\"so-panel widget widget_sow-editor panel-first-child panel-last-child\" data-index=\"2\" ><div class=\"so-rounded panel-widget-style panel-widget-style-for-223-2-0-0\" ><div\n\t\t\t\n\t\t\tclass=\"so-widget-sow-editor so-widget-sow-editor-base\"\n\t\t\t\n\t\t>\n<div class=\"siteorigin-widget-tinymce textwidget\">\n\t<a href=\"#\" class=\"su-button su-button-style-flat\" style=\"color:#000000;background-color:#ffffff;border-color:#cccccc;border-radius:10px\" target=\"_self\"><span style=\"color:#000000;padding:10px 34px;font-size:25px;line-height:38px;border-color:#ffffff;border-radius:10px;text-shadow:none\"><img decoding=\"async\" src=\"http:\/\/www.fundacionsancebrian.com\/portal\/wp-content\/uploads\/2018\/05\/info.png\" alt=\"\u00bfC\u00f3mo me informo?\" style=\"width:38px;height:38px\" \/> \u00bfC\u00f3mo me informo?<\/span><\/a>\n<hr \/>\n<p>Plaza Juan XXIII 5, bajo<br \/>\n34005 Palencia<br \/>\nLeonor Ramos Wilson\u00a0 979 70 69 54<br \/>\ncomunicacion@fundacionsancebrian.com<\/p>\n<\/div>\n<\/div><\/div><\/div><\/div><\/div><\/div>","protected":false},"excerpt":{"rendered":"<p>Archivo de NOTICIAS ONCE impulsa la mejora de la seguridad en la residencia de San Cebri\u00e1n de Campos con nuevas ayudas t\u00e9cnicas Leer noticia completa 10 diciembre, 2025 \/ Noticias El Centro de Vida Independiente del Grupo Fundaci\u00f3n San Cebri\u00e1n se convierte en espacio expositivo abierto a la comunidad art\u00edstica Leer noticia completa 15 octubre, [&hellip;]<\/p>\n","protected":false},"author":2,"featured_media":0,"parent":0,"menu_order":0,"comment_status":"closed","ping_status":"closed","template":"","meta":{"_seopress_robots_primary_cat":"","_seopress_titles_title":"","_seopress_titles_desc":"","_seopress_robots_index":"","_eb_attr":"","footnotes":""},"categories":[],"tags":[],"class_list":["post-223","page","type-page","status-publish","hentry","post"],"_links":{"self":[{"href":"https:\/\/www.fundacionsancebrian.com\/portal\/wp-json\/wp\/v2\/pages\/223","targetHints":{"allow":["GET"]}}],"collection":[{"href":"https:\/\/www.fundacionsancebrian.com\/portal\/wp-json\/wp\/v2\/pages"}],"about":[{"href":"https:\/\/www.fundacionsancebrian.com\/portal\/wp-json\/wp\/v2\/types\/page"}],"author":[{"embeddable":true,"href":"https:\/\/www.fundacionsancebrian.com\/portal\/wp-json\/wp\/v2\/users\/2"}],"replies":[{"embeddable":true,"href":"https:\/\/www.fundacionsancebrian.com\/portal\/wp-json\/wp\/v2\/comments?post=223"}],"version-history":[{"count":15,"href":"https:\/\/www.fundacionsancebrian.com\/portal\/wp-json\/wp\/v2\/pages\/223\/revisions"}],"predecessor-version":[{"id":12999,"href":"https:\/\/www.fundacionsancebrian.com\/portal\/wp-json\/wp\/v2\/pages\/223\/revisions\/12999"}],"wp:attachment":[{"href":"https:\/\/www.fundacionsancebrian.com\/portal\/wp-json\/wp\/v2\/media?parent=223"}],"wp:term":[{"taxonomy":"category","embeddable":true,"href":"https:\/\/www.fundacionsancebrian.com\/portal\/wp-json\/wp\/v2\/categories?post=223"},{"taxonomy":"post_tag","embeddable":true,"href":"https:\/\/www.fundacionsancebrian.com\/portal\/wp-json\/wp\/v2\/tags?post=223"}],"curies":[{"name":"wp","href":"https:\/\/api.w.org\/{rel}","templated":true}]}}