{"id":305,"date":"2018-01-22T12:55:10","date_gmt":"2018-01-22T12:55:10","guid":{"rendered":"http:\/\/www.fundacionsancebrian.com\/portal\/?page_id=305"},"modified":"2023-11-13T14:19:25","modified_gmt":"2023-11-13T13:19:25","slug":"emocionate-radio","status":"publish","type":"page","link":"https:\/\/www.fundacionsancebrian.com\/portal\/emocionate-radio\/","title":{"rendered":"Emoci\u00f3nate Radio"},"content":{"rendered":"<div id=\"pl-305\"  class=\"panel-layout\" ><div id=\"pg-305-0\"  class=\"panel-grid panel-no-style\" ><div id=\"pgc-305-0-0\"  class=\"panel-grid-cell\" ><div id=\"panel-305-0-0-0\" class=\"so-panel widget widget_sow-headline panel-first-child panel-last-child\" data-index=\"0\" ><div class=\"panel-widget-style panel-widget-style-for-305-0-0-0\" ><div\n\t\t\t\n\t\t\tclass=\"so-widget-sow-headline so-widget-sow-headline-default-15d54c391f09-305 so-widget-fittext-wrapper\"\n\t\t\t data-fit-text-compressor=\"0.85\"\n\t\t><div class=\"sow-headline-container \">\n\t\t\t\t\t\t\t<h1 class=\"sow-headline\">\n\t\t\t\t\t\tPrograma <span style=\"color: #4DD0E1\"><b>EMOCI\u00d3NATE RADIO<\/b><\/span>\t\t\t\t\t\t<\/h1>\n\t\t\t\t\t\t\t\t\t\t\t<div class=\"decoration\">\n\t\t\t\t\t\t<div class=\"decoration-inside\"><\/div>\n\t\t\t\t\t<\/div>\n\t\t\t\t\t<\/div>\n<\/div><\/div><\/div><\/div><\/div><div id=\"pg-305-1\"  class=\"panel-grid panel-no-style\" ><div id=\"pgc-305-1-0\"  class=\"panel-grid-cell\" ><div id=\"panel-305-1-0-0\" class=\"so-panel widget widget_sow-editor panel-first-child\" data-index=\"1\" ><div\n\t\t\t\n\t\t\tclass=\"so-widget-sow-editor so-widget-sow-editor-base\"\n\t\t\t\n\t\t>\n<div class=\"siteorigin-widget-tinymce textwidget\">\n\t<p>El proyecto de Emoci\u00f3nate Radio naci\u00f3 en el 2016 con el objetivo de dar cabida a las personas con discapacidad intelectual, usuarios de los servicios ofrecidos por la entidad en la zona de Palencia capital, en un medio de comunicaci\u00f3n accesible, muy comprensible y muy atractivo para todos.<\/p>\n<p>La metodolog\u00eda que se sigue en el desarrollo de los programas que se emiten en directo a trav\u00e9s del canal del Facebook de la Fundaci\u00f3n es elaborar un guion accesible trabajado por ellos de tal manera, que no s\u00f3lo se desarrolla la locuci\u00f3n y la presencia en el medio sino que adem\u00e1s, se desarrolla la capacidad de trabajo y compromiso con sus seguidores, porque semanalmente en las reuniones de preparaci\u00f3n ellos presentan temas que posteriormente trabajan.<\/p>\n<p>Durante el 2020 el equipo de Emoci\u00f3nate Radio opt\u00f3 por una emisi\u00f3n 100 % online de tal manera que todas las personas pudiesen seguir participando en la radio, cumpliendo con toda la normativa y que la misma llegase a todas las personas. Todos los programas se pueden encontrar en el Canal de Youtube del Grupo Fundaci\u00f3n San Cebri\u00e1n y en el Canal IVOOX; adem\u00e1s, todos los viernes a las 20 horas se emiten en ACUP Radio.<\/p>\n<p>La periodicidad de las emisiones es quincenal y todos los jueves se realizan reuniones para organizar los programas.<\/p>\n<p>El equipo actualmente est\u00e1 formado por Luis Antonio Abril, V\u00edctor Varona, Rosa Garcia y Jorge Gonz\u00e1lez. Ellos cuentan con el apoyo de Ireneo Mart\u00edn, responsable de la parte t\u00e9cnica y Leonor Ramos, periodista.<\/p>\n<\/div>\n<\/div><\/div><div id=\"panel-305-1-0-1\" class=\"so-panel widget widget_sow-editor\" data-index=\"2\" ><div\n\t\t\t\n\t\t\tclass=\"so-widget-sow-editor so-widget-sow-editor-base\"\n\t\t\t\n\t\t>\n<div class=\"siteorigin-widget-tinymce textwidget\">\n\t<h1 style=\"text-align: left;\">Todos los programas en v\u00eddeo<\/h1>\n<hr \/>\n<div class=\"su-tabs su-tabs-style-default su-tabs-mobile-stack\" data-active=\"1\" data-scroll-offset=\"0\" data-anchor-in-url=\"no\"><div class=\"su-tabs-nav\"><span class=\"\" data-url=\"\" data-target=\"blank\" tabindex=\"0\" role=\"button\">Temporada 8<\/span><span class=\"\" data-url=\"\" data-target=\"blank\" tabindex=\"0\" role=\"button\">Temporada 7<\/span><span class=\"\" data-url=\"\" data-target=\"blank\" tabindex=\"0\" role=\"button\">Temporada 6<\/span><span class=\"\" data-url=\"\" data-target=\"blank\" tabindex=\"0\" role=\"button\">Temporada 5<\/span><span class=\"\" data-url=\"\" data-target=\"blank\" tabindex=\"0\" role=\"button\">Temporada 4<\/span><span class=\"\" data-url=\"\" data-target=\"blank\" tabindex=\"0\" role=\"button\">Temporada 3<\/span><span class=\"\" data-url=\"\" data-target=\"blank\" tabindex=\"0\" role=\"button\">Temporada 2<\/span><span class=\"\" data-url=\"\" data-target=\"blank\" tabindex=\"0\" role=\"button\">Temporada 1<\/span><\/div><div class=\"su-tabs-panes\"><div class=\"su-tabs-pane su-u-clearfix su-u-trim\" data-title=\"Temporada 8\"><iframe src=\"https:\/\/www.youtube.com\/watch?v=EdG0GoTUDCw&list=PLe0wVvdKCjqXlv3s98f1g8wbxDuP466N9\" width=\"560\" height=\"315\" frameborder=\"0\" allowfullscreen=\"allowfullscreen\"><\/iframe><\/div>\n<div class=\"su-tabs-pane su-u-clearfix su-u-trim\" data-title=\"Temporada 7\"><iframe src=\"https:\/\/www.youtube.com\/watch?v=Y1LK4_0fIBU&list=PLe0wVvdKCjqWMGOkjeamGMx3kuv2fkhbS\" width=\"560\" height=\"315\" frameborder=\"0\" allowfullscreen=\"allowfullscreen\"><\/iframe><\/div>\n<div class=\"su-tabs-pane su-u-clearfix su-u-trim\" data-title=\"Temporada 6\"><iframe src=\"https:\/\/www.youtube.com\/playlist?list=PLe0wVvdKCjqUDG3dLqHR7amNTuJHiWX6V\" width=\"560\" height=\"315\" frameborder=\"0\" allowfullscreen=\"allowfullscreen\"><\/iframe><\/div>\n<div class=\"su-tabs-pane su-u-clearfix su-u-trim\" data-title=\"Temporada 5\"><iframe src=\"https:\/\/www.youtube.com\/embed\/videoseries?list=PLe0wVvdKCjqW2Tys4QY98VYARlA0x_Z3k\" width=\"560\" height=\"315\" frameborder=\"0\" allowfullscreen=\"allowfullscreen\"><\/iframe><\/div>\n<div class=\"su-tabs-pane su-u-clearfix su-u-trim\" data-title=\"Temporada 4\"><iframe src=\"https:\/\/www.youtube.com\/embed\/videoseries?list=PLe0wVvdKCjqVZ_djn0SrhCU9ac1815BWD\" width=\"560\" height=\"315\" frameborder=\"0\" allowfullscreen=\"allowfullscreen\"><\/iframe><\/div>\n<div class=\"su-tabs-pane su-u-clearfix su-u-trim\" data-title=\"Temporada 3\"><iframe src=\"https:\/\/www.youtube.com\/embed\/videoseries?list=PLe0wVvdKCjqXwEzq_jwjRITCa7li8U0xs\" width=\"560\" height=\"315\" frameborder=\"0\" allowfullscreen=\"allowfullscreen\"><\/iframe><\/div>\n<div class=\"su-tabs-pane su-u-clearfix su-u-trim\" data-title=\"Temporada 2\"><iframe src=\"https:\/\/www.youtube.com\/embed\/videoseries?list=PLe0wVvdKCjqVGA5TcEK2IlCC2xe5zBcfT\" width=\"560\" height=\"315\" frameborder=\"0\" allowfullscreen=\"allowfullscreen\"><\/iframe><\/div>\n<div class=\"su-tabs-pane su-u-clearfix su-u-trim\" data-title=\"Temporada 1\"><iframe src=\"https:\/\/www.youtube.com\/embed\/videoseries?list=PLe0wVvdKCjqVdG1z7m5aYyrSuM73A_Vjw\" width=\"560\" height=\"315\" frameborder=\"0\" allowfullscreen=\"allowfullscreen\"><\/iframe><\/div><\/div><\/div>\n<\/div>\n<\/div><\/div><div id=\"panel-305-1-0-2\" class=\"so-panel widget widget_sow-editor panel-last-child\" data-index=\"3\" ><div\n\t\t\t\n\t\t\tclass=\"so-widget-sow-editor so-widget-sow-editor-base\"\n\t\t\t\n\t\t>\n<div class=\"siteorigin-widget-tinymce textwidget\">\n\t<h1>Todos los programas en audio<\/h1>\n<hr \/>\n<div class=\"su-tabs su-tabs-style-default su-tabs-mobile-stack\" data-active=\"1\" data-scroll-offset=\"0\" data-anchor-in-url=\"no\"><div class=\"su-tabs-nav\"><span class=\"\" data-url=\"\" data-target=\"blank\" tabindex=\"0\" role=\"button\">Temporada 4<\/span><span class=\"\" data-url=\"\" data-target=\"blank\" tabindex=\"0\" role=\"button\">Temporada 3<\/span><span class=\"\" data-url=\"\" data-target=\"blank\" tabindex=\"0\" role=\"button\">Temporada 2<\/span><span class=\"\" data-url=\"\" data-target=\"blank\" tabindex=\"0\" role=\"button\">Temporada 1<\/span><\/div><div class=\"su-tabs-panes\"><div class=\"su-tabs-pane su-u-clearfix su-u-trim\" data-title=\"Temporada 4\"><\/p>\n<p><iframe id=\"audio_44345658\" style=\"border: 1px solid #EEE; box-sizing: border-box; width: 100%;\" src=\"https:\/\/www.ivoox.com\/player_ej_44345658_4_1.html?c1=ff6600\" height=\"200\" frameborder=\"0\" scrolling=\"no\" allowfullscreen=\"allowfullscreen\"><\/iframe><\/p>\n<p><iframe id=\"audio_43522851\" style=\"border: 1px solid #EEE; box-sizing: border-box; width: 100%;\" src=\"https:\/\/www.ivoox.com\/player_ej_43522851_4_1.html?c1=ff6600\" height=\"200\" frameborder=\"0\" scrolling=\"no\" allowfullscreen=\"allowfullscreen\"><\/iframe><br \/>\n<\/div>\n<div class=\"su-tabs-pane su-u-clearfix su-u-trim\" data-title=\"Temporada 3\"><\/p>\n<p><iframe id=\"audio_35316115\" style=\"border: 1px solid #EEE; box-sizing: border-box; width: 100%;\" src=\"https:\/\/www.ivoox.com\/player_ej_35316115_4_1.html?c1=ff6600\" height=\"200\" frameborder=\"0\" scrolling=\"no\" allowfullscreen=\"allowfullscreen\"><\/iframe><\/p>\n<p><iframe id=\"audio_35316008\" style=\"border: 1px solid #EEE; box-sizing: border-box; width: 100%;\" src=\"https:\/\/www.ivoox.com\/player_ej_35316008_4_1.html?c1=ff6600\" height=\"200\" frameborder=\"0\" scrolling=\"no\" allowfullscreen=\"allowfullscreen\"><\/iframe><\/p>\n<p><iframe id=\"audio_33988652\" style=\"border: 1px solid #EEE; box-sizing: border-box; width: 100%;\" src=\"https:\/\/www.ivoox.com\/player_ej_33988652_4_1.html?c1=ff6600\" height=\"200\" frameborder=\"0\" scrolling=\"no\" allowfullscreen=\"allowfullscreen\"><\/iframe><\/p>\n<p><iframe id=\"audio_32552948\" style=\"border: 1px solid #EEE; box-sizing: border-box; width: 100%;\" src=\"https:\/\/www.ivoox.com\/player_ej_32552948_4_1.html?c1=ff6600\" height=\"200\" frameborder=\"0\" scrolling=\"no\" allowfullscreen=\"allowfullscreen\"><\/iframe><\/p>\n<p><iframe id=\"audio_32088720\" style=\"border: 1px solid #EEE; box-sizing: border-box; width: 100%;\" src=\"https:\/\/www.ivoox.com\/player_ej_32088720_4_1.html?c1=ff6600\" height=\"200\" frameborder=\"0\" scrolling=\"no\" allowfullscreen=\"allowfullscreen\"><\/iframe><\/p>\n<p><iframe id=\"audio_31576622\" style=\"border: 1px solid #EEE; box-sizing: border-box; width: 100%;\" src=\"https:\/\/www.ivoox.com\/player_ej_31576622_4_1.html?c1=ff6600\" height=\"200\" frameborder=\"0\" scrolling=\"no\" allowfullscreen=\"allowfullscreen\"><\/iframe><\/p>\n<p><iframe id=\"audio_31637400\" style=\"border: 1px solid #EEE; box-sizing: border-box; width: 100%;\" src=\"https:\/\/www.ivoox.com\/player_ej_31637400_4_1.html?c1=ff6600\" height=\"200\" frameborder=\"0\" scrolling=\"no\" allowfullscreen=\"allowfullscreen\"><\/iframe><\/p>\n<p><iframe id=\"audio_30386777\" style=\"border: 1px solid #EEE; box-sizing: border-box; width: 100%;\" src=\"https:\/\/www.ivoox.com\/player_ej_30386777_4_1.html?c1=ff6600\" height=\"200\" frameborder=\"0\" scrolling=\"no\" allowfullscreen=\"allowfullscreen\"><\/iframe><\/p>\n<p><iframe id=\"audio_30386647\" style=\"border: 1px solid #EEE; box-sizing: border-box; width: 100%;\" src=\"https:\/\/www.ivoox.com\/player_ej_30386647_4_1.html?c1=ff6600\" height=\"200\" frameborder=\"0\" scrolling=\"no\" allowfullscreen=\"allowfullscreen\"><\/iframe><\/p>\n<p><iframe id=\"audio_30326627\" style=\"border: 1px solid #EEE; box-sizing: border-box; width: 100%;\" src=\"https:\/\/www.ivoox.com\/player_ej_30326627_4_1.html?c1=ff6600\" height=\"200\" frameborder=\"0\" scrolling=\"no\" allowfullscreen=\"allowfullscreen\"><\/iframe><br \/>\n<\/div>\n<div class=\"su-tabs-pane su-u-clearfix su-u-trim\" data-title=\"Temporada 2\"><br \/>\n<iframe id=\"audio_26298138\" style=\"border: 1px solid #EEE; box-sizing: border-box; width: 100%;\" src=\"https:\/\/www.ivoox.com\/player_ej_26298138_4_1.html?c1=ff6600\" height=\"200\" frameborder=\"0\" scrolling=\"no\" allowfullscreen=\"allowfullscreen\"><\/iframe><\/p>\n<p><iframe id=\"audio_25517387\" style=\"border: 1px solid #EEE; box-sizing: border-box; width: 100%;\" src=\"https:\/\/www.ivoox.com\/player_ej_25517387_4_1.html?c1=ff6600\" height=\"200\" frameborder=\"0\" scrolling=\"no\" allowfullscreen=\"allowfullscreen\"><\/iframe><\/p>\n<p><iframe id=\"audio_25143381\" style=\"border: 1px solid #EEE; box-sizing: border-box; width: 100%;\" src=\"https:\/\/www.ivoox.com\/player_ej_25143381_4_1.html?c1=ff6600\" height=\"200\" frameborder=\"0\" scrolling=\"no\" allowfullscreen=\"allowfullscreen\"><\/iframe><\/p>\n<p><iframe id=\"audio_24560684\" style=\"border: 1px solid #EEE; box-sizing: border-box; width: 100%;\" src=\"https:\/\/www.ivoox.com\/player_ej_24560684_4_1.html?c1=ff6600\" height=\"200\" frameborder=\"0\" scrolling=\"no\" allowfullscreen=\"allowfullscreen\"><\/iframe><\/p>\n<p><iframe id=\"audio_24167017\" style=\"border: 1px solid #EEE; box-sizing: border-box; width: 100%;\" src=\"https:\/\/www.ivoox.com\/player_ej_24167017_4_1.html?c1=ff6600\" height=\"200\" frameborder=\"0\" scrolling=\"no\" allowfullscreen=\"allowfullscreen\"><\/iframe><\/p>\n<p><iframe id=\"audio_24152533\" style=\"border: 1px solid #EEE; box-sizing: border-box; width: 100%;\" src=\"https:\/\/www.ivoox.com\/player_ej_24152533_4_1.html?c1=ff6600\" height=\"200\" frameborder=\"0\" scrolling=\"no\" allowfullscreen=\"allowfullscreen\"><\/iframe><\/p>\n<p><iframe id=\"audio_43527571\" style=\"border: 1px solid #EEE; box-sizing: border-box; width: 100%;\" src=\"https:\/\/www.ivoox.com\/player_ej_43527571_4_1.html?c1=ff6600\" height=\"200\" frameborder=\"0\" scrolling=\"no\" allowfullscreen=\"allowfullscreen\"><\/iframe><\/p>\n<p><iframe id=\"audio_43526978\" style=\"border: 1px solid #EEE; box-sizing: border-box; width: 100%;\" src=\"https:\/\/www.ivoox.com\/player_ej_43526978_4_1.html?c1=ff6600\" height=\"200\" frameborder=\"0\" scrolling=\"no\" allowfullscreen=\"allowfullscreen\"><\/iframe><\/p>\n<p><iframe id=\"audio_22174308\" style=\"border: 1px solid #EEE; box-sizing: border-box; width: 100%;\" src=\"https:\/\/www.ivoox.com\/player_ej_22174308_4_1.html?c1=ff6600\" height=\"200\" frameborder=\"0\" scrolling=\"no\" allowfullscreen=\"allowfullscreen\"><\/iframe><\/p>\n<p><iframe id=\"audio_43525612\" style=\"border: 1px solid #EEE; box-sizing: border-box; width: 100%;\" src=\"https:\/\/www.ivoox.com\/player_ej_43525612_4_1.html?c1=ff6600\" height=\"200\" frameborder=\"0\" scrolling=\"no\" allowfullscreen=\"allowfullscreen\"><\/iframe><br \/>\n<\/div>\n<div class=\"su-tabs-pane su-u-clearfix su-u-trim\" data-title=\"Temporada 1\"><br \/>\n<iframe id=\"audio_19278960\" style=\"border: 1px solid #EEE; box-sizing: border-box; width: 100%;\" src=\"https:\/\/www.ivoox.com\/player_ej_19278960_4_1.html?c1=ff6600\" height=\"200\" frameborder=\"0\" scrolling=\"no\" allowfullscreen=\"allowfullscreen\"><\/iframe><\/p>\n<p><iframe id=\"audio_19018633\" style=\"border: 1px solid #EEE; box-sizing: border-box; width: 100%;\" src=\"https:\/\/www.ivoox.com\/player_ej_19018633_4_1.html?c1=ff6600\" height=\"200\" frameborder=\"0\" scrolling=\"no\" allowfullscreen=\"allowfullscreen\"><\/iframe><\/p>\n<p><iframe id=\"audio_18780062\" style=\"border: 1px solid #EEE; box-sizing: border-box; width: 100%;\" src=\"https:\/\/www.ivoox.com\/player_ej_18780062_4_1.html?c1=ff6600\" height=\"200\" frameborder=\"0\" scrolling=\"no\" allowfullscreen=\"allowfullscreen\"><\/iframe><\/p>\n<p><iframe id=\"audio_18497689\" style=\"border: 1px solid #EEE; box-sizing: border-box; width: 100%;\" src=\"https:\/\/www.ivoox.com\/player_ej_18497689_4_1.html?c1=ff6600\" height=\"200\" frameborder=\"0\" scrolling=\"no\" allowfullscreen=\"allowfullscreen\"><\/iframe><\/p>\n<p><iframe id=\"audio_18242975\" style=\"border: 1px solid #EEE; box-sizing: border-box; width: 100%;\" src=\"https:\/\/www.ivoox.com\/player_ej_18242975_4_1.html?c1=ff6600\" height=\"200\" frameborder=\"0\" scrolling=\"no\" allowfullscreen=\"allowfullscreen\"><\/iframe><\/p>\n<p><iframe id=\"audio_17856640\" style=\"border: 1px solid #EEE; box-sizing: border-box; width: 100%;\" src=\"https:\/\/www.ivoox.com\/player_ej_17856640_4_1.html?c1=ff6600\" height=\"200\" frameborder=\"0\" scrolling=\"no\" allowfullscreen=\"allowfullscreen\"><\/iframe><\/p>\n<p><iframe id=\"audio_17300501\" style=\"border: 1px solid #EEE; box-sizing: border-box; width: 100%;\" src=\"https:\/\/www.ivoox.com\/player_ej_17300501_4_1.html?c1=ff6600\" height=\"200\" frameborder=\"0\" scrolling=\"no\" allowfullscreen=\"allowfullscreen\"><\/iframe><\/p>\n<p><iframe id=\"audio_43498855\" style=\"border: 1px solid #EEE; box-sizing: border-box; width: 100%;\" src=\"https:\/\/www.ivoox.com\/player_ej_43498855_4_1.html?c1=ff6600\" height=\"200\" frameborder=\"0\" scrolling=\"no\" allowfullscreen=\"allowfullscreen\"><\/iframe><\/p>\n<p><iframe id=\"audio_13106955\" style=\"border: 1px solid #EEE; box-sizing: border-box; width: 100%;\" src=\"https:\/\/www.ivoox.com\/player_ej_13106955_4_1.html?c1=ff6600\" height=\"200\" frameborder=\"0\" scrolling=\"no\" allowfullscreen=\"allowfullscreen\"><\/iframe><\/p>\n<p><iframe id=\"audio_13107646\" style=\"border: 1px solid #EEE; box-sizing: border-box; width: 100%;\" src=\"https:\/\/www.ivoox.com\/player_ej_13107646_4_1.html?c1=ff6600\" height=\"200\" frameborder=\"0\" scrolling=\"no\" allowfullscreen=\"allowfullscreen\"><\/iframe><\/p>\n<p><iframe id=\"audio_11959924\" style=\"border: 1px solid #EEE; box-sizing: border-box; width: 100%;\" src=\"https:\/\/www.ivoox.com\/player_ej_11959924_4_1.html?c1=ff6600\" height=\"200\" frameborder=\"0\" scrolling=\"no\" allowfullscreen=\"allowfullscreen\"><\/iframe><\/p>\n<p><iframe id=\"audio_11850741\" style=\"border: 1px solid #EEE; box-sizing: border-box; width: 100%;\" src=\"https:\/\/www.ivoox.com\/player_ej_11850741_4_1.html?c1=ff6600\" height=\"200\" frameborder=\"0\" scrolling=\"no\" allowfullscreen=\"allowfullscreen\"><\/iframe><br \/>\n<\/div><\/div><\/div>\n<\/div>\n<\/div><\/div><\/div><\/div><div id=\"pg-305-2\"  class=\"panel-grid panel-no-style\" ><div id=\"pgc-305-2-0\"  class=\"panel-grid-cell\" ><div id=\"panel-305-2-0-0\" class=\"so-panel widget widget_sow-editor panel-first-child panel-last-child\" data-index=\"4\" ><div class=\"so-rounded panel-widget-style panel-widget-style-for-305-2-0-0\" ><div\n\t\t\t\n\t\t\tclass=\"so-widget-sow-editor so-widget-sow-editor-base\"\n\t\t\t\n\t\t>\n<div class=\"siteorigin-widget-tinymce textwidget\">\n\t<a href=\"#\" class=\"su-button su-button-style-flat\" style=\"color:#000000;background-color:#ffffff;border-color:#cccccc;border-radius:10px\" target=\"_self\"><span style=\"color:#000000;padding:10px 34px;font-size:25px;line-height:38px;border-color:#ffffff;border-radius:10px;text-shadow:none\"><img decoding=\"async\" src=\"http:\/\/www.fundacionsancebrian.com\/portal\/wp-content\/uploads\/2018\/05\/info.png\" alt=\"\u00bfC\u00f3mo me informo?\" style=\"width:38px;height:38px\" \/> \u00bfC\u00f3mo me informo?<\/span><\/a>\n<hr \/>\n<p>Plaza Juan XXIII 5, bajo<br \/>\n34005 Palencia<br \/>\n979 70 69 54 \/ 979 70 72 48<br \/>\nl.ramos@fundacionsancebrian.com<\/p>\n<\/div>\n<\/div><\/div><\/div><\/div><\/div><\/div>","protected":false},"excerpt":{"rendered":"<p>El proyecto de Emoci\u00f3nate Radio naci\u00f3 en el 2016 con el objetivo de dar cabida a las personas con discapacidad intelectual, usuarios de los servicios ofrecidos por la entidad en la zona de Palencia capital, en un medio de comunicaci\u00f3n accesible, muy comprensible y muy atractivo para todos. La metodolog\u00eda que se sigue en el [&hellip;]<\/p>\n","protected":false},"author":2,"featured_media":0,"parent":0,"menu_order":0,"comment_status":"closed","ping_status":"closed","template":"","meta":{"_seopress_robots_primary_cat":"","_seopress_titles_title":"","_seopress_titles_desc":"","_seopress_robots_index":"","_eb_attr":"","footnotes":""},"categories":[],"tags":[],"class_list":["post-305","page","type-page","status-publish","hentry","post"],"_links":{"self":[{"href":"https:\/\/www.fundacionsancebrian.com\/portal\/wp-json\/wp\/v2\/pages\/305","targetHints":{"allow":["GET"]}}],"collection":[{"href":"https:\/\/www.fundacionsancebrian.com\/portal\/wp-json\/wp\/v2\/pages"}],"about":[{"href":"https:\/\/www.fundacionsancebrian.com\/portal\/wp-json\/wp\/v2\/types\/page"}],"author":[{"embeddable":true,"href":"https:\/\/www.fundacionsancebrian.com\/portal\/wp-json\/wp\/v2\/users\/2"}],"replies":[{"embeddable":true,"href":"https:\/\/www.fundacionsancebrian.com\/portal\/wp-json\/wp\/v2\/comments?post=305"}],"version-history":[{"count":103,"href":"https:\/\/www.fundacionsancebrian.com\/portal\/wp-json\/wp\/v2\/pages\/305\/revisions"}],"predecessor-version":[{"id":11623,"href":"https:\/\/www.fundacionsancebrian.com\/portal\/wp-json\/wp\/v2\/pages\/305\/revisions\/11623"}],"wp:attachment":[{"href":"https:\/\/www.fundacionsancebrian.com\/portal\/wp-json\/wp\/v2\/media?parent=305"}],"wp:term":[{"taxonomy":"category","embeddable":true,"href":"https:\/\/www.fundacionsancebrian.com\/portal\/wp-json\/wp\/v2\/categories?post=305"},{"taxonomy":"post_tag","embeddable":true,"href":"https:\/\/www.fundacionsancebrian.com\/portal\/wp-json\/wp\/v2\/tags?post=305"}],"curies":[{"name":"wp","href":"https:\/\/api.w.org\/{rel}","templated":true}]}}