{"id":3324,"date":"2018-06-11T09:40:52","date_gmt":"2018-06-11T09:40:52","guid":{"rendered":"http:\/\/www.fundacionsancebrian.com\/portal\/?page_id=3324"},"modified":"2018-07-30T10:27:50","modified_gmt":"2018-07-30T10:27:50","slug":"la-discapacidad-intelectual-en-cifras","status":"publish","type":"page","link":"https:\/\/www.fundacionsancebrian.com\/portal\/la-discapacidad-intelectual-en-cifras\/","title":{"rendered":"La discapacidad intelectual en cifras"},"content":{"rendered":"<div id=\"pl-3324\"  class=\"panel-layout\" ><div id=\"pg-3324-0\"  class=\"panel-grid panel-no-style\" ><div id=\"pgc-3324-0-0\"  class=\"panel-grid-cell\" ><div id=\"panel-3324-0-0-0\" class=\"so-panel widget widget_sow-editor panel-first-child panel-last-child\" data-index=\"0\" ><div\n\t\t\t\n\t\t\tclass=\"so-widget-sow-editor so-widget-sow-editor-base\"\n\t\t\t\n\t\t>\n<div class=\"siteorigin-widget-tinymce textwidget\">\n\t<a href=\"#\" class=\"su-button su-button-style-flat su-button-wide\" style=\"color:#ffffff;background-color:#343538;border-color:#2a2b2d;border-radius:0px\" target=\"_self\"><span style=\"color:#ffffff;padding:7px 22px;font-size:17px;line-height:26px;border-color:#717274;border-radius:0px;text-shadow:none\"><i class=\"sui sui-bars\" style=\"font-size:17px;color:#ffffff\"><\/i> Discapacidad intelectual<\/span><\/a>\n<div class=\"su-list\" style=\"margin-left:0px\"><\/p>\n<ul>\n<li><i class=\"sui sui-minus\" style=\"color:#333\"><\/i> <a href=\"http:\/\/www.fundacionsancebrian.com\/portal\/que-es-discapacidad-intelectual\/\">Qu\u00e9 es discapacidad intelectual<\/a><\/li>\n<li><i class=\"sui sui-minus\" style=\"color:#333\"><\/i> <a href=\"http:\/\/www.fundacionsancebrian.com\/portal\/que-es-discapacidad-del-desarrollo\/\">Qu\u00e9 es discapacidad del desarrollo<\/a><\/li>\n<li><i class=\"sui sui-minus\" style=\"color:#333\"><\/i> <a href=\"http:\/\/www.fundacionsancebrian.com\/portal\/preguntas-frecuentes\/\">Preguntas frecuentes<\/a><\/li>\n<li><i class=\"sui sui-minus\" style=\"color:#333\"><\/i> <a href=\"http:\/\/www.fundacionsancebrian.com\/portal\/la-discapacidad-intelectual-en-cifras\/\">La discapacidad intelectual en cifras<\/a><\/li>\n<\/ul>\n<p><\/div>\n<\/div>\n<\/div><\/div><\/div><div id=\"pgc-3324-0-1\"  class=\"panel-grid-cell\" ><div id=\"panel-3324-0-1-0\" class=\"so-panel widget widget_sow-editor panel-first-child panel-last-child\" data-index=\"1\" ><div\n\t\t\t\n\t\t\tclass=\"so-widget-sow-editor so-widget-sow-editor-base\"\n\t\t\t\n\t\t>\n<div class=\"siteorigin-widget-tinymce textwidget\">\n\t<h1 class=\"titulo\">La discapacidad intelectual en cifras<\/h1>\n<div class=\"su-divider su-divider-style-default\" style=\"margin:0px 0;border-width:1px;border-color:#999999\"><\/div>\n<p>Plena inclusi\u00f3n calcula que aproximadamente un 1 por cien de la poblaci\u00f3n espa\u00f1ola tiene alg\u00fan tipo de discapacidad intelectual o del desarrollo.<\/p>\n<p>Seg\u00fan los datos recogidos por el IMSERSO en las Comunidades Aut\u00f3nomas, a finales de 2015 hab\u00eda en Espa\u00f1a un total de 268.633 personas con una discapacidad intelectual reconocida (con grado igual o superior al 33%). Esto supone un 9% del total de personas con discapacidad reconocida en Espa\u00f1a.<\/p>\n<p>De todas estas personas con discapacidad intelectual, 154.208 son hombres (57,4%) y 114.422 mujeres (42.5%)<\/p>\n<p>Por tramos de edad, estas personas se distribuyen de la siguiente manera:<\/p>\n<ul>\n<li>De 0 a 17 a\u00f1os \u2013 48.434<\/li>\n<li>Entre 18 y 34 a\u00f1os \u2013 74.672<\/li>\n<li>Entre 35 y 64 a\u00f1os \u2013 122.967<\/li>\n<li>Entre 65 y 79 a\u00f1os \u2013 17.223<\/li>\n<li>Mayores de 80 a\u00f1os \u2013 4.781<\/li>\n<\/ul>\n<p>Los datos recogidos por las administraciones p\u00fablicas no son del todo precisos, pues s\u00f3lo re\u00fanen a aquellas personas que disponen de un certificado de discapacidad (reconocidas por tanto oficialmente como tales, y adem\u00e1s no consideran otros posibles trastornos relacionados con el desarrollo. Basta un dato para dar una idea de este desconocimiento: Plena inclusi\u00f3n calcula que el 70% de las personas con discapacidad intelectual que ingresan en prisi\u00f3n lo hacen sin un reconocimiento previo de su discapacidad.<\/p>\n<p>En los enlaces de abajo podr\u00e1s encontrar informaci\u00f3n estad\u00edstica m\u00e1s detallada sobre la discapacidad intelectual en Espa\u00f1a.<\/p>\n<\/div>\n<\/div><\/div><\/div><\/div><\/div>","protected":false},"excerpt":{"rendered":"<p>La discapacidad intelectual en cifras Plena inclusi\u00f3n calcula que aproximadamente un 1 por cien de la poblaci\u00f3n espa\u00f1ola tiene alg\u00fan tipo de discapacidad intelectual o del desarrollo. Seg\u00fan los datos recogidos por el IMSERSO en las Comunidades Aut\u00f3nomas, a finales de 2015 hab\u00eda en Espa\u00f1a un total de 268.633 personas con una discapacidad intelectual reconocida [&hellip;]<\/p>\n","protected":false},"author":2,"featured_media":0,"parent":0,"menu_order":0,"comment_status":"closed","ping_status":"closed","template":"","meta":{"_seopress_robots_primary_cat":"","_seopress_titles_title":"","_seopress_titles_desc":"","_seopress_robots_index":"","_eb_attr":"","footnotes":""},"categories":[],"tags":[],"class_list":["post-3324","page","type-page","status-publish","hentry","post"],"_links":{"self":[{"href":"https:\/\/www.fundacionsancebrian.com\/portal\/wp-json\/wp\/v2\/pages\/3324","targetHints":{"allow":["GET"]}}],"collection":[{"href":"https:\/\/www.fundacionsancebrian.com\/portal\/wp-json\/wp\/v2\/pages"}],"about":[{"href":"https:\/\/www.fundacionsancebrian.com\/portal\/wp-json\/wp\/v2\/types\/page"}],"author":[{"embeddable":true,"href":"https:\/\/www.fundacionsancebrian.com\/portal\/wp-json\/wp\/v2\/users\/2"}],"replies":[{"embeddable":true,"href":"https:\/\/www.fundacionsancebrian.com\/portal\/wp-json\/wp\/v2\/comments?post=3324"}],"version-history":[{"count":6,"href":"https:\/\/www.fundacionsancebrian.com\/portal\/wp-json\/wp\/v2\/pages\/3324\/revisions"}],"predecessor-version":[{"id":4162,"href":"https:\/\/www.fundacionsancebrian.com\/portal\/wp-json\/wp\/v2\/pages\/3324\/revisions\/4162"}],"wp:attachment":[{"href":"https:\/\/www.fundacionsancebrian.com\/portal\/wp-json\/wp\/v2\/media?parent=3324"}],"wp:term":[{"taxonomy":"category","embeddable":true,"href":"https:\/\/www.fundacionsancebrian.com\/portal\/wp-json\/wp\/v2\/categories?post=3324"},{"taxonomy":"post_tag","embeddable":true,"href":"https:\/\/www.fundacionsancebrian.com\/portal\/wp-json\/wp\/v2\/tags?post=3324"}],"curies":[{"name":"wp","href":"https:\/\/api.w.org\/{rel}","templated":true}]}}