{"id":4735,"date":"2018-11-28T15:16:07","date_gmt":"2018-11-28T15:16:07","guid":{"rendered":"http:\/\/www.fundacionsancebrian.com\/portal\/?page_id=4735"},"modified":"2019-11-20T15:08:13","modified_gmt":"2019-11-20T13:08:13","slug":"politica-de-ventas-envios-y-devoluciones","status":"publish","type":"page","link":"https:\/\/www.fundacionsancebrian.com\/portal\/politica-de-ventas-envios-y-devoluciones\/","title":{"rendered":"Pol\u00edtica de ventas, env\u00edos y devoluciones"},"content":{"rendered":"<div id=\"pl-4735\"  class=\"panel-layout\" ><div id=\"pg-4735-0\"  class=\"panel-grid panel-no-style\" ><div id=\"pgc-4735-0-0\"  class=\"panel-grid-cell\" ><div id=\"panel-4735-0-0-0\" class=\"so-panel widget widget_sow-editor panel-first-child panel-last-child\" data-index=\"0\" ><div\n\t\t\t\n\t\t\tclass=\"so-widget-sow-editor so-widget-sow-editor-base\"\n\t\t\t\n\t\t>\n<div class=\"siteorigin-widget-tinymce textwidget\">\n\t<p><strong>OBJETO Y GENERALIDADES<\/strong><\/p>\n<p>Las presentes Condiciones Generales de uso, condiciones de venta y pol\u00edtica de privacidad regulan el uso del sitio Web\u00a0 www.fundacionsancebrian.com (en adelante \u201cel Sitio Web\u201d), de la que Fundaci\u00f3n San Cebri\u00e1n (de ahora en adelante LA EMPRESA) con CIF G-34125534 y domicilio en Plaza Juan XXIII 5, bajo 34005 Palencia Espa\u00f1a es titular.<\/p>\n<p>A trav\u00e9s de su sitio www.fundacionsancebrian.com, LA EMPRESA proporciona informaci\u00f3n acerca de sus productos y ofrece la posibilidad de su adquisici\u00f3n.<\/p>\n<p>En cualquier caso, existen p\u00e1ginas del Sitio Web accesibles a personas f\u00edsicas o jur\u00eddicas que no lleguen a registrarse ni inicien una compra de producto (en adelante, \u201cUsuarios\u201d). En este sentido, los Usuarios que accedan a estas partes del Sitio Web aceptan quedar sometidos a los t\u00e9rminos y condiciones recogidos en estas Condiciones Generales, en la medida que ello les pueda ser de aplicaci\u00f3n.<\/p>\n<p>CONTACTO: Para cualquier tipo de duda, consulta o sugerencia, puede enviarnos sus comentarios por email a: fscpalencia@fundacionsancebrian.com<\/p>\n<p><strong>PRECIOS<\/strong><\/p>\n<p>Todos los precios de los productos que se indican a trav\u00e9s de la p\u00e1gina web incluyen el IVA y los dem\u00e1s impuestos que pudiera corresponder. No obstante, estos precios no incluyen los gastos correspondientes al env\u00edo de los productos, que se detallan aparte y deben ser aceptados por el Cliente.<\/p>\n<p><strong>DISPONIBILIDAD<\/strong><\/p>\n<p>LA EMPRESA informa al Cliente que el n\u00famero de unidades disponibles se mantiene actualizado con las existencias en almac\u00e9n y la disponibilidad por nuestros proveedores. En ning\u00fan caso LA EMPRESA pondr\u00e1 a la venta de forma intencionada m\u00e1s unidades de las que disponga o el proveedor le haya reservado.<\/p>\n<p>LA EMPRESA har\u00e1 todo lo posible por complacer a todos sus Clientes en la demanda de los productos.<\/p>\n<p>Para el supuesto en que el producto no est\u00e9 disponible despu\u00e9s de haberse realizado el pedido, el Cliente ser\u00e1 informado por email de la anulaci\u00f3n total o parcial de \u00e9ste. La anulaci\u00f3n parcial del pedido debido a falta de disponibilidad no da derecho a la anulaci\u00f3n de la totalidad del pedido. Si a ra\u00edz de esta anulaci\u00f3n el cliente quiere devolver el producto entregado deber\u00e1 seguir lo estipulado en el apartado Devoluci\u00f3n.<\/p>\n<p><strong>PAGO<\/strong><\/p>\n<p>El Cliente se compromete a pagar en el momento que realiza el pedido. Al precio inicial que figure en el sitio Web para cada uno de los productos ofrecidos se le sumar\u00e1n las tarifas correspondientes a los gastos de env\u00edo pertinentes. En cualquier caso, dichas tarifas ser\u00e1n comunicadas previamente al Cliente antes de formalizar la propia compra.<\/p>\n<p>El Cliente deber\u00e1 abonar el importe correspondiente a su pedido mediante pago a trav\u00e9s de tarjeta de cr\u00e9dito o de d\u00e9bito (Visa, Mastercard, Visa Electr\u00f3n y\/o otras tarjetas an\u00e1logas), transferencia o ingreso en cuenta y Paypal . La tarjeta con la que se haga el pago deber\u00e1 tener como entidad financiera emisora a un banco o caja de ahorros espa\u00f1ol. El pago con tarjeta se realiza con sus protocolos de seguridad.<\/p>\n<p>El Cliente deber\u00e1 notificar a LA EMPRESA cualquier cargo indebido o fraudulento en la tarjeta utilizada para las compras, mediante email o v\u00eda telef\u00f3nica, en el menor plazo de tiempo posible para que LA EMPRESA pueda realizar las gestiones oportunas.<\/p>\n<p><strong>FORMALIZACI\u00d3N DE PEDIDOS<\/strong><\/p>\n<p>Una vez formalizado el pedido, LA EMPRESA enviar\u00e1 siempre un email al CLIENTE confirmando los detalles de la compra realizada.<\/p>\n<p><strong>CANCELACI\u00d3N DE PEDIDOS<\/strong><\/p>\n<p>LA EMPRESA aceptar\u00e1 cancelaciones de pedidos cuando se soliciten antes del env\u00edo del mismo. Para realizar la cancelaci\u00f3n debes solicitarlo por tel\u00e9fono en el n\u00famero 979706954<\/p>\n<p><strong>PLAZOS, LUGAR DE ENTREGA Y EXTRAV\u00cdOS<\/strong><\/p>\n<p>I. Entrega del producto<\/p>\n<p>LA EMPRESA se compromete a entregar el producto en perfecto estado en la direcci\u00f3n que el Cliente se\u00f1ale en el formulario de pedido, y que en todo caso deber\u00e1 estar comprendida dentro de\u00a0las zonas y\/o paises de entrega indicados en el proceso de compra. Con el fin de optimizar la entrega, agradecemos al Cliente que indique una direcci\u00f3n en la cual el pedido pueda ser entregado dentro del horario laboral habitual.<\/p>\n<p>LA EMPRESA no ser\u00e1 responsable por los errores causados en la entrega cuando la direcci\u00f3n de entrega introducida por el Cliente en el formulario de pedido no se ajuste a la realidad o hayan sido omitidos.<\/p>\n<p>II. Plazo de Entrega<\/p>\n<p>Los env\u00edos los realizaremos a trav\u00e9s de una empresa de mensajer\u00eda. El pedido realizado por usted le ser\u00e1 entregado en un plazo m\u00e1ximo de 5 d\u00edas laborables desde que le hemos hecho la confirmaci\u00f3n del pedido.<\/p>\n<p>Estos plazos son medios, y por tanto una estimaci\u00f3n. Por ello, es posible que var\u00eden por razones log\u00edsticas o de fuerza mayor. En casos de retrasos en las entregas, LA EMPRESA informar\u00e1 a sus clientes en cuanto tenga conocimiento de ellos.<\/p>\n<p>Cada entrega se considera efectuada a partir del momento en el cual la empresa de transportes pone el producto a disposici\u00f3n del Cliente, que se materializa a trav\u00e9s del sistema de control utilizado por la compa\u00f1\u00eda de transportes.<\/p>\n<p>En el caso de retrasos en la entrega de los pedidos imputables a LA EMPRESA, el Cliente podr\u00e1 anular su pedido de acuerdo con el procedimiento descrito en el Apartado \u201cDevoluci\u00f3n\u201d. No se considerar\u00e1n retrasos en la entrega aquellos casos en los que el pedido haya sido puesto a disposici\u00f3n del Cliente por parte de la compa\u00f1\u00eda de transporte dentro del plazo acordado y no haya podido ser entregado por causa achacable al Cliente.<\/p>\n<p>Una vez que el pedido salga de nuestros almacenes, se le enviar\u00e1 un e-mail notific\u00e1ndole que su pedido ha sido aceptado y est\u00e1 siendo enviado.<\/p>\n<p>Por motivos de seguridad, LA EMPRESA no enviar\u00e1 ning\u00fan pedido a apartados de correos ni bases militares, ni aceptar\u00e1 ning\u00fan pedido cuando no sea posible identificar al destinatario del pedido y su direcci\u00f3n.<\/p>\n<p>III. Datos de Entrega, Entregas no realizadas y Extrav\u00edo<\/p>\n<p>Si en el momento de la entrega el Cliente se encuentra ausente, el transportista dejar\u00e1 un comprobante indicando c\u00f3mo proceder para concertar una nueva entrega. LA EMPRESA contrata, como parte del servicio de entrega de mensajer\u00eda, la realizaci\u00f3n de una serie de acciones de seguimiento, encaminadas a garantizar que la entrega se produce.<\/p>\n<p>Si pasados 7 d\u00edas h\u00e1biles tras la salida a reparto del pedido no se ha concertado la entrega, el Cliente deber\u00e1 ponerse en contacto con LA EMPRESA. En caso de que el Cliente no proceda as\u00ed, pasados 10 d\u00edas h\u00e1biles desde la salida a reparto del pedido \u00e9ste ser\u00e1 devuelto a nuestros almacenes y el Cliente deber\u00e1 hacerse cargo de los gastos de env\u00edo y de retorno a origen de la mercanc\u00eda, as\u00ed como de los posibles gastos de gesti\u00f3n asociados.<\/p>\n<p>Si el motivo por el que no se ha podido realizar la entrega es el extrav\u00edo del paquete, nuestro transportista iniciar\u00e1 una investigaci\u00f3n. En estos casos, los plazos de respuesta de nuestros transportistas suelen oscilar entre una y tres semanas.<\/p>\n<p>IV. Diligencia en la entrega<\/p>\n<p>El Cliente deber\u00e1 comprobar el buen estado del paquete ante el transportista que, por cuenta de LA EMPRESA, realice la entrega del producto solicitado, indicando en el albar\u00e1n de entrega cualquier anomal\u00eda que pudiera detectar en el embalaje. Si, posteriormente, una vez revisado el producto, el Cliente detectase cualquier incidencia como golpe, rotura, indicios de haber sido abierto o cualquier desperfecto causado en \u00e9ste por el env\u00edo, \u00e9ste se compromete a comunicarlo a LA EMPRESA v\u00eda email en el menor plazo de tiempo posible, antes de las siguientes 24 horas desde la entrega. A partir de ese momento no se atender\u00e1n incidencias por ese tipo (\u00fanicamente piezas en garant\u00eda).<\/p>\n<p><strong>DEVOLUCI\u00d3N<\/strong><\/p>\n<p>I. Procedimiento de devoluci\u00f3n<\/p>\n<p>Todos los productos comprados en LA EMPRESA podr\u00e1n ser devueltos y reembolsados, siempre que el Cliente comunique a LA EMPRESA su intenci\u00f3n de devolver el\/los producto\/s adquirido\/s dentro de un plazo m\u00e1ximo de hasta 14 d\u00edas laborables contados desde la fecha de entrega y que se cumplan el resto de las condiciones establecidas en este apartado.<\/p>\n<p>LA EMPRESA s\u00f3lo aceptar\u00e1 devoluciones que cumplan los siguientes requisitos:<\/p>\n<ul>\n<li>El producto debe estar en el mismo estado en que se entreg\u00f3 y deber\u00e1 conservar su embalaje y etiquetado original.<\/li>\n<li>El env\u00edo debe hacerse usando la misma caja en que ha sido recibido para proteger el producto. Para el supuesto que no pueda hacerse con la caja con la que se entreg\u00f3, el Cliente deber\u00e1 devolverlo en una caja protectora con el fin de que el producto llegue al almac\u00e9n de LA EMPRESA con las m\u00e1ximas garant\u00edas posibles.<\/li>\n<li>Debe incluirse una copia del albar\u00e1n de entrega dentro del paquete, donde adem\u00e1s se marquen los productos devueltos y el motivo de la devoluci\u00f3n.<\/li>\n<\/ul>\n<p>Con el objetivo de facilitar a los Clientes el proceso de devoluci\u00f3n y poder hacer un correcto seguimiento de la misma, LA EMPRESA establece como \u00fanico procedimiento de devoluci\u00f3n el establecido por LA EMPRESA. Si el motivo de la devoluci\u00f3n es imputable a LA EMPRESA (el producto es defectuoso, no es el que t\u00fa hab\u00edas pedido, etc.), el importe de la devoluci\u00f3n ser\u00e1 reembolsado. Si el motivo es otro (los productos se sirvieron correctamente pero no son de tu agrado), el coste de los gastos de devoluci\u00f3n ser\u00e1n a cargo del cliente.<\/p>\n<p>Para proceder con una devoluci\u00f3n, se deben seguir los siguientes pasos:<\/p>\n<ul>\n<li>Informar antes de 7 d\u00edas naturales desde su recepci\u00f3n que el producto quiere ser devuelto. La informaci\u00f3n podr\u00e1 realizarse via correo a ventas@prowellness.es o mediante el formulario de atenci\u00f3n al cliente.<\/li>\n<li>LA EMPRESA informar\u00e1 al cliente de la direcci\u00f3n a la que debe enviar el producto.<\/li>\n<li>El cliente debe enviarlo mediante una empresa de mensajer\u00eda de su elecci\u00f3n. La devoluci\u00f3n debe pagarla el cliente.<\/li>\n<li>Informar de la empresa de mensajer\u00eda utilizada, fecha y hora de la devoluci\u00f3n.<\/li>\n<\/ul>\n<p>II. Reembolsos al CLIENTE<\/p>\n<p>La devoluci\u00f3n de los productos dar\u00e1 lugar a un reembolso igual al coste de los productos devueltos menos el coste del servicio de devoluci\u00f3n.<\/p>\n<p>\u00danicamente en el caso de que el producto entregado sea defectuoso o incorrecto, LA EMPRESA reembolsar\u00e1 tambi\u00e9n al Cliente los gastos de env\u00edo correspondientes.<\/p>\n<p>Las devoluciones y las anulaciones parciales dar\u00e1n lugar a reembolsos parciales.<\/p>\n<p>LA EMPRESA gestionar\u00e1 la orden de devoluci\u00f3n bajo el mismo sistema que se utiliz\u00f3 para el pago en un plazo de 3 d\u00edas desde la confirmaci\u00f3n de llegada al almac\u00e9n del pedido devuelto. La aplicaci\u00f3n de la devoluci\u00f3n en la cuenta o tarjeta del Cliente depender\u00e1 de la tarjeta y de la entidad emisora. El plazo de aplicaci\u00f3n ser\u00e1 de hasta 7 d\u00edas para las tarjetas de d\u00e9bito y de hasta 30 d\u00edas para las tarjetas de cr\u00e9dito.<\/p>\n<p><strong>PROPIEDAD INTELECTUAL E INDUSTRIAL<\/strong><\/p>\n<p>LA EMPRESA ostenta todos los derechos sobre el contenido, dise\u00f1o y c\u00f3digo fuente de esta p\u00e1gina Web y, en especial, con car\u00e1cter enunciativo pero no limitativo, sobre las fotograf\u00edas, im\u00e1genes, textos, logos, dise\u00f1os, marcas, nombres comerciales y datos que se incluyen en la Web.<\/p>\n<p>Se advierte a Clientes y Usuarios de que tales derechos est\u00e1n protegidos por la legislaci\u00f3n vigente espa\u00f1ola e internacional relativa a la propiedad intelectual e industrial.<\/p>\n<p>Asimismo, y sin prejuicio de lo anterior, el contenido de esta Web tambi\u00e9n tiene la consideraci\u00f3n de programa inform\u00e1tico, y por lo tanto, le resulta tambi\u00e9n de aplicaci\u00f3n toda la normativa espa\u00f1ola y comunitaria europea vigente en la materia.<\/p>\n<p>Queda expresamente prohibida la reproducci\u00f3n total o parcial de esta Web, ni de cualquiera de sus contenidos, sin el permiso expreso y por escrito de LA EMPRESA.<\/p>\n<p>Asimismo queda totalmente prohibida la copia, reproducci\u00f3n, adaptaci\u00f3n, modificaci\u00f3n, distribuci\u00f3n, comercializaci\u00f3n, comunicaci\u00f3n p\u00fablica y\/o cualquier otra acci\u00f3n que comporte una infracci\u00f3n de la normativa vigente espa\u00f1ola y\/o internaciones en materia de propiedad intelectual y\/o industrial, as\u00ed como el uso de los contenidos de la Web si no es con la previa autorizaci\u00f3n expresa y por escrito de LA EMPRESA.<\/p>\n<p>LA EMPRESA informa que no concede licencia o autorizaci\u00f3n impl\u00edcita alguna sobre los derechos de propiedad intelectual y\/o industrial o sobre cualquier otro derecho o propiedad relacionado, directa o indirectamente, con los contenidos incluidos en la Web.<\/p>\n<p>Tan s\u00f3lo se autoriza la utilizaci\u00f3n de los contenidos del dominio web con fines informativos y de servicio, siempre que se cite o se haga referencia a la fuente, siendo el usuario el \u00fanico responsable del mal uso de los mismos.<\/p>\n<p><strong>ACCESO Y ESTANCIA EN LA WEB. NUESTROS CONTENIDOS<\/strong><\/p>\n<p>Los Clientes y Usuarios son \u00edntegramente responsables de su conducta, al acceder a la informaci\u00f3n de la Web, mientras naveguen en la misma, as\u00ed como despu\u00e9s de haber accedido.<\/p>\n<p>Como consecuencia de lo anterior, los Clientes y Usuarios son los \u00fanicos responsables ante LA EMPRESA y terceros de:<\/p>\n<ul>\n<li>Las consecuencias que se puedan derivar de una utilizaci\u00f3n, con fines o efectos il\u00edcitos o contrarios al presente documento, de cualquier contenido de la Web, elaborado o no por LA EMPRESA, publicado o no bajo su nombre de forma oficial.<\/li>\n<li>As\u00ed como de las consecuencias que se puedan derivar de la utilizaci\u00f3n contraria al contenido del presente documento y lesiva de los intereses o derechos de terceros, o que de cualquier forma pueda da\u00f1ar, inutilizar o deteriorar la Web o sus servicios o impedir el normal disfrute por otros Usuarios.<\/li>\n<\/ul>\n<p>LA EMPRESA se reserva el derecho a actualizar los contenidos cuando lo estime conveniente, as\u00ed como a eliminarlos, limitarlos o impedir el acceso a ellos, de manera temporal o definitiva, as\u00ed como denegar el acceso a la Web a Clientes y Usuarios que haga un mal uso de los contenidos y\/o incumplan cualquiera de las condiciones que aparecen en el presente documento.<\/p>\n<p>LA EMPRESA informa que no garantiza:<\/p>\n<ul>\n<li>Que el acceso a la Web y\/o a las Web de enlace sea ininterrumpido o libre de error.<\/li>\n<li>Que el contenido o software al que los Clientes y Usuarios accedan a trav\u00e9s de la Web o de las Web de enlace no contenga error alguno, virus inform\u00e1tico u otros elementos en los contenidos que puedan producir alteraciones en su sistema o en los documentos electr\u00f3nicos y ficheros almacenados en su sistema inform\u00e1tico o cause otro tipo de da\u00f1o.<\/li>\n<li>El aprovechamiento que de la informaci\u00f3n o contenido de esta Web o Webs de enlace que los Clientes y Usuarios pudieran realizar para sus prop\u00f3sitos personales.<\/li>\n<\/ul>\n<p>La informaci\u00f3n contenida en esta p\u00e1gina Web debe ser considerada por los Clientes y Usuarios como divulgativa y orientadora, tanto con relaci\u00f3n a su finalidad como a sus efectos, motivo por el cual:<\/p>\n<p>LA EMPRESA no garantiza la exactitud de la informaci\u00f3n contenida en esta Web y por consiguiente no asumen responsabilidad alguna sobre los posibles perjuicios o incomodidades para los Usuarios que pudiesen derivarse alguna inexactitud presente en la Web.<\/p>\n<p><strong>NUESTRA RESPONSABILIDAD<\/strong><\/p>\n<p>LA EMPRESA no asume responsabilidad alguna derivada, a t\u00edtulo enunciativo pero no limitativo:<\/p>\n<ul>\n<li>De la utilizaci\u00f3n que los Clientes o Usuarios puedan hacer de los materiales de esta Web o webs de enlace, ya sean prohibidos o permitidos, en infracci\u00f3n de los derechos de propiedad intelectual y\/o industrial de contenidos de la Web o de terceros.<\/li>\n<li>De los eventuales da\u00f1os y perjuicios a los Clientes o Usuarios causados por un funcionamiento normal o anormal de las herramientas de b\u00fasqueda, de la organizaci\u00f3n o la localizaci\u00f3n de los contenidos y\/o acceso a la Web y, en general, de los errores o problemas que se generen en el desarrollo o instrumentaci\u00f3n de los elementos t\u00e9cnicos que la Web o un programa facilite al Usuario.<\/li>\n<li>De los contenidos de aquellas p\u00e1ginas a las que los Clientes o Usuarios puedan acceder desde enlaces incluidos en la Web, ya sean autorizados o no.<\/li>\n<li>De los actos u omisiones de terceros, con independencia de que estos terceros pudiesen estar unidos a LA EMPRESA mediante v\u00eda contractual.<\/li>\n<li>Del acceso de menores de edad a los contenidos incluidos en la Web, siendo responsabilidad de sus progenitores o tutores ejercer un control adecuado sobre la actividad de los hijos o menores a su cargo o bien instalar alguna de las herramientas de control del uso de Internet con el objeto de evitar el acceso a materiales o contenidos no aptos para menores, as\u00ed como el env\u00edo de datos personales sin la previa autorizaci\u00f3n de sus progenitores o tutores.<\/li>\n<li>De las comunicaciones o di\u00e1logos en el transcurso de los debates, foros, chats y comunidades virtuales que se organicen a trav\u00e9s de o entorno a la Web y\/o webs de enlace, ni responder\u00e1, por tanto, de los eventuales da\u00f1os y prejuicios que sufran los Clientes o Usuarios particulares y\/o colectivos a consecuencia de dichas comunicaciones y\/o di\u00e1logos.<\/li>\n<\/ul>\n<p>LA EMPRESA no ser\u00e1 responsable en ning\u00fan caso cuando se produzcan:<\/p>\n<ul>\n<li>Errores o retrasos en el acceso al Sitio Web por parte del Cliente a la hora de introducir sus datos en el formulario de pedido, la lentitud o imposibilidad de recepci\u00f3n por parte de los destinatarios de la confirmaci\u00f3n del pedido o cualquier anomal\u00eda que pueda surgir cuando estas incidencias sean debidas a problemas en la red Internet, causas de caso fortuito o fuerza mayor y cualquier otra contingencia imprevisible ajena a la buena fe de LA EMPRESA.<\/li>\n<li>Fallos o incidencias que pudieran producirse en las comunicaciones, borrado o transmisiones incompletas, de manera que no se garantiza que los servicios del sitio Web est\u00e9n constantemente operativos.<\/li>\n<li>De los errores o da\u00f1os producidos al sitio web por un uso del servicio ineficiente y de mala fe por parte del Cliente.<\/li>\n<li>De la no operatividad o problemas en la direcci\u00f3n de email facilitada por el Cliente para el env\u00edo de la confirmaci\u00f3n del pedido.<\/li>\n<\/ul>\n<p>En todo caso, LA EMPRESA se compromete a solucionar los problemas que puedan surgir y a ofrecer todo el apoyo necesario al Cliente para llegar a una soluci\u00f3n r\u00e1pida y satisfactoria de la incidencia.<\/p>\n<p>Asimismo, LA EMPRESA tiene derecho a realizar durante intervalos temporales definidos, campa\u00f1as promocionales para promover el registro de nuevos miembros en su servicio. LA EMPRESA se reserva el derecho de modificar las condiciones de aplicaci\u00f3n de la promociones, prorrogarlas comunic\u00e1ndolo debidamente, o proceder a la exclusi\u00f3n de cualquiera de los participantes de la promoci\u00f3n en el supuesto de detectar cualquier anomal\u00eda, abuso o comportamiento poco \u00e9tico en la participaci\u00f3n de los mismos.<\/p>\n<p><strong>NULIDAD<\/strong><\/p>\n<p>En caso de que cualquier cl\u00e1usula de las presentes Condiciones de Uso sea declarada nula, las dem\u00e1s cl\u00e1usulas seguir\u00e1n vigentes y se interpretar\u00e1n teniendo en cuenta la voluntad de las partes y la finalidad misma de las presentes Condiciones de Uso.<\/p>\n<p>LA EMPRESA podr\u00e1 no ejercitar alguno de los derechos y facultades conferidos en este documento lo que no implicar\u00e1 en ning\u00fan caso la renuncia a los mismos salvo reconocimiento expreso por parte de LA EMPRESA o prescripci\u00f3n de la acci\u00f3n que en cada caso corresponda.<\/p>\n<p><strong>MODIFICACI\u00d3N DE LAS CONDICIONES DE USO<\/strong><\/p>\n<p>LA EMPRESA se reserva el derecho de modificar, en cualquier momento, la presentaci\u00f3n y configuraci\u00f3n del Sitio Web, as\u00ed como las presentes Condiciones Generales. Por ello, LA EMPRESA recomienda al Cliente leerlas atentamente cada vez que acceda al Sitio Web.<\/p>\n<p>Clientes y Usuarios siempre dispondr\u00e1n de estas Condiciones de Uso en un sitio visible, libremente accesible para cuantas consultas quiera realizar. En cualquier caso, la aceptaci\u00f3n de las Condiciones de Uso ser\u00e1 un paso previo e indispensable a la adquisici\u00f3n de cualquier producto disponible a trav\u00e9s del Sitio Web<\/p>\n<\/div>\n<\/div><\/div><\/div><\/div><\/div>","protected":false},"excerpt":{"rendered":"<p>OBJETO Y GENERALIDADESLas presentes Condiciones Generales de uso, condiciones de venta y pol\u00edtica de privacidad regulan el uso del sitio Web\u00a0 www.fundacionsancebrian.com (en adelante \u201cel Sitio Web\u201d), de la que Fundaci\u00f3n San Cebri\u00e1n (de ahora en adelante LA EMPRESA) con CIF G-34125534 y domicilio en Plaza Juan XXIII 5, bajo 34005 Palencia Espa\u00f1a es titular.A [&hellip;]<\/p>\n","protected":false},"author":2,"featured_media":0,"parent":0,"menu_order":0,"comment_status":"closed","ping_status":"closed","template":"","meta":{"_seopress_robots_primary_cat":"","_seopress_titles_title":"","_seopress_titles_desc":"","_seopress_robots_index":"","_eb_attr":"","footnotes":""},"categories":[],"tags":[],"class_list":["post-4735","page","type-page","status-publish","hentry","post"],"_links":{"self":[{"href":"https:\/\/www.fundacionsancebrian.com\/portal\/wp-json\/wp\/v2\/pages\/4735","targetHints":{"allow":["GET"]}}],"collection":[{"href":"https:\/\/www.fundacionsancebrian.com\/portal\/wp-json\/wp\/v2\/pages"}],"about":[{"href":"https:\/\/www.fundacionsancebrian.com\/portal\/wp-json\/wp\/v2\/types\/page"}],"author":[{"embeddable":true,"href":"https:\/\/www.fundacionsancebrian.com\/portal\/wp-json\/wp\/v2\/users\/2"}],"replies":[{"embeddable":true,"href":"https:\/\/www.fundacionsancebrian.com\/portal\/wp-json\/wp\/v2\/comments?post=4735"}],"version-history":[{"count":4,"href":"https:\/\/www.fundacionsancebrian.com\/portal\/wp-json\/wp\/v2\/pages\/4735\/revisions"}],"predecessor-version":[{"id":5755,"href":"https:\/\/www.fundacionsancebrian.com\/portal\/wp-json\/wp\/v2\/pages\/4735\/revisions\/5755"}],"wp:attachment":[{"href":"https:\/\/www.fundacionsancebrian.com\/portal\/wp-json\/wp\/v2\/media?parent=4735"}],"wp:term":[{"taxonomy":"category","embeddable":true,"href":"https:\/\/www.fundacionsancebrian.com\/portal\/wp-json\/wp\/v2\/categories?post=4735"},{"taxonomy":"post_tag","embeddable":true,"href":"https:\/\/www.fundacionsancebrian.com\/portal\/wp-json\/wp\/v2\/tags?post=4735"}],"curies":[{"name":"wp","href":"https:\/\/api.w.org\/{rel}","templated":true}]}}