{"id":4934,"date":"2019-01-17T15:31:22","date_gmt":"2019-01-17T15:31:22","guid":{"rendered":"http:\/\/www.fundacionsancebrian.com\/portal\/?page_id=4934"},"modified":"2024-05-30T11:18:07","modified_gmt":"2024-05-30T09:18:07","slug":"facilparati","status":"publish","type":"page","link":"https:\/\/www.fundacionsancebrian.com\/portal\/facilparati\/","title":{"rendered":"Oficina de accesibilidad cognitiva Facil para ti"},"content":{"rendered":"<div id=\"pl-4934\"  class=\"panel-layout\" ><div id=\"pg-4934-0\"  class=\"panel-grid panel-no-style\" ><div id=\"pgc-4934-0-0\"  class=\"panel-grid-cell\" ><div id=\"panel-4934-0-0-0\" class=\"so-panel widget widget_sow-headline panel-first-child panel-last-child\" data-index=\"0\" ><div class=\"panel-widget-style panel-widget-style-for-4934-0-0-0\" ><div\n\t\t\t\n\t\t\tclass=\"so-widget-sow-headline so-widget-sow-headline-default-c47f84ec2e15-4934 so-widget-fittext-wrapper\"\n\t\t\t data-fit-text-compressor=\"0.85\"\n\t\t><div class=\"sow-headline-container \">\n\t\t\t\t\t\t\t<h1 class=\"sow-headline\">\n\t\t\t\t\t\tOficina de accesibilidad cognitiva <span style=\"color: #4DD0E1\"><br \/><b>F\u00c1CIL PARA T\u00cd<\/b><\/span> \t\t\t\t\t\t<\/h1>\n\t\t\t\t\t\t\t\t\t\t\t<div class=\"decoration\">\n\t\t\t\t\t\t<div class=\"decoration-inside\"><\/div>\n\t\t\t\t\t<\/div>\n\t\t\t\t\t<\/div>\n<\/div><\/div><\/div><\/div><\/div><div id=\"pg-4934-1\"  class=\"panel-grid panel-no-style\" ><div id=\"pgc-4934-1-0\"  class=\"panel-grid-cell\" ><div id=\"panel-4934-1-0-0\" class=\"so-panel widget widget_sow-editor panel-first-child panel-last-child\" data-index=\"1\" ><div\n\t\t\t\n\t\t\tclass=\"so-widget-sow-editor so-widget-sow-editor-base\"\n\t\t\t\n\t\t>\n<div class=\"siteorigin-widget-tinymce textwidget\">\n\t<p><a href=\"http:\/\/www.fundacionsancebrian.com\/portal\/wp-content\/uploads\/2019\/06\/logo-oficina-1.jpg\"><img fetchpriority=\"high\" fetchpriority=\"high\" decoding=\"async\" class=\"wp-image-5486 alignleft\" src=\"http:\/\/www.fundacionsancebrian.com\/portal\/wp-content\/uploads\/2019\/06\/logo-oficina-1.jpg\" alt=\"\" width=\"638\" height=\"246\" srcset=\"https:\/\/www.fundacionsancebrian.com\/portal\/wp-content\/uploads\/2019\/06\/logo-oficina-1.jpg 1080w, https:\/\/www.fundacionsancebrian.com\/portal\/wp-content\/uploads\/2019\/06\/logo-oficina-1-300x116.jpg 300w, https:\/\/www.fundacionsancebrian.com\/portal\/wp-content\/uploads\/2019\/06\/logo-oficina-1-768x296.jpg 768w, https:\/\/www.fundacionsancebrian.com\/portal\/wp-content\/uploads\/2019\/06\/logo-oficina-1-1024x394.jpg 1024w, https:\/\/www.fundacionsancebrian.com\/portal\/wp-content\/uploads\/2019\/06\/logo-oficina-1-600x231.jpg 600w\" sizes=\"(max-width: 638px) 100vw, 638px\" \/><\/a><\/p>\n<\/div>\n<\/div><\/div><\/div><div id=\"pgc-4934-1-1\"  class=\"panel-grid-cell\" ><div id=\"panel-4934-1-1-0\" class=\"so-panel widget widget_sow-editor panel-first-child panel-last-child\" data-index=\"2\" ><div\n\t\t\t\n\t\t\tclass=\"so-widget-sow-editor so-widget-sow-editor-base\"\n\t\t\t\n\t\t>\n<div class=\"siteorigin-widget-tinymce textwidget\">\n\t<div class=\"su-youtube su-u-responsive-media-yes\"><iframe width=\"600\" height=\"400\" src=\"https:\/\/www.youtube.com\/embed\/_B516PrzdKo?\" frameborder=\"0\" allowfullscreen allow=\"autoplay; encrypted-media; picture-in-picture\" title=\"\"><\/iframe><\/div>\n<\/div>\n<\/div><\/div><\/div><\/div><div id=\"pg-4934-2\"  class=\"panel-grid panel-no-style\" ><div id=\"pgc-4934-2-0\"  class=\"panel-grid-cell\" ><div id=\"panel-4934-2-0-0\" class=\"so-panel widget widget_sow-editor panel-first-child\" data-index=\"3\" ><div\n\t\t\t\n\t\t\tclass=\"so-widget-sow-editor so-widget-sow-editor-base\"\n\t\t\t\n\t\t>\n<div class=\"siteorigin-widget-tinymce textwidget\">\n\t<h2>Gu\u00eda de Turismo de Palencia en Lectura F\u00e1cil<\/h2>\n<div class=\"su-divider su-divider-style-default\" style=\"margin:0px 0;border-width:1px;border-color:#999999\"><\/div>\n<p><a href=\"https:\/\/www.fundacionsancebrian.com\/portal\/wp-content\/uploads\/2022\/06\/Guia-de-turimo-de-Palencia-en-lectura-facil.pdf\"><div class=\"su-service\"><div class=\"su-service-title\" style=\"padding-left:78px;min-height:64px;line-height:64px\"><img loading=\"lazy\" decoding=\"async\" src=\"https:\/\/www.fundacionsancebrian.com\/portal\/wp-content\/uploads\/2019\/11\/pdf.png\" width=\"64\" height=\"64\" alt=\"Puedes descargar la Gu\u00eda de Turismo adaptada aqu\u00ed\" style=\"width:64px;height:64px\" \/> Puedes descargar la Gu\u00eda de Turismo adaptada aqu\u00ed<\/div><div class=\"su-service-content su-u-clearfix su-u-trim\" style=\"padding-left:78px\"><\/div><\/div><\/a><\/p>\n<\/div>\n<\/div><\/div><div id=\"panel-4934-2-0-1\" class=\"so-panel widget widget_sow-editor\" data-index=\"4\" ><div\n\t\t\t\n\t\t\tclass=\"so-widget-sow-editor so-widget-sow-editor-base\"\n\t\t\t\n\t\t>\n<div class=\"siteorigin-widget-tinymce textwidget\">\n\t<h2>Manual de accesibilidad cognitiva: Un paseo F\u00e1cil y sencillo.<\/h2>\n<div class=\"su-divider su-divider-style-default\" style=\"margin:0px 0;border-width:1px;border-color:#999999\"><\/div>\n<p><a href=\"http:\/\/www.fundacionsancebrian.com\/portal\/wp-content\/uploads\/2021\/10\/La-accesibilidad-cognitiva.pdf\"><div class=\"su-service\"><div class=\"su-service-title\" style=\"padding-left:78px;min-height:64px;line-height:64px\"><img loading=\"lazy\" decoding=\"async\" src=\"http:\/\/www.fundacionsancebrian.com\/portal\/wp-content\/uploads\/2019\/11\/pdf.png\" width=\"64\" height=\"64\" alt=\"Manual de accesibilidad cognitiva\" style=\"width:64px;height:64px\" \/> Manual de accesibilidad cognitiva<\/div><div class=\"su-service-content su-u-clearfix su-u-trim\" style=\"padding-left:78px\"><\/div><\/div><\/a><\/p>\n<\/div>\n<\/div><\/div><div id=\"panel-4934-2-0-2\" class=\"so-panel widget widget_sow-editor\" data-index=\"5\" ><div\n\t\t\t\n\t\t\tclass=\"so-widget-sow-editor so-widget-sow-editor-base\"\n\t\t\t\n\t\t>\n<div class=\"siteorigin-widget-tinymce textwidget\">\n\t<h2>Medidas y prevencion sobre coronavirus:<\/h2>\n<div class=\"su-divider su-divider-style-default\" style=\"margin:0px 0;border-width:1px;border-color:#999999\"><\/div>\n<p>El servicio Facilparati de accesibilidad cognitiva de la Fundaci\u00f3n San Cebri\u00e1n, ha adaptado:<\/p>\n<ul>\n<li> <a href=\"http:\/\/www.fundacionsancebrian.com\/portal\/wp-content\/uploads\/2020\/10\/Restricciones-en-Palencia-7-octubre-Ultimas-medidas-contra-el-coronavirus-002.pdf\">Restricciones en Palencia 7 octubre \u00daltimas medidas contra el coronavirus\u00a0<\/a><\/li>\n<li><a href=\"http:\/\/www.fundacionsancebrian.com\/portal\/wp-content\/uploads\/2020\/09\/Medidas-preventivas-sanitarias-CyL-SEPTIEMBRE.pdf\">Medidas preventivas sanitarias Castilla y Le\u00f3n Septiembre<\/a><\/li>\n<li><a href=\"http:\/\/www.fundacionsancebrian.com\/portal\/wp-content\/uploads\/2020\/05\/Que-puedo-hacer-en-la-fase-1.pdf\">Gu\u00eda desescalada Fase 1<\/a><\/li>\n<li><a href=\"http:\/\/www.fundacionsancebrian.com\/portal\/wp-content\/uploads\/2020\/06\/Guia-para-la-Fase-2.pdf\">Guia desescalada Fase 2<\/a><\/li>\n<li><a href=\"http:\/\/www.fundacionsancebrian.com\/portal\/wp-content\/uploads\/2020\/09\/Carteles-COVID.pdf\">Carteles COVID<\/a><\/li>\n<li><a href=\"http:\/\/www.fundacionsancebrian.com\/portal\/wp-content\/uploads\/2020\/09\/todos.jpg\">Protegemos nuestra salud<\/a><\/li>\n<\/ul>\n<\/div>\n<\/div><\/div><div id=\"panel-4934-2-0-3\" class=\"so-panel widget widget_sow-editor\" data-index=\"6\" ><div\n\t\t\t\n\t\t\tclass=\"so-widget-sow-editor so-widget-sow-editor-base\"\n\t\t\t\n\t\t>\n<div class=\"siteorigin-widget-tinymce textwidget\">\n\t<h2>Adaptaciones:<\/h2>\n<div class=\"su-divider su-divider-style-default\" style=\"margin:0px 0;border-width:1px;border-color:#999999\"><\/div>\n<p>El servicio Facilparati de accesibilidad cognitiva de la Fundaci\u00f3n San Cebri\u00e1n, ha adaptado:<\/p>\n<ul>\n<li><a href=\"http:\/\/www.fundacionsancebrian.com\/portal\/wp-content\/uploads\/2020\/05\/Que-puedo-hacer-en-la-fase-1.pdf\">Gu\u00eda desescalada Fase 1<\/a><\/li>\n<li><a href=\"http:\/\/www.fundacionsancebrian.com\/portal\/wp-content\/uploads\/2020\/06\/Guia-para-la-Fase-2.pdf\">Guia desescalada Fase 2<\/a><\/li>\n<li>Documentos administrativos del Ayuntamiento de Fromista:\n<ul>\n<li><a href=\"http:\/\/www.fundacionsancebrian.com\/portal\/wp-content\/uploads\/2020\/01\/Instancia-General-Ayto-Fromista-LF.pdf\">Instancia General Ayto Fromista LF<\/a><\/li>\n<li><a href=\"http:\/\/www.fundacionsancebrian.com\/portal\/wp-content\/uploads\/2020\/01\/Licencia-segregacion-LF.pdf\">Licencia segregacion LF<\/a><\/li>\n<li><a href=\"http:\/\/www.fundacionsancebrian.com\/portal\/wp-content\/uploads\/2020\/01\/Solicitud-de-obras-menores-Ayto-Fromista-LF.pdf\">Solicitud de obras menores Ayto Fromista LF<\/a><\/li>\n<li><a href=\"http:\/\/www.fundacionsancebrian.com\/portal\/wp-content\/uploads\/2020\/01\/Solicitud-programa-infantil-crecemos-LF.pdf\">Solicitud programa infantil crecemos LF<\/a><\/li>\n<\/ul>\n<\/li>\n<li>Programas electorales de <a href=\"http:\/\/83.48.4.113\/nextcloud\/index.php\/s\/DSmX4gb52nFDeCr\">PP (clic para ver)<\/a> y PSOE para las elecciones municipales de Palencia del 26 de Mayo de 2019<\/li>\n<li>Saluda del Alcalde de Palencia del Programa de Fiestas 2019 <a href=\"http:\/\/83.48.4.113\/nextcloud\/index.php\/s\/ATKqziC6ygNXqZ5\">(clic para ver)<\/a><\/li>\n<li>Balance Social del Grupo Fundaci\u00f3n San Cebri\u00e1n <a href=\"http:\/\/83.48.4.113\/nextcloud\/index.php\/s\/FgbeSk8pNB9Hop6\">(clic para ver)<\/a><\/li>\n<\/ul>\n<\/div>\n<\/div><\/div><div id=\"panel-4934-2-0-4\" class=\"so-panel widget widget_sow-editor panel-last-child\" data-index=\"7\" ><div\n\t\t\t\n\t\t\tclass=\"so-widget-sow-editor so-widget-sow-editor-base\"\n\t\t\t\n\t\t>\n<div class=\"siteorigin-widget-tinymce textwidget\">\n\t<h2>\u00bfQu\u00e9 es facilparati ?<\/h2>\n<div class=\"su-divider su-divider-style-default\" style=\"margin:0px 0;border-width:1px;border-color:#999999\"><\/div>\n<p>Facilparati es un servicio de accesibilidad cognitiva de la Fundaci\u00f3n San Cebri\u00e1n.<br \/>\nEste servicio est\u00e1 formado por personas con discapacidad intelectual y por profesionales de la Fundaci\u00f3n San Cebri\u00e1n.<br \/>\nEl proceso de evaluaci\u00f3n de espacios y de validaci\u00f3n de textos escritos en Lectura F\u00e1cil les realizan personas con discapacidad intelectual. Su trabajo garantiza la accesibilidad cognitiva.<\/p>\n<\/div>\n<\/div><\/div><\/div><\/div><div id=\"pg-4934-3\"  class=\"panel-grid panel-no-style\" ><div id=\"pgc-4934-3-0\"  class=\"panel-grid-cell\" ><div id=\"panel-4934-3-0-0\" class=\"so-panel widget widget_sow-editor panel-first-child panel-last-child\" data-index=\"8\" ><div\n\t\t\t\n\t\t\tclass=\"so-widget-sow-editor so-widget-sow-editor-base\"\n\t\t\t\n\t\t>\n<div class=\"siteorigin-widget-tinymce textwidget\">\n\t<h2>\u00bfPor qu\u00e9 accesibilidad cognitiva?<\/h2>\n<div class=\"su-divider su-divider-style-default\" style=\"margin:0px 0;border-width:1px;border-color:#999999\"><\/div>\n<p>Porque la accesibilidad cognitiva es un derecho.<br \/>\nPorque con la accesibilidad cognitiva<br \/>\ncomprendemos mucho mejor<br \/>\nla informaci\u00f3n que hay a nuestro alrededor.<br \/>\nAdem\u00e1s la accesibilidad cognitiva es un derecho<br \/>\ny es buena para todas las personas<br \/>\npero en especial para personas con dificultades<br \/>\ncomo por ejemplo personas con discapacidad intelectual,<br \/>\npersonas que no comprenden nuestro idioma<br \/>\ny persona mayores.<\/p>\n<\/div>\n<\/div><\/div><\/div><div id=\"pgc-4934-3-1\"  class=\"panel-grid-cell\" ><div id=\"panel-4934-3-1-0\" class=\"so-panel widget widget_sow-editor panel-first-child panel-last-child\" data-index=\"9\" ><div\n\t\t\t\n\t\t\tclass=\"so-widget-sow-editor so-widget-sow-editor-base\"\n\t\t\t\n\t\t>\n<div class=\"siteorigin-widget-tinymce textwidget\">\n\t<h2>\u00bfQu\u00e9 hacemos en esta oficina?<\/h2>\n<div class=\"su-divider su-divider-style-default\" style=\"margin:0px 0;border-width:1px;border-color:#999999\"><\/div>\n<p>Adaptamos y validamos textos<br \/>\nAdaptamos textos a Lectura F\u00e1cil<br \/>\nque luego validan personas con discapacidad intelectual.<br \/>\nEvaluamos espacios<br \/>\nEvaluamos espacios y realizamos informes<br \/>\nsobre accesibilidad cognitiva<br \/>\nde edificios y entornos.<br \/>\nFormaci\u00f3n y difusi\u00f3n<br \/>\nImpulsamos el conocimiento sobre accesibilidad cognitiva<br \/>\ny Lectura F\u00e1cil<br \/>\npara facilitar la vida a todas las personas.<\/p>\n<\/div>\n<\/div><\/div><\/div><\/div><div id=\"pg-4934-4\"  class=\"panel-grid panel-no-style\" ><div id=\"pgc-4934-4-0\"  class=\"panel-grid-cell\" ><div id=\"panel-4934-4-0-0\" class=\"so-panel widget widget_sow-editor panel-first-child panel-last-child\" data-index=\"10\" ><div\n\t\t\t\n\t\t\tclass=\"so-widget-sow-editor so-widget-sow-editor-base\"\n\t\t\t\n\t\t>\n<div class=\"siteorigin-widget-tinymce textwidget\">\n\t<p><iframe src=\"https:\/\/www.youtube.com\/embed\/nwu8-RMw8Fw?start=711\" width=\"560\" height=\"315\" frameborder=\"0\" allowfullscreen=\"allowfullscreen\"><\/iframe><\/p>\n<\/div>\n<\/div><\/div><\/div><div id=\"pgc-4934-4-1\"  class=\"panel-grid-cell\" ><div id=\"panel-4934-4-1-0\" class=\"so-panel widget widget_sow-editor panel-first-child panel-last-child\" data-index=\"11\" ><div\n\t\t\t\n\t\t\tclass=\"so-widget-sow-editor so-widget-sow-editor-base\"\n\t\t\t\n\t\t>\n<div class=\"siteorigin-widget-tinymce textwidget\">\n\t<div style=\"width: 640px;\" class=\"wp-video\"><video class=\"wp-video-shortcode\" id=\"video-4934-1\" width=\"640\" height=\"360\" preload=\"metadata\" controls=\"controls\"><source type=\"video\/mp4\" src=\"http:\/\/www.fundacionsancebrian.com\/portal\/wp-content\/uploads\/2019\/07\/Facil-para-ti-rtvcyl.es_.mp4?_=1\" \/><a href=\"http:\/\/www.fundacionsancebrian.com\/portal\/wp-content\/uploads\/2019\/07\/Facil-para-ti-rtvcyl.es_.mp4\">http:\/\/www.fundacionsancebrian.com\/portal\/wp-content\/uploads\/2019\/07\/Facil-para-ti-rtvcyl.es_.mp4<\/a><\/video><\/div>\n<\/div>\n<\/div><\/div><\/div><\/div><div id=\"pg-4934-5\"  class=\"panel-grid panel-no-style\" ><div id=\"pgc-4934-5-0\"  class=\"panel-grid-cell\" ><div id=\"panel-4934-5-0-0\" class=\"so-panel widget widget_sow-editor panel-first-child panel-last-child\" data-index=\"12\" ><div\n\t\t\t\n\t\t\tclass=\"so-widget-sow-editor so-widget-sow-editor-base\"\n\t\t\t\n\t\t>\n<div class=\"siteorigin-widget-tinymce textwidget\">\n\t<a href=\"#\" class=\"su-button su-button-style-flat\" style=\"color:#000000;background-color:#ffffff;border-color:#cccccc;border-radius:10px\" target=\"_self\"><span style=\"color:#000000;padding:10px 34px;font-size:25px;line-height:38px;border-color:#ffffff;border-radius:10px;text-shadow:none\"><img decoding=\"async\" src=\"http:\/\/www.fundacionsancebrian.com\/portal\/wp-content\/uploads\/2018\/05\/info.png\" alt=\"M\u00e1s informaci\u00f3n en:\" style=\"width:38px;height:38px\" \/> M\u00e1s informaci\u00f3n en:<\/span><\/a>\n<p><a href=\"https:\/\/www.youtube.com\/watch?v=eT1NtGWfUeM\"><div class=\"su-divider su-divider-style-default\" style=\"margin:0px 0;border-width:1px;border-color:#999999\"><\/div><\/a><\/p>\n<p><a href=\"https:\/\/www.youtube.com\/watch?v=eT1NtGWfUeM\"><img decoding=\"async\" class=\"alignnone size-full wp-image-1310\" src=\"http:\/\/www.fundacionsancebrian.com\/portal\/wp-content\/uploads\/2018\/02\/placeholder.png\" alt=\"\" width=\"16\" height=\"16\" \/> Plaza Juan XXIII 5, bajo<\/a><br \/>\n<a href=\"https:\/\/www.youtube.com\/watch?v=eT1NtGWfUeM\"><img decoding=\"async\" class=\"alignnone size-full wp-image-1311\" src=\"http:\/\/www.fundacionsancebrian.com\/portal\/wp-content\/uploads\/2018\/02\/profile.png\" alt=\"\" width=\"16\" height=\"16\" \/> Leonor Ramos, responsable de Comunicaci\u00f3n<\/a><br \/>\n<a href=\"https:\/\/www.youtube.com\/watch?v=eT1NtGWfUeM\"><img loading=\"lazy\" loading=\"lazy\" decoding=\"async\" class=\"alignnone size-full wp-image-1308\" src=\"http:\/\/www.fundacionsancebrian.com\/portal\/wp-content\/uploads\/2018\/02\/phone-call.png\" alt=\"\" width=\"16\" height=\"16\" \/> l.ramos@fundacionsancebrian.com<\/a><br \/>\n<a href=\"https:\/\/www.youtube.com\/watch?v=eT1NtGWfUeM\"><img loading=\"lazy\" loading=\"lazy\" decoding=\"async\" class=\"alignnone size-full wp-image-1309\" src=\"http:\/\/www.fundacionsancebrian.com\/portal\/wp-content\/uploads\/2018\/02\/envelope.png\" alt=\"\" width=\"16\" height=\"16\" \/>\u00a0979 70 69 54<\/a><\/p>\n<\/div>\n<\/div><\/div><\/div><\/div><\/div>","protected":false},"excerpt":{"rendered":"<p>Oficina de accesibilidad cognitiva F\u00c1CIL PARA T\u00cd Gu\u00eda de Turismo de Palencia en Lectura F\u00e1cil Puedes descargar la Gu\u00eda de Turismo adaptada aqu\u00ed Manual de accesibilidad cognitiva: Un paseo F\u00e1cil y sencillo. Manual de accesibilidad cognitiva Medidas y prevencion sobre coronavirus: El servicio Facilparati de accesibilidad cognitiva de la Fundaci\u00f3n San Cebri\u00e1n, ha adaptado: Restricciones [&hellip;]<\/p>\n","protected":false},"author":2,"featured_media":0,"parent":0,"menu_order":0,"comment_status":"closed","ping_status":"closed","template":"","meta":{"_seopress_robots_primary_cat":"","_seopress_titles_title":"","_seopress_titles_desc":"","_seopress_robots_index":"","_eb_attr":"","footnotes":""},"categories":[],"tags":[],"class_list":["post-4934","page","type-page","status-publish","hentry","post"],"_links":{"self":[{"href":"https:\/\/www.fundacionsancebrian.com\/portal\/wp-json\/wp\/v2\/pages\/4934","targetHints":{"allow":["GET"]}}],"collection":[{"href":"https:\/\/www.fundacionsancebrian.com\/portal\/wp-json\/wp\/v2\/pages"}],"about":[{"href":"https:\/\/www.fundacionsancebrian.com\/portal\/wp-json\/wp\/v2\/types\/page"}],"author":[{"embeddable":true,"href":"https:\/\/www.fundacionsancebrian.com\/portal\/wp-json\/wp\/v2\/users\/2"}],"replies":[{"embeddable":true,"href":"https:\/\/www.fundacionsancebrian.com\/portal\/wp-json\/wp\/v2\/comments?post=4934"}],"version-history":[{"count":40,"href":"https:\/\/www.fundacionsancebrian.com\/portal\/wp-json\/wp\/v2\/pages\/4934\/revisions"}],"predecessor-version":[{"id":12618,"href":"https:\/\/www.fundacionsancebrian.com\/portal\/wp-json\/wp\/v2\/pages\/4934\/revisions\/12618"}],"wp:attachment":[{"href":"https:\/\/www.fundacionsancebrian.com\/portal\/wp-json\/wp\/v2\/media?parent=4934"}],"wp:term":[{"taxonomy":"category","embeddable":true,"href":"https:\/\/www.fundacionsancebrian.com\/portal\/wp-json\/wp\/v2\/categories?post=4934"},{"taxonomy":"post_tag","embeddable":true,"href":"https:\/\/www.fundacionsancebrian.com\/portal\/wp-json\/wp\/v2\/tags?post=4934"}],"curies":[{"name":"wp","href":"https:\/\/api.w.org\/{rel}","templated":true}]}}