{"id":597,"date":"2018-01-31T09:02:53","date_gmt":"2018-01-31T09:02:53","guid":{"rendered":"http:\/\/www.fundacionsancebrian.com\/portal\/?page_id=597"},"modified":"2026-02-27T09:53:53","modified_gmt":"2026-02-27T08:53:53","slug":"cuentas-y-memorias","status":"publish","type":"page","link":"https:\/\/www.fundacionsancebrian.com\/portal\/cuentas-y-memorias\/","title":{"rendered":"Cuentas y memorias"},"content":{"rendered":"<div id=\"pl-597\"  class=\"panel-layout\" ><div id=\"pg-597-0\"  class=\"panel-grid panel-no-style\" ><div id=\"pgc-597-0-0\"  class=\"panel-grid-cell\" ><div id=\"panel-597-0-0-0\" class=\"so-panel widget widget_sow-headline panel-first-child panel-last-child\" data-index=\"0\" ><div class=\"panel-widget-style panel-widget-style-for-597-0-0-0\" ><div\n\t\t\t\n\t\t\tclass=\"so-widget-sow-headline so-widget-sow-headline-default-c47f84ec2e15-597 so-widget-fittext-wrapper\"\n\t\t\t data-fit-text-compressor=\"0.85\"\n\t\t><div class=\"sow-headline-container \">\n\t\t\t\t\t\t\t<h1 class=\"sow-headline\">\n\t\t\t\t\t\tCuentas y <span style=\"color: #289b38\"><b>MEMORIAS<\/b><\/span>\t\t\t\t\t\t<\/h1>\n\t\t\t\t\t\t\t\t\t\t\t<div class=\"decoration\">\n\t\t\t\t\t\t<div class=\"decoration-inside\"><\/div>\n\t\t\t\t\t<\/div>\n\t\t\t\t\t<\/div>\n<\/div><\/div><\/div><\/div><\/div><div id=\"pg-597-1\"  class=\"panel-grid panel-no-style\" ><div id=\"pgc-597-1-0\"  class=\"panel-grid-cell\" ><div id=\"panel-597-1-0-0\" class=\"so-panel widget widget_sow-editor panel-first-child\" data-index=\"1\" ><div\n\t\t\t\n\t\t\tclass=\"so-widget-sow-editor so-widget-sow-editor-base\"\n\t\t\t\n\t\t>\n<div class=\"siteorigin-widget-tinymce textwidget\">\n\t<p>Las cuentas y memorias de una fundaci\u00f3n son dos documentos fundamentales que deben presentar todas las fundaciones en Espa\u00f1a.<\/p>\n<p>Estos documentos tienen como objetivo informar a la sociedad sobre la actividad y gesti\u00f3n de la fundaci\u00f3n, as\u00ed como sobre su situaci\u00f3n econ\u00f3mica y financiera.<\/p>\n<p>A continuaci\u00f3n puedes ver los documentos haciendo clic encima de ellos.<\/p>\n<\/div>\n<\/div><\/div><div id=\"panel-597-1-0-1\" class=\"so-panel widget widget_lsow-tabs panel-last-child\" data-index=\"2\" ><div\n\t\t\t\n\t\t\tclass=\"so-widget-lsow-tabs so-widget-lsow-tabs-default-66fe3d72d884-597\"\n\t\t\t\n\t\t><div class=\"lsow-tabs  style1\" data-mobile-width=\"767\"><a href=\"#\" class=\"lsow-tab-mobile-menu\"><i class=\"lsow-icon-menu\"><\/i>&nbsp;<\/a><div class=\"lsow-tab-nav\"><div class=\"lsow-tab\"><a class=\"lsow-tab-label\" href=\"#\"><span class=\"lsow-tab-title\">Fundaci\u00f3n San Cebri\u00e1n<\/span><\/a><\/div><div class=\"lsow-tab\"><a class=\"lsow-tab-label\" href=\"#\"><span class=\"lsow-tab-title\">ATACES<\/span><\/a><\/div><\/div><!-- .lsow-tab-nav --><div class=\"lsow-tab-panes\"><div id=\"\" class=\"lsow-tab-pane\"><p><a href=\"https:\/\/drive.google.com\/file\/d\/1E87nMqHgI7YyZhFjMNbuZtPUwmkQKjLR\/view?usp=drive_link\" target=\"_blank\" rel=\"noopener noreferrer\">Estatutos<\/a><\/p>\n<p><a href=\"https:\/\/drive.google.com\/file\/d\/1EKjwnwzlS1W_gi1TzZt-RCBXSrBwIo4h\/view?usp=sharing\">Organigrama<\/a><\/p>\n<p><strong>2024<\/strong><\/p>\n<p><a href=\"https:\/\/www.fundacionsancebrian.com\/portal\/wp-content\/uploads\/2025\/07\/FSC-Cuentas-anuales-y-auditoria-2024.pdf\">FSC Cuentas anuales y auditoria 2024<\/a><\/p>\n<hr \/>\n<p><strong>2023<\/strong><\/p>\n<p><a href=\"https:\/\/www.fundacionsancebrian.com\/portal\/wp-content\/uploads\/2023\/11\/Fundacion-San-Cebrian-Cuentas-Anuales.pdf\">Fundaci\u00f3n San Cebri\u00e1n Cuentas Anuales<\/a><\/p>\n<hr \/>\n<p><strong>2022<\/strong><\/p>\n<p><a href=\"https:\/\/www.fundacionsancebrian.com\/portal\/wp-content\/uploads\/2023\/07\/Informe-de-cuentas-y-Auditoria-2022-.pdf\">Informe de cuentas y Auditoria 2022<\/a><\/p>\n<hr \/>\n<p><strong>2021<\/strong><\/p>\n<p><a href=\"https:\/\/www.fundacionsancebrian.com\/portal\/wp-content\/uploads\/2022\/07\/Balance-de-resultados-2021-LF.pdf\">Balance de resultados 2021 Lectura F\u00e1cil<\/a><\/p>\n<p><a href=\"https:\/\/www.fundacionsancebrian.com\/portal\/wp-content\/uploads\/2022\/07\/Balance-de-situacion-2021-LF.pdf\">Balance de situaci\u00f3n 2021\u00a0<\/a><a href=\"https:\/\/www.fundacionsancebrian.com\/portal\/wp-content\/uploads\/2022\/07\/Balance-de-resultados-2021-LF.pdf\">Lectura F\u00e1cil<\/a><\/p>\n<p><a href=\"https:\/\/drive.google.com\/file\/d\/1rqPBalO-F_sPrgF3Z5EgLa-znj3PHTla\/view?usp=sharing\">Cuentas anuales 2021<\/a><\/p>\n<hr \/>\n<p><strong>2020<\/strong><\/p>\n<p><a href=\"https:\/\/drive.google.com\/file\/d\/1eVzPzHwL-r3Kg_sluaV9jvvJBqw2fXBO\/view?usp=sharing\">Cuentas anuales\u00a0<\/a><a href=\"https:\/\/www.fundacionsancebrian.com\/portal\/wp-content\/uploads\/2022\/07\/Balance-de-resultados-2021-LF.pdf\">Lectura F\u00e1cil<\/a><\/p>\n<p><a href=\"https:\/\/drive.google.com\/file\/d\/1QPr7QuuuDvACwDD_XHsJRH6UE1EA8V4B\/view?usp=sharing\">Cuentas anuales 2020<\/a><\/p>\n<p><a href=\"https:\/\/drive.google.com\/file\/d\/17K60BNsMkgNxqm5PP6CybpzhwAOp6OSg\/view?usp=sharing\">P\u00e9rdidas y ganancias en\u00a0<\/a><a href=\"https:\/\/www.fundacionsancebrian.com\/portal\/wp-content\/uploads\/2022\/07\/Balance-de-resultados-2021-LF.pdf\">Lectura F\u00e1cil<\/a><\/p>\n<hr \/>\n<p><strong>2019<\/strong><\/p>\n<p><a href=\"https:\/\/drive.google.com\/file\/d\/1l7IKcjsDP8zDD52tC8QTyxndrWaPt_-I\/view?usp=sharing\">Cuentas Anuales 2019<\/a><\/p>\n<hr \/>\n<p><strong>2018<\/strong><\/p>\n<p><a href=\"https:\/\/drive.google.com\/file\/d\/1eqfEh1q9lyD75qpXsDjpeHQy6cWDMKxR\/view?usp=sharing\" target=\"_blank\" rel=\"noopener noreferrer\">Cuentas Anuales 2018<\/a><\/p>\n<hr \/>\n<p><strong>2017<\/strong><\/p>\n<p><a href=\"https:\/\/drive.google.com\/file\/d\/1vjWGJgYoLrL1fjs9S7WlWwUSonj1nDL3\/view?usp=sharing\" target=\"_blank\" rel=\"noopener noreferrer\">Balance Social 2017<\/a><\/p>\n<p><a href=\"https:\/\/drive.google.com\/file\/d\/1NiVslGuj2ELo8zYFjvBGD2DVjK12dEay\/view?usp=sharing\" target=\"_blank\" rel=\"noopener noreferrer\">Cuentas Anuales 2017<\/a><\/p>\n<hr \/>\n<p><strong>2016<\/strong><\/p>\n<p><a href=\"https:\/\/drive.google.com\/open?id=0Bzedg5O4sUyPRkhiZFdndGlESzA\" target=\"_blank\" rel=\"noopener noreferrer\">Plan Estrat\u00e9gico 2016 \u2013 2020<\/a><\/p>\n<p><a href=\"https:\/\/drive.google.com\/open?id=1mXqa_j3QqCYTBiUr-4YbQ8NXVQDlW50s\" target=\"_blank\" rel=\"noopener noreferrer\">Balance Social 2016<\/a><\/p>\n<p><a href=\"https:\/\/drive.google.com\/open?id=0Bzedg5O4sUyPYUNUTVZCNWFMd00\" target=\"_blank\" rel=\"noopener noreferrer\">Cuentas Anuales 2016<\/a><\/p>\n<\/div><div id=\"\" class=\"lsow-tab-pane\"><p><a href=\"https:\/\/drive.google.com\/open?id=1DvbQO9xMlVS6DhOW6ltAjQOfjvU28Zfw\" target=\"_blank\" rel=\"noopener noreferrer\">Estatutos<\/a><\/p>\n<p><strong>2024<\/strong><\/p>\n<p><a href=\"https:\/\/www.fundacionsancebrian.com\/portal\/wp-content\/uploads\/2025\/07\/ATACES-Cuentas-anuales-y-auditoria-2024.pdf\">ATACES Cuentas anuales y auditoria 2024<\/a><\/p>\n<hr \/>\n<p><strong>2023<\/strong><\/p>\n<p><a href=\"https:\/\/www.fundacionsancebrian.com\/portal\/wp-content\/uploads\/2023\/11\/ATACES-Cuentas-Anuales.pdf\">ATACES Cuentas Anuales<\/a><\/p>\n<hr \/>\n<p><strong>2022<\/strong><\/p>\n<p><a href=\"https:\/\/www.fundacionsancebrian.com\/portal\/wp-content\/uploads\/2023\/07\/Informe-Cuentas-y-auditoria-2022-.pdf\">Informe Cuentas y auditoria 2022<\/a><\/p>\n<hr \/>\n<p><strong>2021<\/strong><\/p>\n<p><a href=\"https:\/\/www.fundacionsancebrian.com\/portal\/wp-content\/uploads\/2022\/07\/Ataces_Memoria-Abrev.-Firmada.pdf\">Cuentas Anuales 2021<\/a><\/p>\n<hr \/>\n<p><strong>2020<\/strong><\/p>\n<p><a href=\"https:\/\/drive.google.com\/file\/d\/1MJqNC9097IV7hOyuMFkPzESoeSg7_Ozn\/view?usp=sharing\">Cuentas Anuales 2020<\/a><\/p>\n<hr \/>\n<p><strong>2019<\/strong><\/p>\n<p><a href=\"https:\/\/drive.google.com\/file\/d\/1qq9i3PHoHWXsAGB_XhLPXUFZJYVLABRs\/view?usp=sharing\">Cuentas Anuales 2019<\/a><\/p>\n<hr \/>\n<p><strong>2018<\/strong><\/p>\n<p><a href=\"https:\/\/drive.google.com\/file\/d\/1mxcecO1M6-wSf9yXnXW_8v54L-IiOXgw\/view?usp=sharing\" target=\"_blank\" rel=\"noopener noreferrer\">Cuentas Anuales 2018<\/a><\/p>\n<hr \/>\n<p><strong>2017<\/strong><\/p>\n<p><a href=\"https:\/\/drive.google.com\/open?id=18rwNvrkE1Gf-UFSHpJlyv_ebEgrqeiQS\" target=\"_blank\" rel=\"noopener noreferrer\">Cuentas Anuales 2017<\/a><\/p>\n<hr \/>\n<p><strong>2016<\/strong><\/p>\n<p><a href=\"https:\/\/drive.google.com\/open?id=0Bzedg5O4sUyPSTFXaGlVb3JwVU0\" target=\"_blank\" rel=\"noopener noreferrer\">Plan Estrat\u00e9gico 2016 \u2013 2020<\/a><\/p>\n<p><a href=\"https:\/\/drive.google.com\/open?id=1SpNNNu6BgNsyLpYhPFsYp-i95S1RlU87\" target=\"_blank\" rel=\"noopener noreferrer\">Balance Social 2016<\/a><\/p>\n<p><a href=\"https:\/\/drive.google.com\/open?id=0Bzedg5O4sUyPenlZTWYyZG8yTms\" target=\"_blank\" rel=\"noopener noreferrer\">Cuentas Anuales 2016<\/a><\/p>\n<\/div><\/div><!-- .lsow-tab-panes --><\/div><!-- .lsow-tabs --><\/div><\/div><\/div><\/div><\/div>","protected":false},"excerpt":{"rendered":"<p>Las cuentas y memorias de una fundaci\u00f3n son dos documentos fundamentales que deben presentar todas las fundaciones en Espa\u00f1a. Estos documentos tienen como objetivo informar a la sociedad sobre la actividad y gesti\u00f3n de la fundaci\u00f3n, as\u00ed como sobre su situaci\u00f3n econ\u00f3mica y financiera. A continuaci\u00f3n puedes ver los documentos haciendo clic encima de ellos.<\/p>\n","protected":false},"author":2,"featured_media":0,"parent":0,"menu_order":0,"comment_status":"closed","ping_status":"closed","template":"","meta":{"_seopress_robots_primary_cat":"","_seopress_titles_title":"","_seopress_titles_desc":"","_seopress_robots_index":"","_eb_attr":"","footnotes":""},"categories":[],"tags":[],"class_list":["post-597","page","type-page","status-publish","hentry","post"],"_links":{"self":[{"href":"https:\/\/www.fundacionsancebrian.com\/portal\/wp-json\/wp\/v2\/pages\/597","targetHints":{"allow":["GET"]}}],"collection":[{"href":"https:\/\/www.fundacionsancebrian.com\/portal\/wp-json\/wp\/v2\/pages"}],"about":[{"href":"https:\/\/www.fundacionsancebrian.com\/portal\/wp-json\/wp\/v2\/types\/page"}],"author":[{"embeddable":true,"href":"https:\/\/www.fundacionsancebrian.com\/portal\/wp-json\/wp\/v2\/users\/2"}],"replies":[{"embeddable":true,"href":"https:\/\/www.fundacionsancebrian.com\/portal\/wp-json\/wp\/v2\/comments?post=597"}],"version-history":[{"count":115,"href":"https:\/\/www.fundacionsancebrian.com\/portal\/wp-json\/wp\/v2\/pages\/597\/revisions"}],"predecessor-version":[{"id":14119,"href":"https:\/\/www.fundacionsancebrian.com\/portal\/wp-json\/wp\/v2\/pages\/597\/revisions\/14119"}],"wp:attachment":[{"href":"https:\/\/www.fundacionsancebrian.com\/portal\/wp-json\/wp\/v2\/media?parent=597"}],"wp:term":[{"taxonomy":"category","embeddable":true,"href":"https:\/\/www.fundacionsancebrian.com\/portal\/wp-json\/wp\/v2\/categories?post=597"},{"taxonomy":"post_tag","embeddable":true,"href":"https:\/\/www.fundacionsancebrian.com\/portal\/wp-json\/wp\/v2\/tags?post=597"}],"curies":[{"name":"wp","href":"https:\/\/api.w.org\/{rel}","templated":true}]}}