{"id":625,"date":"2018-01-31T09:40:45","date_gmt":"2018-01-31T09:40:45","guid":{"rendered":"http:\/\/www.fundacionsancebrian.com\/portal\/?page_id=625"},"modified":"2024-10-07T15:02:02","modified_gmt":"2024-10-07T13:02:02","slug":"educacion","status":"publish","type":"page","link":"https:\/\/www.fundacionsancebrian.com\/portal\/educacion\/","title":{"rendered":"Educaci\u00f3n"},"content":{"rendered":"<div id=\"pl-625\"  class=\"panel-layout\" ><div id=\"pg-625-0\"  class=\"panel-grid panel-no-style\" ><div id=\"pgc-625-0-0\"  class=\"panel-grid-cell\" ><div id=\"panel-625-0-0-0\" class=\"so-panel widget widget_sow-headline panel-first-child panel-last-child\" data-index=\"0\" ><div class=\"panel-widget-style panel-widget-style-for-625-0-0-0\" ><div\n\t\t\t\n\t\t\tclass=\"so-widget-sow-headline so-widget-sow-headline-default-c47f84ec2e15-625 so-widget-fittext-wrapper\"\n\t\t\t data-fit-text-compressor=\"0.85\"\n\t\t><div class=\"sow-headline-container \">\n\t\t\t\t\t\t\t<h1 class=\"sow-headline\">\n\t\t\t\t\t\tCentro educativo <span style=\"color: #289b38\"><b>CANAL DE CASTILLA<\/b><\/span>\t\t\t\t\t\t<\/h1>\n\t\t\t\t\t\t\t\t\t\t\t<div class=\"decoration\">\n\t\t\t\t\t\t<div class=\"decoration-inside\"><\/div>\n\t\t\t\t\t<\/div>\n\t\t\t\t\t\t\t\t\t\t\t<p class=\"sow-sub-headline\">\n\t\t\t\t\t\tPrograma de Transici\u00f3n a la vida adulta en dos modalidades\t\t\t\t\t\t<\/p>\n\t\t\t\t\t\t<\/div>\n<\/div><\/div><\/div><\/div><\/div><div id=\"pg-625-1\"  class=\"panel-grid panel-no-style\" ><div id=\"pgc-625-1-0\"  class=\"panel-grid-cell\" ><div id=\"panel-625-1-0-0\" class=\"so-panel widget widget_sow-editor panel-first-child panel-last-child\" data-index=\"1\" ><div\n\t\t\t\n\t\t\tclass=\"so-widget-sow-editor so-widget-sow-editor-base\"\n\t\t\t\n\t\t>\n<div class=\"siteorigin-widget-tinymce textwidget\">\n\t<h2><strong>Centro acreditado por la Junta de Castilla y Le\u00f3n como espacio educativo integrado con las nuevas tecnolog\u00edas.<\/strong><\/h2>\n<hr \/>\n<p>&nbsp;<\/p>\n<\/div>\n<\/div><\/div><\/div><\/div><div id=\"pg-625-2\"  class=\"panel-grid panel-no-style\" ><div id=\"pgc-625-2-0\"  class=\"panel-grid-cell\" ><div id=\"panel-625-2-0-0\" class=\"so-panel widget widget_sow-editor panel-first-child panel-last-child\" data-index=\"2\" ><div\n\t\t\t\n\t\t\tclass=\"so-widget-sow-editor so-widget-sow-editor-base\"\n\t\t\t\n\t\t>\n<div class=\"siteorigin-widget-tinymce textwidget\">\n\t<h2><\/h2>\n<p><img fetchpriority=\"high\" fetchpriority=\"high\" decoding=\"async\" class=\"aligncenter size-full wp-image-12969\" src=\"https:\/\/www.fundacionsancebrian.com\/portal\/wp-content\/uploads\/2024\/10\/CodiceTIC3.png\" alt=\"\" width=\"953\" height=\"331\" srcset=\"https:\/\/www.fundacionsancebrian.com\/portal\/wp-content\/uploads\/2024\/10\/CodiceTIC3.png 953w, https:\/\/www.fundacionsancebrian.com\/portal\/wp-content\/uploads\/2024\/10\/CodiceTIC3-300x104.png 300w, https:\/\/www.fundacionsancebrian.com\/portal\/wp-content\/uploads\/2024\/10\/CodiceTIC3-768x267.png 768w, https:\/\/www.fundacionsancebrian.com\/portal\/wp-content\/uploads\/2024\/10\/CodiceTIC3-950x331.png 950w\" sizes=\"(max-width: 953px) 100vw, 953px\" \/><\/p>\n<\/div>\n<\/div><\/div><\/div><div id=\"pgc-625-2-1\"  class=\"panel-grid-cell\" ><div id=\"panel-625-2-1-0\" class=\"so-panel widget widget_sow-editor panel-first-child panel-last-child\" data-index=\"3\" ><div\n\t\t\t\n\t\t\tclass=\"so-widget-sow-editor so-widget-sow-editor-base\"\n\t\t\t\n\t\t>\n<div class=\"siteorigin-widget-tinymce textwidget\">\n\t<p><a href=\"https:\/\/www.fundacionsancebrian.com\/portal\/wp-content\/uploads\/2024\/06\/2023_PlanTIC_34003816_CPrEE_Canal_de_Castilla-1.pdf\"><div class=\"su-service\"><div class=\"su-service-title\" style=\"padding-left:78px;min-height:64px;line-height:64px\"><img loading=\"lazy\" decoding=\"async\" src=\"https:\/\/www.fundacionsancebrian.com\/portal\/wp-content\/uploads\/2019\/11\/pdf.png\" width=\"64\" height=\"64\" alt=\"Accede al Plan Digital\" style=\"width:64px;height:64px\" \/> Accede al Plan Digital<\/div><div class=\"su-service-content su-u-clearfix su-u-trim\" style=\"padding-left:78px\"><\/div><\/div><\/a><\/p>\n<\/div>\n<\/div><\/div><\/div><\/div><div id=\"pg-625-3\"  class=\"panel-grid panel-no-style\" ><div id=\"pgc-625-3-0\"  class=\"panel-grid-cell\" ><div id=\"panel-625-3-0-0\" class=\"so-panel widget widget_sow-editor panel-first-child\" data-index=\"4\" ><div\n\t\t\t\n\t\t\tclass=\"so-widget-sow-editor so-widget-sow-editor-base\"\n\t\t\t\n\t\t>\n<div class=\"siteorigin-widget-tinymce textwidget\">\n\t<h2><strong>Una respuesta educativa acorde a sus necesidades<\/strong><\/h2>\n<hr \/>\n<p>El art\u00edculo 26 de la Declaraci\u00f3n Universal de Derechos Humanos (1948) reconoce el derecho a la educaci\u00f3n de todas las personas. Todos tenemos derecho a una educaci\u00f3n de calidad, a un acceso sencillo a la misma y a una comprensi\u00f3n clara de los contenidos educativos\u2026pero la realidad es diferente a lo que estipula la Declaraci\u00f3n Universal de los Derechos Humanos.<\/p>\n<p>En el Grupo Fundaci\u00f3n San Cebri\u00e1n apostamos por una educaci\u00f3n de calidad porque creemos que la formaci\u00f3n es un pilar fundamental en el desarrollo integral de las personas con discapacidad intelectual. \u00a0Contamos con un centro concertado, el Centro de Educaci\u00f3n Especial \u2018Canal de Castilla\u2019.<\/p>\n<p>El Centro favorece que el alumnado con necesidades educativas especiales pueda continuar su escolarizaci\u00f3n de manera adecuada en las ense\u00f1anzas postobligatorias (con una edad comprendida entre 16 y 21 a\u00f1os) realizando las adaptaciones pertinentes y organizando una respuesta educativa acorde a sus necesidades. Imparte ense\u00f1anzas del Programa de Transici\u00f3n a la Vida Adulta en dos vertientes, con el objetivo de lograr una vida independiente.<\/p>\n<div class=\"su-custom-gallery su-custom-gallery-align-left su-custom-gallery-title-never su-lightbox-gallery\"><div class=\"su-custom-gallery-slide\" style=\"width:220px;height:150px\"><a href=\"https:\/\/www.fundacionsancebrian.com\/portal\/wp-content\/uploads\/2018\/04\/IMG_20171127_120745-Medium.jpg\" title=\"IMG_20171127_120745 (Medium)\"><img loading=\"lazy\" decoding=\"async\" src=\"https:\/\/www.fundacionsancebrian.com\/portal\/wp-content\/uploads\/2018\/04\/IMG_20171127_120745-Medium-220x150.jpg\" alt=\"IMG_20171127_120745 (Medium)\" width=\"220\" height=\"150\" \/><span class=\"su-custom-gallery-title\">IMG_20171127_120745 (Medium)<\/span><\/a><\/div><div class=\"su-custom-gallery-slide\" style=\"width:220px;height:150px\"><a href=\"https:\/\/www.fundacionsancebrian.com\/portal\/wp-content\/uploads\/2018\/04\/IMG_20170927_103821-Medium.jpg\" title=\"IMG_20170927_103821 (Medium)\"><img loading=\"lazy\" decoding=\"async\" src=\"https:\/\/www.fundacionsancebrian.com\/portal\/wp-content\/uploads\/2018\/04\/IMG_20170927_103821-Medium-220x150.jpg\" alt=\"IMG_20170927_103821 (Medium)\" width=\"220\" height=\"150\" \/><span class=\"su-custom-gallery-title\">IMG_20170927_103821 (Medium)<\/span><\/a><\/div><div class=\"su-custom-gallery-slide\" style=\"width:220px;height:150px\"><a href=\"https:\/\/www.fundacionsancebrian.com\/portal\/wp-content\/uploads\/2018\/04\/IMG_20170428_121722-Medium.jpg\" title=\"IMG_20170428_121722 (Medium)\"><img loading=\"lazy\" decoding=\"async\" src=\"https:\/\/www.fundacionsancebrian.com\/portal\/wp-content\/uploads\/2018\/04\/IMG_20170428_121722-Medium-220x150.jpg\" alt=\"IMG_20170428_121722 (Medium)\" width=\"220\" height=\"150\" \/><span class=\"su-custom-gallery-title\">IMG_20170428_121722 (Medium)<\/span><\/a><\/div><div class=\"su-custom-gallery-slide\" style=\"width:220px;height:150px\"><a href=\"https:\/\/www.fundacionsancebrian.com\/portal\/wp-content\/uploads\/2018\/04\/IMG_20170221_100516-Medium.jpg\" title=\"IMG_20170221_100516 (Medium)\"><img loading=\"lazy\" decoding=\"async\" src=\"https:\/\/www.fundacionsancebrian.com\/portal\/wp-content\/uploads\/2018\/04\/IMG_20170221_100516-Medium-220x150.jpg\" alt=\"IMG_20170221_100516 (Medium)\" width=\"220\" height=\"150\" \/><span class=\"su-custom-gallery-title\">IMG_20170221_100516 (Medium)<\/span><\/a><\/div><div class=\"su-custom-gallery-slide\" style=\"width:220px;height:150px\"><a href=\"https:\/\/www.fundacionsancebrian.com\/portal\/wp-content\/uploads\/2018\/04\/IMG_20161128_100748-Medium.jpg\" title=\"IMG_20161128_100748 (Medium)\"><img loading=\"lazy\" decoding=\"async\" src=\"https:\/\/www.fundacionsancebrian.com\/portal\/wp-content\/uploads\/2018\/04\/IMG_20161128_100748-Medium-220x150.jpg\" alt=\"IMG_20161128_100748 (Medium)\" width=\"220\" height=\"150\" \/><span class=\"su-custom-gallery-title\">IMG_20161128_100748 (Medium)<\/span><\/a><\/div><div class=\"su-custom-gallery-slide\" style=\"width:220px;height:150px\"><a href=\"https:\/\/www.fundacionsancebrian.com\/portal\/wp-content\/uploads\/2018\/04\/DSCF8829-Medium.jpg\" title=\"DSCF8829 (Medium)\"><img loading=\"lazy\" decoding=\"async\" src=\"https:\/\/www.fundacionsancebrian.com\/portal\/wp-content\/uploads\/2018\/04\/DSCF8829-Medium-220x150.jpg\" alt=\"DSCF8829 (Medium)\" width=\"220\" height=\"150\" \/><span class=\"su-custom-gallery-title\">DSCF8829 (Medium)<\/span><\/a><\/div><div class=\"su-clear\"><\/div><\/div>\n<\/div>\n<\/div><\/div><div id=\"panel-625-3-0-1\" class=\"so-panel widget widget_sow-editor panel-last-child\" data-index=\"5\" ><div\n\t\t\t\n\t\t\tclass=\"so-widget-sow-editor so-widget-sow-editor-base\"\n\t\t\t\n\t\t>\n<div class=\"siteorigin-widget-tinymce textwidget\">\n\t<h2 style=\"text-align: left;\"><strong>Programa de Transici\u00f3n a la vida adulta en dos modalidades<\/strong><\/h2>\n<hr \/>\n<p>El Centro Educativo imparte el programa de Transici\u00f3n de vida adulta en dos modalidades: Transici\u00f3n a la vida adulta b\u00e1sica y Capacitaci\u00f3n laboral en el perfil de agro-jardiner\u00eda y composiciones florales. Para el desarrollo de ambas formaciones, el equipo educativo trabaja por proyectos, y se promueve la formaci\u00f3n en centros de trabajo<\/p>\n<ul>\n<li>\n<h3><strong>Transici\u00f3n a la vida adulta b\u00e1sica<\/strong><\/h3>\n<\/li>\n<\/ul>\n<p>Los objetivos de esta ense\u00f1anza son: desarrollar h\u00e1bitos b\u00e1sicos de la vida diaria; comunicar y expresar sentimientos; desarrollar y afianzar madurez personal e interaccionar con el entorno.<\/p>\n<ul>\n<li>\n<h3><strong>Capacitaci\u00f3n laboral en el perfil de\u00a0agro-jardiner\u00eda y composiciones florales\u00a0<\/strong><\/h3>\n<\/li>\n<\/ul>\n<p>Los objetivos de esta ense\u00f1anza son: afianzar y desarrollar las capacidades de los alumnos y el desarrollo profesional de unidades de competencia del cat\u00e1logo nacional de cualificaciones profesionales, con el perfil profesional de jardiner\u00eda.<\/p>\n<p>Caracter\u00edsticas de este perfil profesional: Realizar trabajos auxiliares en la elaboraci\u00f3n de composiciones con flores y plantas en empresas dedicadas a la ornamentaci\u00f3n floral y\/o decoraci\u00f3n de espacios y eventos. Desarrolar su actividad profesional en el \u00e1rea de producci\u00f3n y\/o medio ambiente en empresas dedicadas al cultivo agr\u00edcola, a la producci\u00f3n de plantas y a la instalaci\u00f3n y mantenimiento de jardines y zonas verdes.<\/p>\n<\/div>\n<\/div><\/div><\/div><\/div><div id=\"pg-625-4\"  class=\"panel-grid panel-no-style\" ><div id=\"pgc-625-4-0\"  class=\"panel-grid-cell\" ><div id=\"panel-625-4-0-0\" class=\"so-panel widget widget_sow-editor panel-first-child panel-last-child\" data-index=\"6\" ><div\n\t\t\t\n\t\t\tclass=\"so-widget-sow-editor so-widget-sow-editor-base\"\n\t\t\t\n\t\t>\n<div class=\"siteorigin-widget-tinymce textwidget\">\n\t<h2><strong>Servicios<\/strong><\/h2>\n<hr \/>\n<p>El Centro Educativo cuenta con servicios especializados de:<\/p>\n<ul>\n<li>Departamento de Orientaci\u00f3n<\/li>\n<li>Trabajo Social<\/li>\n<li>Logopedia<\/li>\n<li>Fisioterapia<\/li>\n<\/ul>\n<p>Y servicios complementarios como:<\/p>\n<ul>\n<li>Comedor<\/li>\n<li>Transporte escolar<\/li>\n<li>Programa de deporte<\/li>\n<li>Nuevas Tecnolog\u00edas<\/li>\n<li>Piscina climatizada<\/li>\n<li>Servicio m\u00e9dico<\/li>\n<li>Programa de Respiro Familiar<\/li>\n<li>Programa de actividades extraescolares<\/li>\n<li>Actividades de verano<\/li>\n<\/ul>\n<\/div>\n<\/div><\/div><\/div><div id=\"pgc-625-4-1\"  class=\"panel-grid-cell\" ><div id=\"panel-625-4-1-0\" class=\"so-panel widget widget_sow-editor panel-first-child panel-last-child\" data-index=\"7\" ><div\n\t\t\t\n\t\t\tclass=\"so-widget-sow-editor so-widget-sow-editor-base\"\n\t\t\t\n\t\t>\n<div class=\"siteorigin-widget-tinymce textwidget\">\n\t<p>&nbsp;<\/p>\n<p>&nbsp;<\/p>\n<p>&nbsp;<\/p>\n<p><img decoding=\"async\" class=\"alignnone size-medium wp-image-2688\" src=\"http:\/\/www.fundacionsancebrian.com\/portal\/wp-content\/uploads\/2018\/05\/Comedor-300x169.jpg\" alt=\"\" width=\"300\" height=\"169\" srcset=\"https:\/\/www.fundacionsancebrian.com\/portal\/wp-content\/uploads\/2018\/05\/Comedor-300x169.jpg 300w, https:\/\/www.fundacionsancebrian.com\/portal\/wp-content\/uploads\/2018\/05\/Comedor-600x337.jpg 600w, https:\/\/www.fundacionsancebrian.com\/portal\/wp-content\/uploads\/2018\/05\/Comedor-768x432.jpg 768w, https:\/\/www.fundacionsancebrian.com\/portal\/wp-content\/uploads\/2018\/05\/Comedor-1024x575.jpg 1024w\" sizes=\"(max-width: 300px) 100vw, 300px\" \/> <img decoding=\"async\" class=\"alignnone size-medium wp-image-2689\" src=\"http:\/\/www.fundacionsancebrian.com\/portal\/wp-content\/uploads\/2018\/05\/Jose-Mari-300x169.jpg\" alt=\"\" width=\"300\" height=\"169\" srcset=\"https:\/\/www.fundacionsancebrian.com\/portal\/wp-content\/uploads\/2018\/05\/Jose-Mari-300x169.jpg 300w, https:\/\/www.fundacionsancebrian.com\/portal\/wp-content\/uploads\/2018\/05\/Jose-Mari-600x337.jpg 600w, https:\/\/www.fundacionsancebrian.com\/portal\/wp-content\/uploads\/2018\/05\/Jose-Mari-768x432.jpg 768w, https:\/\/www.fundacionsancebrian.com\/portal\/wp-content\/uploads\/2018\/05\/Jose-Mari-1024x575.jpg 1024w\" sizes=\"(max-width: 300px) 100vw, 300px\" \/><\/p>\n<\/div>\n<\/div><\/div><\/div><\/div><div id=\"pg-625-5\"  class=\"panel-grid panel-no-style\" ><div id=\"pgc-625-5-0\"  class=\"panel-grid-cell\" ><div id=\"panel-625-5-0-0\" class=\"so-panel widget widget_sow-editor panel-first-child panel-last-child\" data-index=\"8\" ><div class=\"so-rounded panel-widget-style panel-widget-style-for-625-5-0-0\" ><div\n\t\t\t\n\t\t\tclass=\"so-widget-sow-editor so-widget-sow-editor-base\"\n\t\t\t\n\t\t>\n<div class=\"siteorigin-widget-tinymce textwidget\">\n\t<a href=\"#\" class=\"su-button su-button-style-flat\" style=\"color:#000000;background-color:#ffffff;border-color:#cccccc;border-radius:10px\" target=\"_self\"><span style=\"color:#000000;padding:10px 34px;font-size:25px;line-height:38px;border-color:#ffffff;border-radius:10px;text-shadow:none\"><img decoding=\"async\" src=\"http:\/\/www.fundacionsancebrian.com\/portal\/wp-content\/uploads\/2018\/05\/info.png\" alt=\"\u00bfC\u00f3mo me informo?\" style=\"width:38px;height:38px\" \/> \u00bfC\u00f3mo me informo?<\/span><\/a>\n<hr \/>\n<p>Mar\u00eda Jos\u00e9 Rodr\u00edguez<br \/>\n979 70 69 54<br \/>\nmjrodriguez@fundacionsancebrian.com<\/p>\n<\/div>\n<\/div><\/div><\/div><\/div><\/div><\/div>","protected":false},"excerpt":{"rendered":"<p>Centro acreditado por la Junta de Castilla y Le\u00f3n como espacio educativo integrado con las nuevas tecnolog\u00edas. &nbsp;<\/p>\n","protected":false},"author":2,"featured_media":0,"parent":0,"menu_order":0,"comment_status":"closed","ping_status":"closed","template":"","meta":{"_seopress_robots_primary_cat":"","_seopress_titles_title":"","_seopress_titles_desc":"","_seopress_robots_index":"","_eb_attr":"","footnotes":""},"categories":[],"tags":[],"class_list":["post-625","page","type-page","status-publish","hentry","post"],"_links":{"self":[{"href":"https:\/\/www.fundacionsancebrian.com\/portal\/wp-json\/wp\/v2\/pages\/625","targetHints":{"allow":["GET"]}}],"collection":[{"href":"https:\/\/www.fundacionsancebrian.com\/portal\/wp-json\/wp\/v2\/pages"}],"about":[{"href":"https:\/\/www.fundacionsancebrian.com\/portal\/wp-json\/wp\/v2\/types\/page"}],"author":[{"embeddable":true,"href":"https:\/\/www.fundacionsancebrian.com\/portal\/wp-json\/wp\/v2\/users\/2"}],"replies":[{"embeddable":true,"href":"https:\/\/www.fundacionsancebrian.com\/portal\/wp-json\/wp\/v2\/comments?post=625"}],"version-history":[{"count":65,"href":"https:\/\/www.fundacionsancebrian.com\/portal\/wp-json\/wp\/v2\/pages\/625\/revisions"}],"predecessor-version":[{"id":12970,"href":"https:\/\/www.fundacionsancebrian.com\/portal\/wp-json\/wp\/v2\/pages\/625\/revisions\/12970"}],"wp:attachment":[{"href":"https:\/\/www.fundacionsancebrian.com\/portal\/wp-json\/wp\/v2\/media?parent=625"}],"wp:term":[{"taxonomy":"category","embeddable":true,"href":"https:\/\/www.fundacionsancebrian.com\/portal\/wp-json\/wp\/v2\/categories?post=625"},{"taxonomy":"post_tag","embeddable":true,"href":"https:\/\/www.fundacionsancebrian.com\/portal\/wp-json\/wp\/v2\/tags?post=625"}],"curies":[{"name":"wp","href":"https:\/\/api.w.org\/{rel}","templated":true}]}}