{"id":647,"date":"2018-01-31T10:39:29","date_gmt":"2018-01-31T10:39:29","guid":{"rendered":"http:\/\/www.fundacionsancebrian.com\/portal\/?page_id=647"},"modified":"2023-11-15T10:21:59","modified_gmt":"2023-11-15T09:21:59","slug":"ocio-y-deporte","status":"publish","type":"page","link":"https:\/\/www.fundacionsancebrian.com\/portal\/ocio-y-deporte\/","title":{"rendered":"Ocio y deporte"},"content":{"rendered":"<div id=\"pl-647\"  class=\"panel-layout\" ><div id=\"pg-647-0\"  class=\"panel-grid panel-no-style\" ><div id=\"pgc-647-0-0\"  class=\"panel-grid-cell\" ><div id=\"panel-647-0-0-0\" class=\"so-panel widget widget_sow-headline panel-first-child panel-last-child\" data-index=\"0\" ><div class=\"panel-widget-style panel-widget-style-for-647-0-0-0\" ><div\n\t\t\t\n\t\t\tclass=\"so-widget-sow-headline so-widget-sow-headline-default-15d54c391f09-647 so-widget-fittext-wrapper\"\n\t\t\t data-fit-text-compressor=\"0.85\"\n\t\t><div class=\"sow-headline-container \">\n\t\t\t\t\t\t\t<h1 class=\"sow-headline\">\n\t\t\t\t\t\tOcio y deporte \/ <span style=\"color: #4dd0e1\"><b>CLUB DEPORTIVO<\/b><\/span>\t\t\t\t\t\t<\/h1>\n\t\t\t\t\t\t\t\t\t\t\t<div class=\"decoration\">\n\t\t\t\t\t\t<div class=\"decoration-inside\"><\/div>\n\t\t\t\t\t<\/div>\n\t\t\t\t\t\t\t\t\t\t\t<p class=\"sow-sub-headline\">\n\t\t\t\t\t\tNuestro mejor premio es drisfrutar\t\t\t\t\t\t<\/p>\n\t\t\t\t\t\t<\/div>\n<\/div><\/div><\/div><\/div><\/div><div id=\"pg-647-1\"  class=\"panel-grid panel-no-style\" ><div id=\"pgc-647-1-0\"  class=\"panel-grid-cell\" ><div id=\"panel-647-1-0-0\" class=\"so-panel widget widget_sow-editor panel-first-child panel-last-child\" data-index=\"1\" ><div\n\t\t\t\n\t\t\tclass=\"so-widget-sow-editor so-widget-sow-editor-base\"\n\t\t\t\n\t\t>\n<div class=\"siteorigin-widget-tinymce textwidget\">\n\t<p>El ocio est\u00e1 considerado un componente fundamental en la calidad de vida de las personas. Poder disfrutar de un ocio aporta a todas las personas una manera diferente de ver la vida, siempre de forma m\u00e1s positiva y din\u00e1mica. Poder adem\u00e1s, disfrutar de un ocio normalizado e inclusivo es fundamental para que ese ocio sea pleno al 100%. Nuestra entidad tiene un amplio programa de ocio y deporte que ofrece servicios de lo m\u00e1s variados y cuyo \u00fanico objetivo, es que las personas con discapacidad intelectual puedan realizar su proyecto de vida de acuerdo con sus necesidades, gustos y ambiciones.<\/p>\n<div class=\"su-custom-gallery su-custom-gallery-align-left su-custom-gallery-title-never su-lightbox-gallery\"><div class=\"su-custom-gallery-slide\" style=\"width:250px;height:190px\"><a href=\"https:\/\/www.fundacionsancebrian.com\/portal\/wp-content\/uploads\/2018\/05\/23866769608_ac1159cc53_k.jpg\" title=\"\"><img decoding=\"async\" src=\"https:\/\/www.fundacionsancebrian.com\/portal\/wp-content\/uploads\/2018\/05\/23866769608_ac1159cc53_k-250x190.jpg\" alt=\"\" width=\"250\" height=\"190\" \/><\/a><\/div><div class=\"su-custom-gallery-slide\" style=\"width:250px;height:190px\"><a href=\"https:\/\/www.fundacionsancebrian.com\/portal\/wp-content\/uploads\/2018\/05\/27506694731_b5adb7088b_k.jpg\" title=\"\"><img decoding=\"async\" src=\"https:\/\/www.fundacionsancebrian.com\/portal\/wp-content\/uploads\/2018\/05\/27506694731_b5adb7088b_k-250x190.jpg\" alt=\"\" width=\"250\" height=\"190\" \/><\/a><\/div><div class=\"su-custom-gallery-slide\" style=\"width:250px;height:190px\"><a href=\"https:\/\/www.fundacionsancebrian.com\/portal\/wp-content\/uploads\/2018\/05\/32121609200_1a64c79b61_h.jpg\" title=\"\"><img decoding=\"async\" src=\"https:\/\/www.fundacionsancebrian.com\/portal\/wp-content\/uploads\/2018\/05\/32121609200_1a64c79b61_h-250x190.jpg\" alt=\"\" width=\"250\" height=\"190\" \/><\/a><\/div><div class=\"su-custom-gallery-slide\" style=\"width:250px;height:190px\"><a href=\"https:\/\/www.fundacionsancebrian.com\/portal\/wp-content\/uploads\/2018\/05\/37011825444_d9115eb234_k.jpg\" title=\"\"><img loading=\"lazy\" decoding=\"async\" src=\"https:\/\/www.fundacionsancebrian.com\/portal\/wp-content\/uploads\/2018\/05\/37011825444_d9115eb234_k-250x190.jpg\" alt=\"\" width=\"250\" height=\"190\" \/><\/a><\/div><div class=\"su-custom-gallery-slide\" style=\"width:250px;height:190px\"><a href=\"https:\/\/www.fundacionsancebrian.com\/portal\/wp-content\/uploads\/2018\/05\/37602238736_3daebe51b8_k.jpg\" title=\"\"><img loading=\"lazy\" decoding=\"async\" src=\"https:\/\/www.fundacionsancebrian.com\/portal\/wp-content\/uploads\/2018\/05\/37602238736_3daebe51b8_k-250x190.jpg\" alt=\"\" width=\"250\" height=\"190\" \/><\/a><\/div><div class=\"su-custom-gallery-slide\" style=\"width:250px;height:190px\"><a href=\"https:\/\/www.fundacionsancebrian.com\/portal\/wp-content\/uploads\/2018\/05\/40434932661_57d22fd374_h.jpg\" title=\"\"><img loading=\"lazy\" decoding=\"async\" src=\"https:\/\/www.fundacionsancebrian.com\/portal\/wp-content\/uploads\/2018\/05\/40434932661_57d22fd374_h-250x190.jpg\" alt=\"\" width=\"250\" height=\"190\" \/><\/a><\/div><div class=\"su-custom-gallery-slide\" style=\"width:250px;height:190px\"><a href=\"https:\/\/www.fundacionsancebrian.com\/portal\/wp-content\/uploads\/2018\/05\/40826050664_a9fc2d4b18_o.jpg\" title=\"\"><img loading=\"lazy\" decoding=\"async\" src=\"https:\/\/www.fundacionsancebrian.com\/portal\/wp-content\/uploads\/2018\/05\/40826050664_a9fc2d4b18_o-250x190.jpg\" alt=\"\" width=\"250\" height=\"190\" \/><\/a><\/div><div class=\"su-clear\"><\/div><\/div>\n<p>El Grupo Fundaci\u00f3n San Cebri\u00e1n cuenta con un amplio programa de ocio inclusivo para que las personas puedan disfrutar del mismo en entorno normalizados. Cuenta adem\u00e1s, con un programa de ocio \u2018Saliendo por Palencia\u2019 que promueve la participaci\u00f3n en cualquier tipo de actividad que se realice en la ciudad.<\/p>\n<p>Dentro del Programa de Ocio y Deporte, la entidad cuenta con un Club Deportivo federado que cuenta con m\u00e1s de 100 plazas en 14 disciplinas deportivas diferentes. El Club Deportivo San Cebri\u00e1n es el \u00fanico club de la Provincia que trabaja con personas con discapacidad dando respuesta a los deportistas con diferentes necesidades de apoyo, tanto intelectual como f\u00edsico.<\/p>\n<p>&nbsp;<\/p>\n<\/div>\n<\/div><\/div><\/div><\/div><div id=\"pg-647-2\"  class=\"panel-grid panel-has-style\" ><div class=\"siteorigin-panels-stretch panel-row-style panel-row-style-for-647-2\" data-stretch-type=\"full-stretched\" ><div id=\"pgc-647-2-0\"  class=\"panel-grid-cell\" ><div id=\"panel-647-2-0-0\" class=\"so-panel widget widget_sow-editor panel-first-child panel-last-child\" data-index=\"2\" ><div\n\t\t\t\n\t\t\tclass=\"so-widget-sow-editor so-widget-sow-editor-base\"\n\t\t\t\n\t\t>\n<div class=\"siteorigin-widget-tinymce textwidget\">\n\t<h1 style=\"text-align: center;\"><span style=\"color: #000000;\"><a style=\"color: #000000;\" href=\"http:\/\/www.clubdeportivosancebrian.com\/\">Visita la pagina del Club Deportivo aqu\u00ed<\/a><\/span><\/h1>\n<\/div>\n<\/div><\/div><\/div><\/div><\/div><div id=\"pg-647-3\"  class=\"panel-grid panel-no-style\" ><div id=\"pgc-647-3-0\"  class=\"panel-grid-cell\" ><div id=\"panel-647-3-0-0\" class=\"so-panel widget widget_sow-editor panel-first-child panel-last-child\" data-index=\"3\" ><div\n\t\t\t\n\t\t\tclass=\"so-widget-sow-editor so-widget-sow-editor-base\"\n\t\t\t\n\t\t>\n<div class=\"siteorigin-widget-tinymce textwidget\">\n\t<h1>ACTIVIDADES<\/h1>\n<div class=\"su-divider su-divider-style-default\" style=\"margin:0px 0;border-width:1px;border-color:#999999\"><\/div>\n<p>Cuenta con trece disciplinas deportivas entrenando en instalaciones comunitarias y propias:<\/p>\n<ul>\n<li>Baloncesto (masculino, femenino y mixto)<\/li>\n<li>F\u00fatbol sala<\/li>\n<li>Atletismo (masculino y femenino)<\/li>\n<li>Nataci\u00f3n<\/li>\n<li>Golf<\/li>\n<li>P\u00e1del<\/li>\n<li>Pruebas motrices<\/li>\n<li>Petanca<\/li>\n<li>Ski n\u00f3rdico y ski alpino<\/li>\n<li>Raquetas<\/li>\n<li>Bowling<\/li>\n<li>Senderismo<\/li>\n<li>Mountain bike<\/li>\n<li>Tenis de mesa<\/li>\n<\/ul>\n<\/div>\n<\/div><\/div><\/div><div id=\"pgc-647-3-1\"  class=\"panel-grid-cell\" ><div id=\"panel-647-3-1-0\" class=\"so-panel widget widget_sow-editor panel-first-child panel-last-child\" data-index=\"4\" ><div\n\t\t\t\n\t\t\tclass=\"so-widget-sow-editor so-widget-sow-editor-base\"\n\t\t\t\n\t\t>\n<div class=\"siteorigin-widget-tinymce textwidget\">\n\t<h1>TWITTER<\/h1>\n<div class=\"su-divider su-divider-style-default\" style=\"margin:0px 0;border-width:1px;border-color:#999999\"><\/div>\n<p><a class=\"twitter-timeline\" data-height=\"450\" href=\"https:\/\/twitter.com\/CdSanCebrian?ref_src=twsrc%5Etfw\">Tweets by CdSanCebrian<\/a> <script async src=\"https:\/\/platform.twitter.com\/widgets.js\" charset=\"utf-8\"><\/script><\/p>\n<\/div>\n<\/div><\/div><\/div><\/div><div id=\"pg-647-4\"  class=\"panel-grid panel-no-style\" ><div id=\"pgc-647-4-0\"  class=\"panel-grid-cell\" ><div id=\"panel-647-4-0-0\" class=\"so-panel widget widget_sow-editor panel-first-child panel-last-child\" data-index=\"5\" ><div class=\"so-rounded panel-widget-style panel-widget-style-for-647-4-0-0\" ><div\n\t\t\t\n\t\t\tclass=\"so-widget-sow-editor so-widget-sow-editor-base\"\n\t\t\t\n\t\t>\n<div class=\"siteorigin-widget-tinymce textwidget\">\n\t<a href=\"#\" class=\"su-button su-button-style-flat\" style=\"color:#000000;background-color:#ffffff;border-color:#cccccc;border-radius:10px\" target=\"_self\"><span style=\"color:#000000;padding:10px 34px;font-size:25px;line-height:38px;border-color:#ffffff;border-radius:10px;text-shadow:none\"><img decoding=\"async\" src=\"http:\/\/www.fundacionsancebrian.com\/portal\/wp-content\/uploads\/2018\/05\/info.png\" alt=\"\u00bfC\u00f3mo me informo?\" style=\"width:38px;height:38px\" \/> \u00bfC\u00f3mo me informo?<\/span><\/a>\n<hr \/>\n<p>Juan Manuel Amor \/ Esther Alonso<br \/>\n979 15 40 50<br \/>\nocioydeporte@fundacionsancebrian.com<\/p>\n<\/div>\n<\/div><\/div><\/div><\/div><\/div><\/div>","protected":false},"excerpt":{"rendered":"<p>El ocio est\u00e1 considerado un componente fundamental en la calidad de vida de las personas. Poder disfrutar de un ocio aporta a todas las personas una manera diferente de ver la vida, siempre de forma m\u00e1s positiva y din\u00e1mica. Poder adem\u00e1s, disfrutar de un ocio normalizado e inclusivo es fundamental para que ese ocio sea [&hellip;]<\/p>\n","protected":false},"author":2,"featured_media":0,"parent":0,"menu_order":0,"comment_status":"closed","ping_status":"closed","template":"","meta":{"_seopress_robots_primary_cat":"","_seopress_titles_title":"","_seopress_titles_desc":"","_seopress_robots_index":"","_eb_attr":"","footnotes":""},"categories":[],"tags":[],"class_list":["post-647","page","type-page","status-publish","hentry","post"],"_links":{"self":[{"href":"https:\/\/www.fundacionsancebrian.com\/portal\/wp-json\/wp\/v2\/pages\/647","targetHints":{"allow":["GET"]}}],"collection":[{"href":"https:\/\/www.fundacionsancebrian.com\/portal\/wp-json\/wp\/v2\/pages"}],"about":[{"href":"https:\/\/www.fundacionsancebrian.com\/portal\/wp-json\/wp\/v2\/types\/page"}],"author":[{"embeddable":true,"href":"https:\/\/www.fundacionsancebrian.com\/portal\/wp-json\/wp\/v2\/users\/2"}],"replies":[{"embeddable":true,"href":"https:\/\/www.fundacionsancebrian.com\/portal\/wp-json\/wp\/v2\/comments?post=647"}],"version-history":[{"count":38,"href":"https:\/\/www.fundacionsancebrian.com\/portal\/wp-json\/wp\/v2\/pages\/647\/revisions"}],"predecessor-version":[{"id":11662,"href":"https:\/\/www.fundacionsancebrian.com\/portal\/wp-json\/wp\/v2\/pages\/647\/revisions\/11662"}],"wp:attachment":[{"href":"https:\/\/www.fundacionsancebrian.com\/portal\/wp-json\/wp\/v2\/media?parent=647"}],"wp:term":[{"taxonomy":"category","embeddable":true,"href":"https:\/\/www.fundacionsancebrian.com\/portal\/wp-json\/wp\/v2\/categories?post=647"},{"taxonomy":"post_tag","embeddable":true,"href":"https:\/\/www.fundacionsancebrian.com\/portal\/wp-json\/wp\/v2\/tags?post=647"}],"curies":[{"name":"wp","href":"https:\/\/api.w.org\/{rel}","templated":true}]}}