{"id":6857,"date":"2020-07-15T15:57:14","date_gmt":"2020-07-15T13:57:14","guid":{"rendered":"http:\/\/www.fundacionsancebrian.com\/portal\/?page_id=6857"},"modified":"2020-07-20T13:59:31","modified_gmt":"2020-07-20T11:59:31","slug":"jornada-sobre-reglamento-general-de-proteccion-de-datos","status":"publish","type":"page","link":"https:\/\/www.fundacionsancebrian.com\/portal\/jornada-sobre-reglamento-general-de-proteccion-de-datos\/","title":{"rendered":"Jornada sobre Reglamento General de Protecci\u00f3n de Datos"},"content":{"rendered":"<div id=\"pl-6857\"  class=\"panel-layout\" ><div id=\"pg-6857-0\"  class=\"panel-grid panel-no-style\" ><div id=\"pgc-6857-0-0\"  class=\"panel-grid-cell\" ><div id=\"panel-6857-0-0-0\" class=\"so-panel widget widget_sow-editor panel-first-child panel-last-child\" data-index=\"0\" ><div\n\t\t\t\n\t\t\tclass=\"so-widget-sow-editor so-widget-sow-editor-base\"\n\t\t\t\n\t\t>\n<div class=\"siteorigin-widget-tinymce textwidget\">\n\t<div class=\"su-service\"><div class=\"su-service-title\" style=\"padding-left:78px;min-height:64px;line-height:64px\"><img decoding=\"async\" src=\"http:\/\/www.fundacionsancebrian.com\/portal\/wp-content\/uploads\/2018\/05\/info.png\" width=\"64\" height=\"64\" alt=\"Informaci\u00f3n\" style=\"width:64px;height:64px\" \/> Informaci\u00f3n<\/div><div class=\"su-service-content su-u-clearfix su-u-trim\" style=\"padding-left:78px\">A continuaci\u00f3n dejamos a vuestra disposici\u00f3n un documento PDF sobre la protecci\u00f3n de datos y un video con informaci\u00f3n y alg\u00fan ejemplo practico. Cuando hay\u00e1is le\u00eddo el documento PDF deb\u00e9is hacer un peque\u00f1o test.<\/div><\/div>\n<\/div>\n<\/div><\/div><\/div><\/div><div id=\"pg-6857-1\"  class=\"panel-grid panel-no-style\" ><div id=\"pgc-6857-1-0\"  class=\"panel-grid-cell\" ><div id=\"panel-6857-1-0-0\" class=\"so-panel widget widget_sow-editor panel-first-child\" data-index=\"1\" ><div\n\t\t\t\n\t\t\tclass=\"so-widget-sow-editor so-widget-sow-editor-base\"\n\t\t\t\n\t\t>\n<div class=\"siteorigin-widget-tinymce textwidget\">\n\t<p><a href=\"http:\/\/www.fundacionsancebrian.com\/portal\/wp-content\/uploads\/2020\/07\/Manual-de-protecion-de-datos.pdf\"><div class=\"su-service\"><div class=\"su-service-title\" style=\"padding-left:78px;min-height:64px;line-height:64px\"><img decoding=\"async\" src=\"http:\/\/www.fundacionsancebrian.com\/portal\/wp-content\/uploads\/2019\/11\/pdf.png\" width=\"64\" height=\"64\" alt=\"Manual de protecion de datos\" style=\"width:64px;height:64px\" \/> Manual de protecion de datos<\/div><div class=\"su-service-content su-u-clearfix su-u-trim\" style=\"padding-left:78px\"><\/div><\/div><\/a><\/p>\n<\/div>\n<\/div><\/div><div id=\"panel-6857-1-0-1\" class=\"so-panel widget widget_sow-editor panel-last-child\" data-index=\"2\" ><div\n\t\t\t\n\t\t\tclass=\"so-widget-sow-editor so-widget-sow-editor-base\"\n\t\t\t\n\t\t>\n<div class=\"siteorigin-widget-tinymce textwidget\">\n\t<p><a href=\"https:\/\/forms.gle\/68hymW3ApMS2WHVr7\"><div class=\"su-service\"><div class=\"su-service-title\" style=\"padding-left:78px;min-height:64px;line-height:64px\"><img decoding=\"async\" src=\"http:\/\/www.fundacionsancebrian.com\/portal\/wp-content\/uploads\/2020\/07\/formularios-de-google.png\" width=\"64\" height=\"64\" alt=\"Test sobre protecci\u00f3n de datos\" style=\"width:64px;height:64px\" \/> Test sobre protecci\u00f3n de datos<\/div><div class=\"su-service-content su-u-clearfix su-u-trim\" style=\"padding-left:78px\"><\/div><\/div><\/a><\/p>\n<\/div>\n<\/div><\/div><\/div><div id=\"pgc-6857-1-1\"  class=\"panel-grid-cell\" ><div id=\"panel-6857-1-1-0\" class=\"so-panel widget widget_sow-editor panel-first-child panel-last-child\" data-index=\"3\" ><div\n\t\t\t\n\t\t\tclass=\"so-widget-sow-editor so-widget-sow-editor-base\"\n\t\t\t\n\t\t>\n<div class=\"siteorigin-widget-tinymce textwidget\">\n\t<p><iframe width=\"560\" height=\"315\" src=\"https:\/\/www.youtube.com\/embed\/M-7CYFeskBw\" frameborder=\"0\" allow=\"accelerometer; autoplay; encrypted-media; gyroscope; picture-in-picture\" allowfullscreen><\/iframe><\/p>\n<\/div>\n<\/div><\/div><\/div><\/div><\/div>","protected":false},"excerpt":{"rendered":"<p>Informaci\u00f3nA continuaci\u00f3n dejamos a vuestra disposici\u00f3n un documento PDF sobre la protecci\u00f3n de datos y un video con informaci\u00f3n y alg\u00fan ejemplo practico. Cuando hay\u00e1is le\u00eddo el documento PDF deb\u00e9is hacer un peque\u00f1o test. Manual de protecion de datos Test sobre protecci\u00f3n de datos<\/p>\n","protected":false},"author":2,"featured_media":0,"parent":0,"menu_order":0,"comment_status":"closed","ping_status":"closed","template":"","meta":{"_seopress_robots_primary_cat":"","_seopress_titles_title":"","_seopress_titles_desc":"","_seopress_robots_index":"","_eb_attr":"","footnotes":""},"categories":[],"tags":[],"class_list":["post-6857","page","type-page","status-publish","hentry","post"],"_links":{"self":[{"href":"https:\/\/www.fundacionsancebrian.com\/portal\/wp-json\/wp\/v2\/pages\/6857","targetHints":{"allow":["GET"]}}],"collection":[{"href":"https:\/\/www.fundacionsancebrian.com\/portal\/wp-json\/wp\/v2\/pages"}],"about":[{"href":"https:\/\/www.fundacionsancebrian.com\/portal\/wp-json\/wp\/v2\/types\/page"}],"author":[{"embeddable":true,"href":"https:\/\/www.fundacionsancebrian.com\/portal\/wp-json\/wp\/v2\/users\/2"}],"replies":[{"embeddable":true,"href":"https:\/\/www.fundacionsancebrian.com\/portal\/wp-json\/wp\/v2\/comments?post=6857"}],"version-history":[{"count":8,"href":"https:\/\/www.fundacionsancebrian.com\/portal\/wp-json\/wp\/v2\/pages\/6857\/revisions"}],"predecessor-version":[{"id":6878,"href":"https:\/\/www.fundacionsancebrian.com\/portal\/wp-json\/wp\/v2\/pages\/6857\/revisions\/6878"}],"wp:attachment":[{"href":"https:\/\/www.fundacionsancebrian.com\/portal\/wp-json\/wp\/v2\/media?parent=6857"}],"wp:term":[{"taxonomy":"category","embeddable":true,"href":"https:\/\/www.fundacionsancebrian.com\/portal\/wp-json\/wp\/v2\/categories?post=6857"},{"taxonomy":"post_tag","embeddable":true,"href":"https:\/\/www.fundacionsancebrian.com\/portal\/wp-json\/wp\/v2\/tags?post=6857"}],"curies":[{"name":"wp","href":"https:\/\/api.w.org\/{rel}","templated":true}]}}